{"id":12493,"date":"2025-05-30T18:10:34","date_gmt":"2025-05-30T16:10:34","guid":{"rendered":"https:\/\/ksk-dev.eu\/?page_id=12493"},"modified":"2025-05-31T08:28:49","modified_gmt":"2025-05-31T06:28:49","slug":"support-for-transport-companies","status":"publish","type":"page","link":"https:\/\/ksk-dev.eu\/en\/our-rates\/support-for-transport-companies\/","title":{"rendered":"Support for transport companies"},"content":{"rendered":"<div class=\"wp-block-uagb-container uagb-layout-flex uagb-block-b7d9dbc5 alignfull uagb-is-root-container\">\n<h2 class=\"wp-block-heading has-text-align-center has-white-color has-text-color has-link-color wp-elements-67b79c7a291ab0bdf98b7e1d8bdf60bd\">Support for transport companies<\/h2>\n<\/div>\n\n\n\n<div class=\"wp-block-uagb-container uagb-block-425c5fc1 alignfull uagb-is-root-container\"><div class=\"uagb-container-inner-blocks-wrap\">\n<div class=\"wp-block-uagb-container uagb-block-ef2c4177\">\n<div class=\"wp-block-uagb-container uagb-block-7a935940\">\n<h4 class=\"wp-block-heading has-text-align-left\" style=\"line-height:1.4\">Solid, professional defense<\/h4>\n\n\n\n<p style=\"margin-top:0px;margin-bottom:2rem;padding-top:0px;padding-bottom:0px\">PRAVOLEX offers its expertise in insurance law and in helping transport companies manage their claims, in France and the Benelux countries.<\/p>\n\n\n\n<p style=\"margin-top:0px;margin-bottom:2rem;padding-top:0px;padding-bottom:0px\">Our specialist lawyers offer tailor-made solutions, with rigor, competence and a perfect knowledge of the road transport sector.<\/p>\n\n\n\n<p style=\"margin-top:0px;margin-bottom:2rem;padding-top:0px;padding-bottom:0px\">Available and responsive, we support you at every stage, both in amicable negotiations and in court.<\/p>\n\n\n\n<p style=\"margin-top:0px;margin-bottom:2rem;padding-top:0px;padding-bottom:0px\">We work in French, English, Dutch and Russian, to ensure smooth communication with all stakeholders, whatever the context or territory concerned.<\/p>\n\n\n\n<p style=\"margin-top:0px;margin-bottom:2rem;padding-top:0px;padding-bottom:0px\">Entrust us with your cases and benefit from a solid, professional defense!<\/p>\n\n\n\n<p>Our areas of expertise :<\/p>\n\n\n\n<ul style=\"margin-top:0px;margin-right:0px;margin-bottom:0px;margin-left:0px;padding-top:0px;padding-right:0px;padding-bottom:0px;padding-left:0px;line-height:2.2\" class=\"wp-block-list custom-bullet\">\n<li>Comprehensive claims reporting and follow-up (accidents, property damage, collisions);<\/li>\n\n\n\n<li>Direct interface with insurance companies, experts and opposing parties;<\/li>\n\n\n\n<li>Administrative, technical and legal management of files;<\/li>\n\n\n\n<li>Optimizing compensation and settlement times;<\/li>\n\n\n\n<li>Organization of replacement vehicles to limit downtime;<\/li>\n\n\n\n<li>Customized reporting for transparent, regular monitoring;<\/li>\n\n\n\n<li>Risk prevention support.<\/li>\n<\/ul>\n\n\n\n<div class=\"wp-block-uagb-buttons uagb-buttons__outer-wrap uagb-btn__medium-btn uagb-btn-tablet__default-btn uagb-btn-mobile__default-btn uagb-block-ab1f9ec0\"><div class=\"uagb-buttons__wrap uagb-buttons-layout-wrap\">\n<div data-aos= \"zoom-in\" data-aos-duration=\"400\" data-aos-delay=\"0\" data-aos-easing=\"ease\" data-aos-once=\"true\" class=\"wp-block-uagb-buttons-child uagb-buttons__outer-wrap uagb-block-103a6ebf wp-block-button\"><div class=\"uagb-button__wrapper\"><a class=\"uagb-buttons-repeater wp-block-button__link\" aria-label=\"\" href=\"https:\/\/ksk-dev.eu\/en\/contact\/\" rel=\"follow noopener\" target=\"_self\" role=\"button\"><div class=\"uagb-button__link\">Make an appointment<\/div><\/a><\/div><\/div>\n<\/div><\/div>\n<\/div>\n\n\n\n<div class=\"wp-block-uagb-container uagb-block-39ae5c9f\"><\/div>\n<\/div>\n\n\n\n<div class=\"wp-block-uagb-container remove-max-width uagb-block-dbe2b91a default uagb-is-root-container\">\n<div class=\"wp-block-uagb-container uagb-block-764a1e05\">\n<h4 class=\"wp-block-heading has-text-align-left\">Our formula<\/h4>\n<\/div>\n\n\n\n<div class=\"wp-block-uagb-container uagb-block-5725c67c\">\n<div class=\"wp-block-columns custom-bullet is-layout-flex wp-container-core-columns-is-layout-fa727d92 wp-block-columns-is-layout-flex\" style=\"border-top-left-radius:0%;border-top-right-radius:0px;border-bottom-left-radius:0px;border-bottom-right-radius:0px;padding-right:0px;padding-left:0px\">\n<div class=\"wp-block-column has-ast-global-color-8-background-color has-background is-layout-flow wp-block-column-is-layout-flow\" style=\"border-radius:1rem;padding-top:2rem;padding-right:2rem;padding-bottom:2rem;padding-left:2rem;flex-basis:33%\">\n<h5 class=\"wp-block-heading has-text-align-left\"><strong>Consultation<\/strong><\/h5>\n\n\n\n<h5 class=\"wp-block-heading\"><strong>185 \u20ac EXCL. VAT<\/strong>\/hour<\/h5>\n\n\n\n<div class=\"wp-block-uagb-separator uagb-block-7780d50f\"><div class=\"wp-block-uagb-separator__inner\" style=\"--my-background-image:\"><\/div><\/div>\n\n\n\n<div class=\"wp-block-uagb-buttons uagb-buttons__outer-wrap uagb-btn__default-btn uagb-btn-tablet__default-btn uagb-btn-mobile__default-btn uagb-block-067a0a19\"><div class=\"uagb-buttons__wrap uagb-buttons-layout-wrap\">\n<div data-aos= \"zoom-in\" data-aos-duration=\"400\" data-aos-delay=\"0\" data-aos-easing=\"ease\" data-aos-once=\"true\" class=\"wp-block-uagb-buttons-child uagb-buttons__outer-wrap uagb-block-c3e2cbb3 wp-block-button\"><div class=\"uagb-button__wrapper\"><a class=\"uagb-buttons-repeater wp-block-button__link\" aria-label=\"\" href=\"https:\/\/ksk-dev.eu\/en\/contact\/\" rel=\"follow noopener\" target=\"_self\" role=\"button\"><div class=\"uagb-button__link\">Make an appointment<\/div><\/a><\/div><\/div>\n<\/div><\/div>\n<\/div>\n<\/div>\n<\/div>\n<\/div>\n\n\n\n<div class=\"wp-block-uagb-container remove-max-width uagb-block-5fb57aed default uagb-is-root-container\">\n<div class=\"wp-block-uagb-container uagb-block-f04dffef\">\n<h4 class=\"wp-block-heading has-text-align-left\">Our specialist<\/h4>\n<\/div>\n\n\n\n<div class=\"wp-block-uagb-container uagb-block-58de735d\">\n<div class=\"wp-block-uagb-container uagb-block-faf4858a\">\n<div class=\"wp-block-uagb-container uagb-block-f1a5eae3\"><\/div>\n\n\n\n<div class=\"wp-block-uagb-container uagb-block-3ccce434\">\n<div class=\"wp-block-uagb-separator uagb-block-b60b92d1\"><div class=\"wp-block-uagb-separator__inner\" style=\"--my-background-image:\"><\/div><\/div>\n\n\n\n<h5 class=\"wp-block-heading has-text-align-center\">Catherine Dimakuiza<\/h5>\n\n\n\n<div class=\"wp-block-uagb-separator uagb-block-d060c587\"><div class=\"wp-block-uagb-separator__inner\" style=\"--my-background-image:\"><\/div><\/div>\n\n\n\n<p class=\"has-text-align-center\" style=\"font-size:0.9rem\">Lawyer specialized in<br>Insurance and liability law<br>Mobile: +32 493 41 98 68<br>E-mail: info@pravolex.be<\/p>\n\n\n\n<div class=\"wp-block-uagb-buttons uagb-buttons__outer-wrap uagb-btn__default-btn uagb-btn-tablet__default-btn uagb-btn-mobile__default-btn uagb-block-64f05226\"><div class=\"uagb-buttons__wrap uagb-buttons-layout-wrap\">\n<div data-aos= \"zoom-in\" data-aos-duration=\"400\" data-aos-delay=\"0\" data-aos-easing=\"ease\" data-aos-once=\"true\" class=\"wp-block-uagb-buttons-child uagb-buttons__outer-wrap uagb-block-ef2d74d2 wp-block-button\"><div class=\"uagb-button__wrapper\"><a class=\"uagb-buttons-repeater wp-block-button__link\" aria-label=\"\" href=\"https:\/\/ksk-dev.eu\/en\/contact\/\" rel=\"follow noopener\" target=\"_self\" role=\"button\"><div class=\"uagb-button__link\">Make an appointment<\/div><\/a><\/div><\/div>\n<\/div><\/div>\n<\/div>\n<\/div>\n<\/div>\n<\/div>\n<\/div><\/div>\n\n\n\n<p><\/p>","protected":false},"excerpt":{"rendered":"<p>Accompagnement soci\u00e9t\u00e9s de transport D\u00e9fense solide et professionnelle PRAVOLEX vous propose son expertise en droit des assurances et en accompagnement des soci\u00e9t\u00e9s de transport dans la gestion de leurs sinistres, en France et dans le Benelux. Nos avocats sp\u00e9cialis\u00e9s offrent des solutions sur mesure, avec rigueur, comp\u00e9tence et une parfaite connaissance du secteur du transport [&hellip;]<\/p>","protected":false},"author":1,"featured_media":0,"parent":3729,"menu_order":0,"comment_status":"closed","ping_status":"closed","template":"","meta":{"_uag_custom_page_level_css":"","site-sidebar-layout":"no-sidebar","site-content-layout":"plain-container","ast-site-content-layout":"normal-width-container","site-content-style":"unboxed","site-sidebar-style":"unboxed","ast-global-header-display":"","ast-banner-title-visibility":"","ast-main-header-display":"","ast-hfb-above-header-display":"","ast-hfb-below-header-display":"","ast-hfb-mobile-header-display":"","site-post-title":"disabled","ast-breadcrumbs-content":"","ast-featured-img":"disabled","footer-sml-layout":"","ast-disable-related-posts":"","theme-transparent-header-meta":"enabled","adv-header-id-meta":"","stick-header-meta":"","header-above-stick-meta":"","header-main-stick-meta":"","header-below-stick-meta":"","astra-migrate-meta-layouts":"set","ast-page-background-enabled":"default","ast-page-background-meta":{"desktop":{"background-color":"var(--ast-global-color-4)","background-image":"","background-repeat":"repeat","background-position":"center center","background-size":"auto","background-attachment":"scroll","background-type":"","background-media":"","overlay-type":"","overlay-color":"","overlay-opacity":"","overlay-gradient":""},"tablet":{"background-color":"","background-image":"","background-repeat":"repeat","background-position":"center center","background-size":"auto","background-attachment":"scroll","background-type":"","background-media":"","overlay-type":"","overlay-color":"","overlay-opacity":"","overlay-gradient":""},"mobile":{"background-color":"","background-image":"","background-repeat":"repeat","background-position":"center center","background-size":"auto","background-attachment":"scroll","background-type":"","background-media":"","overlay-type":"","overlay-color":"","overlay-opacity":"","overlay-gradient":""}},"ast-content-background-meta":{"desktop":{"background-color":"var(--ast-global-color-5)","background-image":"","background-repeat":"repeat","background-position":"center center","background-size":"auto","background-attachment":"scroll","background-type":"","background-media":"","overlay-type":"","overlay-color":"","overlay-opacity":"","overlay-gradient":""},"tablet":{"background-color":"var(--ast-global-color-5)","background-image":"","background-repeat":"repeat","background-position":"center center","background-size":"auto","background-attachment":"scroll","background-type":"","background-media":"","overlay-type":"","overlay-color":"","overlay-opacity":"","overlay-gradient":""},"mobile":{"background-color":"var(--ast-global-color-5)","background-image":"","background-repeat":"repeat","background-position":"center center","background-size":"auto","background-attachment":"scroll","background-type":"","background-media":"","overlay-type":"","overlay-color":"","overlay-opacity":"","overlay-gradient":""}},"footnotes":""},"class_list":["post-12493","page","type-page","status-publish","hentry"],"featured_image_src":null,"uagb_featured_image_src":{"full":false,"thumbnail":false,"medium":false,"medium_large":false,"large":false,"1536x1536":false,"2048x2048":false,"trp-custom-language-flag":false},"uagb_author_info":{"display_name":"ksenia.kozjanova@hotmail.com","author_link":"https:\/\/ksk-dev.eu\/en\/author\/ksenia-kozjanovahotmail-com\/"},"uagb_comment_info":0,"uagb_excerpt":"Accompagnement soci\u00e9t\u00e9s de transport D\u00e9fense solide et professionnelle PRAVOLEX vous propose son expertise en droit des assurances et en accompagnement des soci\u00e9t\u00e9s de transport dans la gestion de leurs sinistres, en France et dans le Benelux. Nos avocats sp\u00e9cialis\u00e9s offrent des solutions sur mesure, avec rigueur, comp\u00e9tence et une parfaite connaissance du secteur du transport&hellip;","_links":{"self":[{"href":"https:\/\/ksk-dev.eu\/en\/wp-json\/wp\/v2\/pages\/12493","targetHints":{"allow":["GET"]}}],"collection":[{"href":"https:\/\/ksk-dev.eu\/en\/wp-json\/wp\/v2\/pages"}],"about":[{"href":"https:\/\/ksk-dev.eu\/en\/wp-json\/wp\/v2\/types\/page"}],"author":[{"embeddable":true,"href":"https:\/\/ksk-dev.eu\/en\/wp-json\/wp\/v2\/users\/1"}],"replies":[{"embeddable":true,"href":"https:\/\/ksk-dev.eu\/en\/wp-json\/wp\/v2\/comments?post=12493"}],"version-history":[{"count":17,"href":"https:\/\/ksk-dev.eu\/en\/wp-json\/wp\/v2\/pages\/12493\/revisions"}],"predecessor-version":[{"id":12640,"href":"https:\/\/ksk-dev.eu\/en\/wp-json\/wp\/v2\/pages\/12493\/revisions\/12640"}],"up":[{"embeddable":true,"href":"https:\/\/ksk-dev.eu\/en\/wp-json\/wp\/v2\/pages\/3729"}],"wp:attachment":[{"href":"https:\/\/ksk-dev.eu\/en\/wp-json\/wp\/v2\/media?parent=12493"}],"curies":[{"name":"wp","href":"https:\/\/api.w.org\/{rel}","templated":true}]}}