{"id":2463,"date":"2025-03-11T11:41:13","date_gmt":"2025-03-11T11:41:13","guid":{"rendered":"https:\/\/ksk-dev.eu\/?page_id=2463"},"modified":"2025-05-13T13:35:06","modified_gmt":"2025-05-13T11:35:06","slug":"civil-and-family-law","status":"publish","type":"page","link":"https:\/\/ksk-dev.eu\/en\/expertise\/civil-and-family-law\/","title":{"rendered":"Civil and family law"},"content":{"rendered":"<div class=\"wp-block-uagb-container uagb-layout-flex uagb-block-b7d9dbc5 alignfull uagb-is-root-container\">\n<h2 class=\"wp-block-heading has-text-align-center has-ast-global-color-7-color has-text-color has-link-color wp-elements-284ed903144b80d49b17c3889510fdfe\">Civil and family law<\/h2>\n<\/div>\n\n\n\n<div class=\"wp-block-uagb-container uagb-block-425c5fc1 alignfull uagb-is-root-container\"><div class=\"uagb-container-inner-blocks-wrap\">\n<div class=\"wp-block-uagb-container uagb-block-ef2c4177\">\n<div class=\"wp-block-uagb-container uagb-block-7a935940\">\n<div class=\"wp-block-uagb-separator uagb-block-524ea134\"><div class=\"wp-block-uagb-separator__inner\" style=\"--my-background-image:\"><\/div><\/div>\n\n\n\n<h4 class=\"wp-block-heading has-text-align-left\">We assist you in legal proceedings, arbitration, and in the recognition and enforcement of foreign judgments.<\/h4>\n\n\n\n<div class=\"wp-block-uagb-separator uagb-block-bb4e4211\"><div class=\"wp-block-uagb-separator__inner\" style=\"--my-background-image:\"><\/div><\/div>\n\n\n\n<p class=\"has-text-align-left\" style=\"margin-top:0px;margin-bottom:0px;padding-top:0px;padding-bottom:20px;font-style:normal;font-weight:400\">We operate in all aspects of property law and the law of obligations (contractual and non-contractual).<\/p>\n\n\n\n<p class=\"has-text-align-left\" style=\"margin-top:0px;margin-bottom:0px;padding-top:0px;padding-bottom:20px;font-style:normal;font-weight:400\">We have developed expertise in personal status law, including..:<\/p>\n\n\n\n<ul style=\"margin-right:0px;margin-left:0px;line-height:2.2\" class=\"wp-block-list custom-bullet\">\n<li>Change or correction of surname\/first name<\/li>\n\n\n\n<li>Correction and legalization of civil status certificates (marriage contracts, divorce certificates, filiation)<\/li>\n\n\n\n<li>Recognition of foreign authentic instruments<\/li>\n<\/ul>\n\n\n\n<p class=\"has-text-align-left\" style=\"margin-top:0px;margin-bottom:0px;padding-top:0px;padding-bottom:20px;font-style:normal;font-weight:400\">A considerable part of our activity is devoted to advising and managing family disputes with an international connotation. Our lawyers provide assistance in the following areas:<\/p>\n\n\n\n<ul style=\"margin-right:0px;margin-left:0px;line-height:2.2\" class=\"wp-block-list custom-bullet\">\n<li>Marriage of persons of different nationalities (marriage contract, family reunification)<\/li>\n\n\n\n<li>International divorce<\/li>\n\n\n\n<li>Child custody, parentage, alimony and child support<\/li>\n\n\n\n<li>GPA and international adoption<\/li>\n\n\n\n<li>International child abduction<\/li>\n\n\n\n<li>International estates (will searches, acceptance or renunciation formalities, dormant account searches)<\/li>\n<\/ul>\n<\/div>\n\n\n\n<div class=\"wp-block-uagb-container uag-hide-mob uagb-block-39ae5c9f\"><\/div>\n\n\n\n<div class=\"wp-block-uagb-buttons uagb-buttons__outer-wrap uagb-btn__medium-btn uagb-btn-tablet__default-btn uagb-btn-mobile__default-btn uagb-block-ab1f9ec0\"><div class=\"uagb-buttons__wrap uagb-buttons-layout-wrap\">\n<div data-aos= \"zoom-in\" data-aos-duration=\"400\" data-aos-delay=\"0\" data-aos-easing=\"ease\" data-aos-once=\"true\" class=\"wp-block-uagb-buttons-child uagb-buttons__outer-wrap uagb-block-103a6ebf wp-block-button\"><div class=\"uagb-button__wrapper\"><a class=\"uagb-buttons-repeater wp-block-button__link\" aria-label=\"\" href=\"https:\/\/ksk-dev.eu\/en\/contact\/\" rel=\"follow noopener\" target=\"_self\" role=\"button\"><div class=\"uagb-button__link\">Make an appointment<\/div><\/a><\/div><\/div>\n<\/div><\/div>\n<\/div>\n<\/div><\/div>","protected":false},"excerpt":{"rendered":"<p>Droit Civil et Familial Nous vous assistons dans les proc\u00e9dures judiciaires, arbitrages, et dans la reconnaissance et ex\u00e9cution des d\u00e9cisions \u00e9trang\u00e8res Nous op\u00e9rons dans tous les aspects du doit des biens et du droit des obligations (contractuelles et non-contractuelles). Nous avons d\u00e9velopp\u00e9 une expertise en droit de l&rsquo;\u00e9tat des personnes, y compris: Une part consid\u00e9rable [&hellip;]<\/p>","protected":false},"author":1,"featured_media":0,"parent":8,"menu_order":0,"comment_status":"closed","ping_status":"closed","template":"","meta":{"_uag_custom_page_level_css":"","site-sidebar-layout":"no-sidebar","site-content-layout":"plain-container","ast-site-content-layout":"normal-width-container","site-content-style":"unboxed","site-sidebar-style":"unboxed","ast-global-header-display":"","ast-banner-title-visibility":"","ast-main-header-display":"","ast-hfb-above-header-display":"","ast-hfb-below-header-display":"","ast-hfb-mobile-header-display":"","site-post-title":"disabled","ast-breadcrumbs-content":"","ast-featured-img":"disabled","footer-sml-layout":"","ast-disable-related-posts":"","theme-transparent-header-meta":"enabled","adv-header-id-meta":"","stick-header-meta":"","header-above-stick-meta":"","header-main-stick-meta":"","header-below-stick-meta":"","astra-migrate-meta-layouts":"set","ast-page-background-enabled":"default","ast-page-background-meta":{"desktop":{"background-color":"var(--ast-global-color-4)","background-image":"","background-repeat":"repeat","background-position":"center center","background-size":"auto","background-attachment":"scroll","background-type":"","background-media":"","overlay-type":"","overlay-color":"","overlay-opacity":"","overlay-gradient":""},"tablet":{"background-color":"","background-image":"","background-repeat":"repeat","background-position":"center center","background-size":"auto","background-attachment":"scroll","background-type":"","background-media":"","overlay-type":"","overlay-color":"","overlay-opacity":"","overlay-gradient":""},"mobile":{"background-color":"","background-image":"","background-repeat":"repeat","background-position":"center center","background-size":"auto","background-attachment":"scroll","background-type":"","background-media":"","overlay-type":"","overlay-color":"","overlay-opacity":"","overlay-gradient":""}},"ast-content-background-meta":{"desktop":{"background-color":"var(--ast-global-color-5)","background-image":"","background-repeat":"repeat","background-position":"center center","background-size":"auto","background-attachment":"scroll","background-type":"","background-media":"","overlay-type":"","overlay-color":"","overlay-opacity":"","overlay-gradient":""},"tablet":{"background-color":"var(--ast-global-color-5)","background-image":"","background-repeat":"repeat","background-position":"center center","background-size":"auto","background-attachment":"scroll","background-type":"","background-media":"","overlay-type":"","overlay-color":"","overlay-opacity":"","overlay-gradient":""},"mobile":{"background-color":"var(--ast-global-color-5)","background-image":"","background-repeat":"repeat","background-position":"center center","background-size":"auto","background-attachment":"scroll","background-type":"","background-media":"","overlay-type":"","overlay-color":"","overlay-opacity":"","overlay-gradient":""}},"footnotes":""},"class_list":["post-2463","page","type-page","status-publish","hentry"],"featured_image_src":null,"uagb_featured_image_src":{"full":false,"thumbnail":false,"medium":false,"medium_large":false,"large":false,"1536x1536":false,"2048x2048":false,"trp-custom-language-flag":false},"uagb_author_info":{"display_name":"ksenia.kozjanova@hotmail.com","author_link":"https:\/\/ksk-dev.eu\/en\/author\/ksenia-kozjanovahotmail-com\/"},"uagb_comment_info":0,"uagb_excerpt":"Droit Civil et Familial Nous vous assistons dans les proc\u00e9dures judiciaires, arbitrages, et dans la reconnaissance et ex\u00e9cution des d\u00e9cisions \u00e9trang\u00e8res Nous op\u00e9rons dans tous les aspects du doit des biens et du droit des obligations (contractuelles et non-contractuelles). Nous avons d\u00e9velopp\u00e9 une expertise en droit de l&rsquo;\u00e9tat des personnes, y compris: Une part consid\u00e9rable&hellip;","_links":{"self":[{"href":"https:\/\/ksk-dev.eu\/en\/wp-json\/wp\/v2\/pages\/2463","targetHints":{"allow":["GET"]}}],"collection":[{"href":"https:\/\/ksk-dev.eu\/en\/wp-json\/wp\/v2\/pages"}],"about":[{"href":"https:\/\/ksk-dev.eu\/en\/wp-json\/wp\/v2\/types\/page"}],"author":[{"embeddable":true,"href":"https:\/\/ksk-dev.eu\/en\/wp-json\/wp\/v2\/users\/1"}],"replies":[{"embeddable":true,"href":"https:\/\/ksk-dev.eu\/en\/wp-json\/wp\/v2\/comments?post=2463"}],"version-history":[{"count":32,"href":"https:\/\/ksk-dev.eu\/en\/wp-json\/wp\/v2\/pages\/2463\/revisions"}],"predecessor-version":[{"id":10123,"href":"https:\/\/ksk-dev.eu\/en\/wp-json\/wp\/v2\/pages\/2463\/revisions\/10123"}],"up":[{"embeddable":true,"href":"https:\/\/ksk-dev.eu\/en\/wp-json\/wp\/v2\/pages\/8"}],"wp:attachment":[{"href":"https:\/\/ksk-dev.eu\/en\/wp-json\/wp\/v2\/media?parent=2463"}],"curies":[{"name":"wp","href":"https:\/\/api.w.org\/{rel}","templated":true}]}}