{"id":2471,"date":"2025-03-11T11:44:41","date_gmt":"2025-03-11T11:44:41","guid":{"rendered":"https:\/\/ksk-dev.eu\/?page_id=2471"},"modified":"2025-05-13T13:53:52","modified_gmt":"2025-05-13T11:53:52","slug":"companies","status":"publish","type":"page","link":"https:\/\/ksk-dev.eu\/en\/expertise\/companies\/","title":{"rendered":"Corporate law"},"content":{"rendered":"<div class=\"wp-block-uagb-container uagb-layout-flex uagb-block-b7d9dbc5 alignfull uagb-is-root-container\">\n<h2 class=\"wp-block-heading has-text-align-center has-ast-global-color-7-color has-text-color has-link-color wp-elements-e50a117d0bb082cbe457793e1369d992\">Corporate law<\/h2>\n<\/div>\n\n\n\n<div class=\"wp-block-uagb-container uagb-block-425c5fc1 alignfull uagb-is-root-container\"><div class=\"uagb-container-inner-blocks-wrap\">\n<div class=\"wp-block-uagb-container uagb-block-ef2c4177\">\n<div class=\"wp-block-uagb-container uagb-block-7a935940\">\n<div class=\"wp-block-uagb-separator uagb-block-83e14a8c\"><div class=\"wp-block-uagb-separator__inner\" style=\"--my-background-image:\"><\/div><\/div>\n\n\n\n<h4 class=\"wp-block-heading has-text-align-left\">When you decide to set up your own business, many questions arise. We'll be by your side right from the start, helping you to decide on the following points:<\/h4>\n\n\n\n<div class=\"wp-block-uagb-separator uagb-block-345ca385\"><div class=\"wp-block-uagb-separator__inner\" style=\"--my-background-image:\"><\/div><\/div>\n\n\n\n<ul style=\"margin-right:0px;margin-left:0px;line-height:2.2\" class=\"wp-block-list custom-bullet\">\n<li style=\"margin-left:0px\">Are you planning a regulated activity, and what permits are required?<\/li>\n\n\n\n<li style=\"margin-left:0px\">What's the most suitable legal form?<\/li>\n\n\n\n<li style=\"margin-left:0px\">How can I contribute to a company's capital?&nbsp;<\/li>\n<\/ul>\n\n\n\n<p class=\"has-text-align-left\" style=\"margin-top:0px;margin-bottom:0px;padding-top:0px;padding-bottom:0px;font-style:normal;font-weight:400\">Once the company is up and running, we support you in your activities with the following services:<\/p>\n\n\n\n<ul style=\"margin-right:0px;margin-left:0px;line-height:2.2\" class=\"wp-block-list custom-bullet\">\n<li>Drafting of articles of association and compliance with the new Company Code;<\/li>\n\n\n\n<li>Keeping minutes of general meetings, boards of directors and other bodies;<\/li>\n\n\n\n<li>Assistance with negotiations;<\/li>\n\n\n\n<li>Check the solvency and reliability of your business partners;<\/li>\n\n\n\n<li>Drawing up and amending contracts with business partners;<\/li>\n\n\n\n<li>Registration of trademarks, patents and domain names;<\/li>\n\n\n\n<li>Check availability of a trademark or logo.<\/li>\n<\/ul>\n\n\n\n<p class=\"has-text-align-left\" style=\"margin-top:0px;margin-bottom:0px;padding-top:0px;padding-bottom:0px;font-style:normal;font-weight:400\">Further development and growth of the company also require the assistance of a lawyer. Here are some examples:<\/p>\n\n\n\n<ul style=\"margin-right:0px;margin-left:0px;line-height:2.2\" class=\"wp-block-list custom-bullet\">\n<li>Capital increase;<\/li>\n\n\n\n<li>Acquisition of shares in the capital of a third-party company;<\/li>\n\n\n\n<li>Coordination of bank loans and associated guarantees;<\/li>\n\n\n\n<li>Restructuring, sale or acquisition of business areas;<\/li>\n\n\n\n<li>Collective redundancies or contractual transfer of personnel.<\/li>\n<\/ul>\n\n\n\n<p class=\"has-text-align-left\" style=\"margin-top:0px;margin-bottom:0px;padding-top:0px;padding-bottom:20px;font-style:normal;font-weight:400\">Our lawyers will help you with all the problems and questions that arise in your company's activities.<\/p>\n\n\n\n<p class=\"has-text-align-left\" style=\"margin-top:0px;margin-bottom:0px;padding-top:0px;padding-bottom:20px;font-style:normal;font-weight:400\">The safest solution is to prevent potential risks: we suggest you carry out a legal assessment of the company to prevent any potential problems.<\/p>\n\n\n\n<p class=\"has-text-align-left\" style=\"margin-top:0px;margin-bottom:0px;padding-top:0px;padding-bottom:20px;font-style:normal;font-weight:400\">For corporate clients, we offer a subscription service for comprehensive legal support.<\/p>\n\n\n\n<div class=\"wp-block-uagb-separator uagb-block-99cb016f\"><div class=\"wp-block-uagb-separator__inner\" style=\"--my-background-image:\"><\/div><\/div>\n\n\n\n<h4 class=\"wp-block-heading has-text-align-left\">Lawyers on secondment<\/h4>\n\n\n\n<div class=\"wp-block-uagb-separator uagb-block-b9bfda75\"><div class=\"wp-block-uagb-separator__inner\" style=\"--my-background-image:\"><\/div><\/div>\n\n\n\n<p class=\"has-text-align-left\" style=\"margin-top:0px;margin-bottom:0px;padding-top:0px;padding-bottom:20px;font-style:normal;font-weight:400\">Does your company need the services of an in-house lawyer on an occasional or regular basis?<\/p>\n\n\n\n<p class=\"has-text-align-left\" style=\"margin-top:0px;margin-bottom:0px;padding-top:0px;padding-bottom:20px;font-style:normal;font-weight:400\">PRAVOLEX lawyers offer in-house secondment services and can perform the following work:<\/p>\n\n\n\n<ul style=\"margin-right:0px;margin-left:0px;line-height:2.2\" class=\"wp-block-list custom-bullet\">\n<li>Drafting and maintenance of corporate documents;<\/li>\n\n\n\n<li>Drafting of general terms and conditions, privacy policies, etc;<\/li>\n\n\n\n<li>RGPD audit;<\/li>\n\n\n\n<li>Labor law audits, compliance of contracts, regulations and employee files.<\/li>\n<\/ul>\n\n\n\n<p class=\"has-text-align-left\" style=\"margin-top:0px;margin-bottom:0px;padding-top:0px;padding-bottom:20px;font-style:normal;font-weight:400\">This secondment respects the values of the profession: professional secrecy, conflicts of interest and independence.<\/p>\n<\/div>\n\n\n\n<div class=\"wp-block-uagb-container uag-hide-mob uagb-block-39ae5c9f\"><\/div>\n\n\n\n<div class=\"wp-block-uagb-buttons uagb-buttons__outer-wrap uagb-btn__medium-btn uagb-btn-tablet__default-btn uagb-btn-mobile__default-btn uagb-block-ab1f9ec0\"><div class=\"uagb-buttons__wrap uagb-buttons-layout-wrap\">\n<div data-aos= \"zoom-in\" data-aos-duration=\"400\" data-aos-delay=\"0\" data-aos-easing=\"ease\" data-aos-once=\"true\" class=\"wp-block-uagb-buttons-child uagb-buttons__outer-wrap uagb-block-103a6ebf wp-block-button\"><div class=\"uagb-button__wrapper\"><a class=\"uagb-buttons-repeater wp-block-button__link\" aria-label=\"\" href=\"https:\/\/ksk-dev.eu\/en\/contact\/\" rel=\"follow noopener\" target=\"_self\" role=\"button\"><div class=\"uagb-button__link\">Make an appointment<\/div><\/a><\/div><\/div>\n<\/div><\/div>\n<\/div>\n<\/div><\/div>","protected":false},"excerpt":{"rendered":"<p>Entreprises Lorsque vous d\u00e9cidez de cr\u00e9er votre propre entreprise,&nbsp;de nombreuses questions se posent. Nous serons \u00e0 vos c\u00f4t\u00e9s d\u00e8s le d\u00e9marrage de votre entreprise et vous aiderons \u00e0 d\u00e9cider des points suivants : Apr\u00e8s l&rsquo;ouverture de la soci\u00e9t\u00e9,&nbsp;nous vous accompagnons dans vos activit\u00e9s au travers les services suivants : La poursuite du d\u00e9veloppement et la [&hellip;]<\/p>","protected":false},"author":1,"featured_media":0,"parent":8,"menu_order":0,"comment_status":"closed","ping_status":"closed","template":"","meta":{"_uag_custom_page_level_css":"","site-sidebar-layout":"no-sidebar","site-content-layout":"plain-container","ast-site-content-layout":"normal-width-container","site-content-style":"unboxed","site-sidebar-style":"unboxed","ast-global-header-display":"","ast-banner-title-visibility":"","ast-main-header-display":"","ast-hfb-above-header-display":"","ast-hfb-below-header-display":"","ast-hfb-mobile-header-display":"","site-post-title":"disabled","ast-breadcrumbs-content":"","ast-featured-img":"disabled","footer-sml-layout":"","ast-disable-related-posts":"","theme-transparent-header-meta":"enabled","adv-header-id-meta":"","stick-header-meta":"","header-above-stick-meta":"","header-main-stick-meta":"","header-below-stick-meta":"","astra-migrate-meta-layouts":"set","ast-page-background-enabled":"default","ast-page-background-meta":{"desktop":{"background-color":"var(--ast-global-color-4)","background-image":"","background-repeat":"repeat","background-position":"center center","background-size":"auto","background-attachment":"scroll","background-type":"","background-media":"","overlay-type":"","overlay-color":"","overlay-opacity":"","overlay-gradient":""},"tablet":{"background-color":"","background-image":"","background-repeat":"repeat","background-position":"center center","background-size":"auto","background-attachment":"scroll","background-type":"","background-media":"","overlay-type":"","overlay-color":"","overlay-opacity":"","overlay-gradient":""},"mobile":{"background-color":"","background-image":"","background-repeat":"repeat","background-position":"center center","background-size":"auto","background-attachment":"scroll","background-type":"","background-media":"","overlay-type":"","overlay-color":"","overlay-opacity":"","overlay-gradient":""}},"ast-content-background-meta":{"desktop":{"background-color":"var(--ast-global-color-5)","background-image":"","background-repeat":"repeat","background-position":"center center","background-size":"auto","background-attachment":"scroll","background-type":"","background-media":"","overlay-type":"","overlay-color":"","overlay-opacity":"","overlay-gradient":""},"tablet":{"background-color":"var(--ast-global-color-5)","background-image":"","background-repeat":"repeat","background-position":"center center","background-size":"auto","background-attachment":"scroll","background-type":"","background-media":"","overlay-type":"","overlay-color":"","overlay-opacity":"","overlay-gradient":""},"mobile":{"background-color":"var(--ast-global-color-5)","background-image":"","background-repeat":"repeat","background-position":"center center","background-size":"auto","background-attachment":"scroll","background-type":"","background-media":"","overlay-type":"","overlay-color":"","overlay-opacity":"","overlay-gradient":""}},"footnotes":""},"class_list":["post-2471","page","type-page","status-publish","hentry"],"featured_image_src":null,"uagb_featured_image_src":{"full":false,"thumbnail":false,"medium":false,"medium_large":false,"large":false,"1536x1536":false,"2048x2048":false,"trp-custom-language-flag":false},"uagb_author_info":{"display_name":"ksenia.kozjanova@hotmail.com","author_link":"https:\/\/ksk-dev.eu\/en\/author\/ksenia-kozjanovahotmail-com\/"},"uagb_comment_info":0,"uagb_excerpt":"Entreprises Lorsque vous d\u00e9cidez de cr\u00e9er votre propre entreprise,&nbsp;de nombreuses questions se posent. Nous serons \u00e0 vos c\u00f4t\u00e9s d\u00e8s le d\u00e9marrage de votre entreprise et vous aiderons \u00e0 d\u00e9cider des points suivants : Apr\u00e8s l&rsquo;ouverture de la soci\u00e9t\u00e9,&nbsp;nous vous accompagnons dans vos activit\u00e9s au travers les services suivants : La poursuite du d\u00e9veloppement et la&hellip;","_links":{"self":[{"href":"https:\/\/ksk-dev.eu\/en\/wp-json\/wp\/v2\/pages\/2471","targetHints":{"allow":["GET"]}}],"collection":[{"href":"https:\/\/ksk-dev.eu\/en\/wp-json\/wp\/v2\/pages"}],"about":[{"href":"https:\/\/ksk-dev.eu\/en\/wp-json\/wp\/v2\/types\/page"}],"author":[{"embeddable":true,"href":"https:\/\/ksk-dev.eu\/en\/wp-json\/wp\/v2\/users\/1"}],"replies":[{"embeddable":true,"href":"https:\/\/ksk-dev.eu\/en\/wp-json\/wp\/v2\/comments?post=2471"}],"version-history":[{"count":43,"href":"https:\/\/ksk-dev.eu\/en\/wp-json\/wp\/v2\/pages\/2471\/revisions"}],"predecessor-version":[{"id":10430,"href":"https:\/\/ksk-dev.eu\/en\/wp-json\/wp\/v2\/pages\/2471\/revisions\/10430"}],"up":[{"embeddable":true,"href":"https:\/\/ksk-dev.eu\/en\/wp-json\/wp\/v2\/pages\/8"}],"wp:attachment":[{"href":"https:\/\/ksk-dev.eu\/en\/wp-json\/wp\/v2\/media?parent=2471"}],"curies":[{"name":"wp","href":"https:\/\/api.w.org\/{rel}","templated":true}]}}