{"id":2477,"date":"2025-03-11T11:46:46","date_gmt":"2025-03-11T11:46:46","guid":{"rendered":"https:\/\/ksk-dev.eu\/?page_id=2477"},"modified":"2025-05-13T14:06:03","modified_gmt":"2025-05-13T12:06:03","slug":"penal","status":"publish","type":"page","link":"https:\/\/ksk-dev.eu\/en\/expertise\/penal\/","title":{"rendered":"Criminal law"},"content":{"rendered":"<div class=\"wp-block-uagb-container uagb-layout-flex uagb-block-b7d9dbc5 alignfull uagb-is-root-container\">\n<h2 class=\"wp-block-heading has-text-align-center has-ast-global-color-7-color has-text-color has-link-color wp-elements-69fab1e9883cc8944ad738007c30a250\">Criminal law<\/h2>\n<\/div>\n\n\n\n<div class=\"wp-block-uagb-container uagb-block-425c5fc1 alignfull uagb-is-root-container\"><div class=\"uagb-container-inner-blocks-wrap\">\n<div class=\"wp-block-uagb-container uagb-block-ef2c4177\">\n<div class=\"wp-block-uagb-container uagb-block-7a935940\">\n<div class=\"wp-block-uagb-separator uagb-block-c125fb57\"><div class=\"wp-block-uagb-separator__inner\" style=\"--my-background-image:\"><\/div><\/div>\n\n\n\n<h4 class=\"wp-block-heading has-text-align-left\">Pravolex lawyers have many years' experience in criminal matters\u00a0<\/h4>\n\n\n\n<div class=\"wp-block-uagb-separator uagb-block-9f7062a0\"><div class=\"wp-block-uagb-separator__inner\" style=\"--my-background-image:\"><\/div><\/div>\n\n\n\n<p class=\"has-text-align-left\" style=\"margin-top:0px;margin-bottom:0px;padding-top:0px;padding-bottom:20px;font-style:normal;font-weight:400\">We represent our customers throughout Belgium, as well as in France, Luxembourg and the Netherlands.<\/p>\n\n\n\n<p class=\"has-text-align-left\" style=\"margin-top:0px;margin-bottom:0px;padding-top:0px;font-style:normal;font-weight:400\">We offer the following services:<\/p>\n\n\n\n<ul style=\"margin-right:0px;margin-left:0px;line-height:2.2\" class=\"wp-block-list custom-bullet\">\n<li>Defense of interests in criminal proceedings;<\/li>\n\n\n\n<li>Launching a civil action in the context of criminal proceedings;<\/li>\n\n\n\n<li>Assistance with auditions;<\/li>\n\n\n\n<li>Rehabilitation;<\/li>\n\n\n\n<li>Release of property seizures;<\/li>\n\n\n\n<li>Deletion of data from Interpol;<\/li>\n\n\n\n<li>Applications to the ECHR;<\/li>\n\n\n\n<li>Extradition.<\/li>\n<\/ul>\n\n\n\n<p class=\"has-text-align-left\" style=\"margin-top:0px;margin-bottom:0px;padding-top:0px;padding-bottom:20px;font-style:normal;font-weight:400\">If you become the victim of a crime or if criminal proceedings are brought against you, contact us.<\/p>\n<\/div>\n\n\n\n<div class=\"wp-block-uagb-container uag-hide-mob uagb-block-39ae5c9f\"><\/div>\n\n\n\n<div class=\"wp-block-uagb-buttons uagb-buttons__outer-wrap uagb-btn__medium-btn uagb-btn-tablet__default-btn uagb-btn-mobile__default-btn uagb-block-ab1f9ec0\"><div class=\"uagb-buttons__wrap uagb-buttons-layout-wrap\">\n<div data-aos= \"zoom-in\" data-aos-duration=\"400\" data-aos-delay=\"0\" data-aos-easing=\"ease\" data-aos-once=\"true\" class=\"wp-block-uagb-buttons-child uagb-buttons__outer-wrap uagb-block-103a6ebf wp-block-button\"><div class=\"uagb-button__wrapper\"><a class=\"uagb-buttons-repeater wp-block-button__link\" aria-label=\"\" href=\"https:\/\/ksk-dev.eu\/en\/contact\/\" rel=\"follow noopener\" target=\"_self\" role=\"button\"><div class=\"uagb-button__link\">Make an appointment<\/div><\/a><\/div><\/div>\n<\/div><\/div>\n<\/div>\n<\/div><\/div>","protected":false},"excerpt":{"rendered":"<p>P\u00e9nal Les avocats de Pravolex ont de nombreuses ann\u00e9es d&rsquo;exp\u00e9rience en mati\u00e8re p\u00e9nale\u00a0 Nous d\u00e9fendons nos clients dans toute la Belgique, ainsi qu&rsquo;en France, au Luxembourg et aux Pays-Bas. Nous proposons les services suivants: Si vous devenez victime d&rsquo;un crime ou si des poursuites p\u00e9nales sont engag\u00e9es contre vous, contactez-nous.<\/p>","protected":false},"author":1,"featured_media":0,"parent":8,"menu_order":0,"comment_status":"closed","ping_status":"closed","template":"","meta":{"_uag_custom_page_level_css":"","site-sidebar-layout":"no-sidebar","site-content-layout":"plain-container","ast-site-content-layout":"normal-width-container","site-content-style":"unboxed","site-sidebar-style":"unboxed","ast-global-header-display":"","ast-banner-title-visibility":"","ast-main-header-display":"","ast-hfb-above-header-display":"","ast-hfb-below-header-display":"","ast-hfb-mobile-header-display":"","site-post-title":"disabled","ast-breadcrumbs-content":"","ast-featured-img":"disabled","footer-sml-layout":"","ast-disable-related-posts":"","theme-transparent-header-meta":"enabled","adv-header-id-meta":"","stick-header-meta":"","header-above-stick-meta":"","header-main-stick-meta":"","header-below-stick-meta":"","astra-migrate-meta-layouts":"set","ast-page-background-enabled":"default","ast-page-background-meta":{"desktop":{"background-color":"var(--ast-global-color-4)","background-image":"","background-repeat":"repeat","background-position":"center center","background-size":"auto","background-attachment":"scroll","background-type":"","background-media":"","overlay-type":"","overlay-color":"","overlay-opacity":"","overlay-gradient":""},"tablet":{"background-color":"","background-image":"","background-repeat":"repeat","background-position":"center center","background-size":"auto","background-attachment":"scroll","background-type":"","background-media":"","overlay-type":"","overlay-color":"","overlay-opacity":"","overlay-gradient":""},"mobile":{"background-color":"","background-image":"","background-repeat":"repeat","background-position":"center center","background-size":"auto","background-attachment":"scroll","background-type":"","background-media":"","overlay-type":"","overlay-color":"","overlay-opacity":"","overlay-gradient":""}},"ast-content-background-meta":{"desktop":{"background-color":"var(--ast-global-color-5)","background-image":"","background-repeat":"repeat","background-position":"center center","background-size":"auto","background-attachment":"scroll","background-type":"","background-media":"","overlay-type":"","overlay-color":"","overlay-opacity":"","overlay-gradient":""},"tablet":{"background-color":"var(--ast-global-color-5)","background-image":"","background-repeat":"repeat","background-position":"center center","background-size":"auto","background-attachment":"scroll","background-type":"","background-media":"","overlay-type":"","overlay-color":"","overlay-opacity":"","overlay-gradient":""},"mobile":{"background-color":"var(--ast-global-color-5)","background-image":"","background-repeat":"repeat","background-position":"center center","background-size":"auto","background-attachment":"scroll","background-type":"","background-media":"","overlay-type":"","overlay-color":"","overlay-opacity":"","overlay-gradient":""}},"footnotes":""},"class_list":["post-2477","page","type-page","status-publish","hentry"],"featured_image_src":null,"uagb_featured_image_src":{"full":false,"thumbnail":false,"medium":false,"medium_large":false,"large":false,"1536x1536":false,"2048x2048":false,"trp-custom-language-flag":false},"uagb_author_info":{"display_name":"ksenia.kozjanova@hotmail.com","author_link":"https:\/\/ksk-dev.eu\/en\/author\/ksenia-kozjanovahotmail-com\/"},"uagb_comment_info":0,"uagb_excerpt":"P\u00e9nal Les avocats de Pravolex ont de nombreuses ann\u00e9es d&rsquo;exp\u00e9rience en mati\u00e8re p\u00e9nale\u00a0 Nous d\u00e9fendons nos clients dans toute la Belgique, ainsi qu&rsquo;en France, au Luxembourg et aux Pays-Bas. Nous proposons les services suivants: Si vous devenez victime d&rsquo;un crime ou si des poursuites p\u00e9nales sont engag\u00e9es contre vous, contactez-nous.","_links":{"self":[{"href":"https:\/\/ksk-dev.eu\/en\/wp-json\/wp\/v2\/pages\/2477","targetHints":{"allow":["GET"]}}],"collection":[{"href":"https:\/\/ksk-dev.eu\/en\/wp-json\/wp\/v2\/pages"}],"about":[{"href":"https:\/\/ksk-dev.eu\/en\/wp-json\/wp\/v2\/types\/page"}],"author":[{"embeddable":true,"href":"https:\/\/ksk-dev.eu\/en\/wp-json\/wp\/v2\/users\/1"}],"replies":[{"embeddable":true,"href":"https:\/\/ksk-dev.eu\/en\/wp-json\/wp\/v2\/comments?post=2477"}],"version-history":[{"count":21,"href":"https:\/\/ksk-dev.eu\/en\/wp-json\/wp\/v2\/pages\/2477\/revisions"}],"predecessor-version":[{"id":10136,"href":"https:\/\/ksk-dev.eu\/en\/wp-json\/wp\/v2\/pages\/2477\/revisions\/10136"}],"up":[{"embeddable":true,"href":"https:\/\/ksk-dev.eu\/en\/wp-json\/wp\/v2\/pages\/8"}],"wp:attachment":[{"href":"https:\/\/ksk-dev.eu\/en\/wp-json\/wp\/v2\/media?parent=2477"}],"curies":[{"name":"wp","href":"https:\/\/api.w.org\/{rel}","templated":true}]}}