{"id":7412,"date":"2025-04-14T12:37:19","date_gmt":"2025-04-14T12:37:19","guid":{"rendered":"https:\/\/ksk-dev.eu\/?page_id=7412"},"modified":"2025-05-13T12:58:55","modified_gmt":"2025-05-13T10:58:55","slug":"cv-anna-sussarova","status":"publish","type":"page","link":"https:\/\/ksk-dev.eu\/en\/cv-anna-sussarova\/","title":{"rendered":"CV &#8211; Anna Sussarova"},"content":{"rendered":"<div class=\"wp-block-uagb-container cv_intro_container uagb-layout-flex uagb-block-b7d9dbc5 alignfull uagb-is-root-container\">\n<div class=\"wp-block-uagb-container uagb-block-0e35b454\">\n<div class=\"wp-block-uagb-container uagb-block-3b09dc3d\">\n<div class=\"wp-block-uagb-container uagb-block-d6fcc8cf\"><\/div>\n\n\n\n<div class=\"wp-block-uagb-container uagb-block-e454b704\">\n<h2 class=\"wp-block-heading has-ast-global-color-7-color has-text-color has-link-color wp-elements-68b606e46230547d4788f39030443a21\">Anna Sussarova<\/h2>\n\n\n\n<p class=\"has-ast-global-color-7-color has-text-color has-link-color wp-elements-073a73b6fcae97c5dff33d5804e9a94c\">Arbitration - Public and Private International Law - Business Law - Criminal Law - Immigration<\/p>\n\n\n\n<p class=\"has-ast-global-color-7-color has-text-color has-link-color wp-elements-4fe9020801b6e2e8f7ad04ef0af81fbf\">Lawyer at the French-speaking bar in Brussels with over 10 years' experience.<br>International arbitration practice in English, French and Russian.<\/p>\n\n\n\n<div class=\"wp-block-uagb-separator uagb-block-6f4784fb\"><div class=\"uagb-separator-spacing-wrapper\"><div class=\"wp-block-uagb-separator__inner\" style=\"--my-background-image:\"><\/div><\/div><\/div>\n\n\n\n<p class=\"has-ast-global-color-5-color has-text-color has-link-color wp-elements-0652219f6a74cfd755d2b20e978182b7\" style=\"margin-top:0px;margin-bottom:0px\"><strong>Email: info@pravolex.be<\/strong><\/p>\n\n\n\n<p class=\"has-ast-global-color-5-color has-text-color has-link-color wp-elements-b3dd1052557a8fbbbaedfa3d932e4487\" style=\"margin-top:0px;margin-bottom:0px\"><strong>Mobile: +32 493 41 98 68<\/strong><\/p>\n<\/div>\n<\/div>\n<\/div>\n\n\n\n<div class=\"wp-block-uagb-container uagb-block-1bd207f7\">\n<div class=\"wp-block-uagb-container uagb-block-a54e7b54 alignfull uagb-is-root-container\"><div class=\"uagb-container-inner-blocks-wrap\">\n<h4 class=\"wp-block-heading has-ast-global-color-2-color has-text-color has-link-color wp-elements-08e9740a8e0ab6deb12b6519572775e6\">Professional background<\/h4>\n\n\n\n<p class=\"has-text-align-left has-ast-global-color-3-color has-text-color has-link-color wp-elements-9599e23c909895c11ae8516054b7db58\">Anna Sussarova practices international arbitration, both ad hoc and institutional. She has extensive experience in public and private international law, business law, contract law, construction, commercial litigation, immigration, white collar crime and IT.&nbsp;<br><br>Anna Sussarova graduated magna cum laude with a law degree from the<a href=\"https:\/\/uclouvain.be\/fr\/index.html\" target=\"_blank\" rel=\"noreferrer noopener\">Catholic University of Louvain<\/a>&nbsp;in 2008 and was sworn in&nbsp;<a href=\"https:\/\/www.barreaubruxelles.be\/\" target=\"_blank\" rel=\"noreferrer noopener\">member of the Brussels Bar<\/a>&nbsp;the same year. She also studied in the United Kingdom at&nbsp;<a href=\"https:\/\/www.qub.ac.uk\/\" target=\"_blank\" rel=\"noreferrer noopener\">Queen's University Belfast<\/a>to perfect your language skills and learn about the British legal system.&nbsp;<br><br>Anna Sussarova also studied international arbitration in Paris, at&nbsp;<a href=\"https:\/\/www.uvsq.fr\/\" target=\"_blank\" rel=\"noreferrer noopener\">University of Versailles Saint-Quentin-en-Yvelines<\/a>&nbsp;and practices international arbitration in French, Russian and English.<br><br>Anna has worked in various law firms, while developing her own practice.&nbsp;<br>Anna is Belgian-Kazakh of Russian origin. She lived and completed her secondary education in Kazakhstan. She then moved to Belgium, where she continued her education.<br>By profile, she handles cases with international connotations, specializes in private international law and practices international arbitration.<br>\u200b&nbsp;<br>She uses her language skills (French, Russian and English) and her knowledge of Slavic, Kazakh, Belgian and French culture to offer European clients legal support in the countries of the former USSR. Conversely, she assists companies in Eastern Europe with their European projects.<br>&nbsp;<br>Anna Sussarova is Honorary Consul of Kazakhstan in Belgium, and is committed to developing bilateral relations between Belgium and Kazakhstan.<\/p>\n<\/div><\/div>\n<\/div>\n\n\n\n<div class=\"wp-block-uagb-container uagb-block-b7b2e796 alignfull uagb-is-root-container\"><div class=\"uagb-container-inner-blocks-wrap\">\n<div class=\"wp-block-uagb-container uagb-block-d01025f8\">\n<h4 class=\"wp-block-heading\">Our other specialists<\/h4>\n\n\n\n<div class=\"wp-block-uagb-container uagb-block-cf345c93 alignfull uagb-is-root-container\">\n<div class=\"wp-block-uagb-container uagb-block-1987c3a2\">\n<div class=\"wp-block-uagb-container uagb-block-78d36bf7\">\n<div class=\"wp-block-uagb-container membercard_photo uagb-block-921de996\"><a class=\"spectra-container-link-overlay\" rel=\"noopener\" href=\"https:\/\/ksk-dev.eu\/en\/cv-anna-kolesnikova-2\/\"> <\/a><\/div>\n\n\n\n<h5 class=\"wp-block-heading has-text-align-center has-ast-global-color-0-color has-text-color has-link-color wp-elements-85e963a9ec910ab33e2a2f82bed256fd\" style=\"font-size:1.1rem\">Anna Kolesnikova<\/h5>\n\n\n\n<p class=\"has-text-align-center has-ast-global-color-1-color has-text-color has-link-color wp-elements-434aa0724946c8ef4aeaa162c0261c55\" style=\"margin-top:0px;margin-bottom:0px;font-size:1rem;font-style:normal;font-weight:400\"><a href=\"https:\/\/ksk-dev.eu\/en\/cv-anna-kolesnikova\/\" data-type=\"page\" data-id=\"7613\">see profile<\/a> \u25b8<\/p>\n<\/div>\n\n\n\n<div class=\"wp-block-uagb-container uagb-block-6d00c2de\">\n<div class=\"wp-block-uagb-container membercard_photo uagb-block-408da649\"><a class=\"spectra-container-link-overlay\" rel=\"noopener\" href=\"https:\/\/ksk-dev.eu\/en\/cv-anna-kolesnikova\/\"> <\/a><\/div>\n\n\n\n<h5 class=\"wp-block-heading has-text-align-center has-ast-global-color-0-color has-text-color has-link-color wp-elements-10aab2cef458ef1f8c3170c85296cda5\" style=\"font-size:1.1rem\">Catherine Dimakuiza<\/h5>\n\n\n\n<p class=\"has-text-align-center has-ast-global-color-1-color has-text-color has-link-color wp-elements-e8391a0b45bdaddcff36fd01231c33c8\" style=\"margin-top:0px;margin-bottom:0px;font-size:1rem;font-style:normal;font-weight:400\"><a href=\"https:\/\/ksk-dev.eu\/en\/cv-anna-kolesnikova\/\" data-type=\"page\" data-id=\"7609\"><\/a><a href=\"https:\/\/ksk-dev.eu\/en\/cv-catherine-dimakuiza\/\" data-type=\"page\" data-id=\"7609\">see profile<\/a> \u25b8<\/p>\n<\/div>\n\n\n\n<div class=\"wp-block-uagb-container uagb-block-4ff49676\">\n<div class=\"wp-block-uagb-container member_photo uagb-block-7140196a\"><\/div>\n\n\n\n<h5 class=\"wp-block-heading has-text-align-center has-ast-global-color-0-color has-text-color has-link-color wp-elements-162abfc3135fc271fc81661a892e2469\" style=\"font-size:1.1rem\">Maria Rousi<\/h5>\n\n\n\n<p class=\"has-text-align-center has-ast-global-color-1-color has-text-color has-link-color wp-elements-8acd3a89551fcf760adb6eaa2dd42593\" style=\"margin-top:0px;margin-bottom:0px;font-size:1rem;font-style:normal;font-weight:400\"><a href=\"https:\/\/ksk-dev.eu\/en\/cv-maria-rousi\/\" data-type=\"page\" data-id=\"7611\">see profile<\/a> \u25b8<\/p>\n<\/div>\n<\/div>\n<\/div>\n<\/div>\n<\/div><\/div>\n<\/div>","protected":false},"excerpt":{"rendered":"<p>Anna Sussarova Arbitrage &#8211; Droit International Public et Priv\u00e9 &#8211; &nbsp;Droit des affaires &#8211; Droit p\u00e9nal &#8211; Immigration Avocate au barreau francophone de Bruxelles de plus de 10 ans d&rsquo;exp\u00e9rience.Pratique de l\u2019arbitrage international en anglais, fran\u00e7ais et russe. Email: info@pravolex.be Mobile: +32 493 41 98 68 A Propos Anna Sussarova pratique l\u2019arbitrage international, tant ad [&hellip;]<\/p>","protected":false},"author":1,"featured_media":0,"parent":0,"menu_order":0,"comment_status":"closed","ping_status":"closed","template":"","meta":{"_uag_custom_page_level_css":"","site-sidebar-layout":"no-sidebar","site-content-layout":"plain-container","ast-site-content-layout":"normal-width-container","site-content-style":"unboxed","site-sidebar-style":"unboxed","ast-global-header-display":"","ast-banner-title-visibility":"","ast-main-header-display":"","ast-hfb-above-header-display":"","ast-hfb-below-header-display":"","ast-hfb-mobile-header-display":"","site-post-title":"disabled","ast-breadcrumbs-content":"","ast-featured-img":"disabled","footer-sml-layout":"","ast-disable-related-posts":"","theme-transparent-header-meta":"enabled","adv-header-id-meta":"","stick-header-meta":"","header-above-stick-meta":"","header-main-stick-meta":"","header-below-stick-meta":"","astra-migrate-meta-layouts":"set","ast-page-background-enabled":"default","ast-page-background-meta":{"desktop":{"background-color":"var(--ast-global-color-4)","background-image":"","background-repeat":"repeat","background-position":"center center","background-size":"auto","background-attachment":"scroll","background-type":"","background-media":"","overlay-type":"","overlay-color":"","overlay-opacity":"","overlay-gradient":""},"tablet":{"background-color":"","background-image":"","background-repeat":"repeat","background-position":"center center","background-size":"auto","background-attachment":"scroll","background-type":"","background-media":"","overlay-type":"","overlay-color":"","overlay-opacity":"","overlay-gradient":""},"mobile":{"background-color":"","background-image":"","background-repeat":"repeat","background-position":"center center","background-size":"auto","background-attachment":"scroll","background-type":"","background-media":"","overlay-type":"","overlay-color":"","overlay-opacity":"","overlay-gradient":""}},"ast-content-background-meta":{"desktop":{"background-color":"var(--ast-global-color-5)","background-image":"","background-repeat":"repeat","background-position":"center center","background-size":"auto","background-attachment":"scroll","background-type":"","background-media":"","overlay-type":"","overlay-color":"","overlay-opacity":"","overlay-gradient":""},"tablet":{"background-color":"var(--ast-global-color-5)","background-image":"","background-repeat":"repeat","background-position":"center center","background-size":"auto","background-attachment":"scroll","background-type":"","background-media":"","overlay-type":"","overlay-color":"","overlay-opacity":"","overlay-gradient":""},"mobile":{"background-color":"var(--ast-global-color-5)","background-image":"","background-repeat":"repeat","background-position":"center center","background-size":"auto","background-attachment":"scroll","background-type":"","background-media":"","overlay-type":"","overlay-color":"","overlay-opacity":"","overlay-gradient":""}},"footnotes":""},"class_list":["post-7412","page","type-page","status-publish","hentry"],"featured_image_src":null,"uagb_featured_image_src":{"full":false,"thumbnail":false,"medium":false,"medium_large":false,"large":false,"1536x1536":false,"2048x2048":false,"trp-custom-language-flag":false},"uagb_author_info":{"display_name":"ksenia.kozjanova@hotmail.com","author_link":"https:\/\/ksk-dev.eu\/en\/author\/ksenia-kozjanovahotmail-com\/"},"uagb_comment_info":0,"uagb_excerpt":"Anna Sussarova Arbitrage &#8211; Droit International Public et Priv\u00e9 &#8211; &nbsp;Droit des affaires &#8211; Droit p\u00e9nal &#8211; Immigration Avocate au barreau francophone de Bruxelles de plus de 10 ans d&rsquo;exp\u00e9rience.Pratique de l\u2019arbitrage international en anglais, fran\u00e7ais et russe. Email: info@pravolex.be Mobile: +32 493 41 98 68 A Propos Anna Sussarova pratique l\u2019arbitrage international, tant ad&hellip;","_links":{"self":[{"href":"https:\/\/ksk-dev.eu\/en\/wp-json\/wp\/v2\/pages\/7412","targetHints":{"allow":["GET"]}}],"collection":[{"href":"https:\/\/ksk-dev.eu\/en\/wp-json\/wp\/v2\/pages"}],"about":[{"href":"https:\/\/ksk-dev.eu\/en\/wp-json\/wp\/v2\/types\/page"}],"author":[{"embeddable":true,"href":"https:\/\/ksk-dev.eu\/en\/wp-json\/wp\/v2\/users\/1"}],"replies":[{"embeddable":true,"href":"https:\/\/ksk-dev.eu\/en\/wp-json\/wp\/v2\/comments?post=7412"}],"version-history":[{"count":232,"href":"https:\/\/ksk-dev.eu\/en\/wp-json\/wp\/v2\/pages\/7412\/revisions"}],"predecessor-version":[{"id":10932,"href":"https:\/\/ksk-dev.eu\/en\/wp-json\/wp\/v2\/pages\/7412\/revisions\/10932"}],"wp:attachment":[{"href":"https:\/\/ksk-dev.eu\/en\/wp-json\/wp\/v2\/media?parent=7412"}],"curies":[{"name":"wp","href":"https:\/\/api.w.org\/{rel}","templated":true}]}}