{"id":7613,"date":"2025-04-15T08:27:45","date_gmt":"2025-04-15T08:27:45","guid":{"rendered":"https:\/\/ksk-dev.eu\/?page_id=7613"},"modified":"2025-05-13T12:59:15","modified_gmt":"2025-05-13T10:59:15","slug":"cv-anna-kolesnikova","status":"publish","type":"page","link":"https:\/\/ksk-dev.eu\/en\/cv-anna-kolesnikova\/","title":{"rendered":"CV - Anna Kolesnikova"},"content":{"rendered":"<div class=\"wp-block-uagb-container cv_intro_container uagb-layout-flex uagb-block-b7d9dbc5 alignfull uagb-is-root-container\">\n<div class=\"wp-block-uagb-container uagb-block-0e35b454\">\n<div class=\"wp-block-uagb-container uagb-block-3b09dc3d\">\n<div class=\"wp-block-uagb-container uagb-block-d6fcc8cf\"><\/div>\n\n\n\n<div class=\"wp-block-uagb-container uagb-block-e454b704\">\n<h2 class=\"wp-block-heading has-ast-global-color-7-color has-text-color has-link-color wp-elements-3562d24cc977b39b010a8bd0d05f0941\">Anna Kolesnikova<\/h2>\n\n\n\n<p class=\"has-ast-global-color-7-color has-text-color has-link-color wp-elements-e354d99f1334be6f60d0eae18daf7829\" style=\"margin-top:0px;margin-bottom:20px\">Criminal law - Business law - Immigration - Family law<\/p>\n\n\n\n<p class=\"has-ast-global-color-7-color has-text-color has-link-color wp-elements-09a69316f238e7b3267e5b57efeeb3fe\" style=\"margin-top:0px;margin-bottom:0px\">Member of the Dutch-speaking bar in Brussels.<\/p>\n\n\n\n<p class=\"has-ast-global-color-7-color has-text-color has-link-color wp-elements-4ab743c81d0bbb8ec9548308db777c06\" style=\"margin-top:0px;margin-bottom:0px\">Master's degree in law in Belgium and Master's degree in law in Russia.<\/p>\n\n\n\n<div class=\"wp-block-uagb-separator uagb-block-6f4784fb\"><div class=\"uagb-separator-spacing-wrapper\"><div class=\"wp-block-uagb-separator__inner\" style=\"--my-background-image:\"><\/div><\/div><\/div>\n\n\n\n<p class=\"has-ast-global-color-5-color has-text-color has-link-color wp-elements-0652219f6a74cfd755d2b20e978182b7\" style=\"margin-top:0px;margin-bottom:0px\"><strong>Email: info@pravolex.be<\/strong><\/p>\n\n\n\n<p class=\"has-ast-global-color-5-color has-text-color has-link-color wp-elements-b3dd1052557a8fbbbaedfa3d932e4487\" style=\"margin-top:0px;margin-bottom:0px\"><strong>Mobile: +32 493 41 98 68<\/strong><\/p>\n<\/div>\n<\/div>\n<\/div>\n\n\n\n<div class=\"wp-block-uagb-container uagb-block-1bd207f7\">\n<div class=\"wp-block-uagb-container uagb-block-a54e7b54 alignfull uagb-is-root-container\"><div class=\"uagb-container-inner-blocks-wrap\">\n<h4 class=\"wp-block-heading has-ast-global-color-2-color has-text-color has-link-color wp-elements-08e9740a8e0ab6deb12b6519572775e6\">Professional background<\/h4>\n\n\n\n<p class=\"has-text-align-left has-ast-global-color-3-color has-text-color has-link-color wp-elements-33e5b60ea8e57090508256ebecb7ed4b\">Anna Kolesnikova is a qualified lawyer with the<a href=\"https:\/\/www.kubsu.ru\/en\/node\/24748\" target=\"_blank\" rel=\"noreferrer noopener\">Kuban State University<\/a>&nbsp;(Russian Federation) and also obtained his law degree with honors from the&nbsp;<a href=\"https:\/\/www.kuleuven.be\/kuleuven\/\" target=\"_blank\" rel=\"noreferrer noopener\">KU Leuven<\/a>&nbsp;(Belgium).<br>\u200b<br>Anna practiced in the Russian Federation as a corporate lawyer and was head of the legal department of a major private real estate company. In this role, she gained extensive experience in handling cases before the commercial courts.&nbsp;<br>&nbsp;<br>She then immigrated to Belgium where, after graduating from KU Leuven, she joined the Dutch-speaking Bar in Brussels, where she has practiced as a lawyer for many years.<br>\u200b<br>As a result, Anna has knowledge and experience not only of Belgian law, but also of Russian law, enabling her to manage complex international projects.<br>\u200b<br>She is a member of the Board of Directors of the<a href=\"http:\/\/www.iarl.pro\/\" target=\"_blank\" rel=\"noreferrer noopener\">International Association of Russian Speaking Lawyers<\/a><a href=\"http:\/\/www.iarl.pro\/\" target=\"_blank\" rel=\"noreferrer noopener\">This has enabled it to develop a strong worldwide network to meet customers' needs for legal support in different countries.<\/a><br>\u200b<br>Anna works in Russian, Dutch and English and mainly deals with the following subjects:&nbsp;<\/p>\n\n\n\n<ul style=\"margin-top:0px;margin-bottom:0px;margin-left:7%;line-height:1.7\" class=\"wp-block-list\">\n<li style=\"margin-bottom:1.5rem\">Roulage (legal defense, victim assistance, damage assessment)<\/li>\n\n\n\n<li style=\"margin-bottom:1.5rem\">Criminal law and procedure (international cases, extradition, Interpol, economic crime)<\/li>\n\n\n\n<li style=\"margin-bottom:1.5rem\">Immigration (business immigration, family reunification, student visas, nationality, regularization of residence)<\/li>\n\n\n\n<li style=\"margin-bottom:1.5rem\">Family law (divorce, alimony, child custody, adoption, recognition of children, parentage, marriage contracts, international child abduction)<\/li>\n\n\n\n<li style=\"margin-bottom:1.5rem\">Inheritance (international successions, management of inheritance disputes)<\/li>\n\n\n\n<li style=\"margin-bottom:1.5rem\">&nbsp;Real estate (purchase, sale, rental of real estate and real rights (easements, emphyteusis, etc.) : : consultations and management of disputes)<\/li>\n\n\n\n<li style=\"margin-bottom:1.5rem\">Labor relations (hiring workers (including foreign workers (expats, cross-border commuters etc.)), drafting contracts, dismissals, managing disputes);<\/li>\n\n\n\n<li style=\"margin-bottom:1.5rem\">Commercial law (commercial contracts, arbitration, trade practices, distribution, debt collection, new technologies, intellectual property rights);<\/li>\n\n\n\n<li style=\"margin-bottom:1.5rem\">Corporate law (incorporation of Belgian and international companies and non-profit associations, Belgian foundations, registration of subsidiaries in Belgium, legal assistance with authorities, liquidation, bankruptcy)<\/li>\n\n\n\n<li style=\"margin-bottom:1.5rem\">&nbsp;Civil law (contracts, securities, civil and contractual liability)<\/li>\n<\/ul>\n<\/div><\/div>\n<\/div>\n\n\n\n<div class=\"wp-block-uagb-container uagb-block-b7b2e796 alignfull uagb-is-root-container\"><div class=\"uagb-container-inner-blocks-wrap\">\n<div class=\"wp-block-uagb-container uagb-block-d01025f8\">\n<h4 class=\"wp-block-heading\">Our other specialists<\/h4>\n\n\n\n<div class=\"wp-block-uagb-container uagb-block-cf345c93 alignfull uagb-is-root-container\">\n<div class=\"wp-block-uagb-container uagb-block-1987c3a2\">\n<div class=\"wp-block-uagb-container uagb-block-78d36bf7\">\n<div class=\"wp-block-uagb-container membercard_photo uagb-block-921de996\"><a class=\"spectra-container-link-overlay\" rel=\"noopener\" href=\"https:\/\/ksk-dev.eu\/en\/cv-anna-sussarova\/\"> <\/a><\/div>\n\n\n\n<h5 class=\"wp-block-heading has-text-align-center has-ast-global-color-0-color has-text-color has-link-color wp-elements-3cf16ba8829753db52e8b90cde6d3abb\" style=\"font-size:1.1rem\">Anna Sussarova<\/h5>\n\n\n\n<p class=\"has-text-align-center has-ast-global-color-1-color has-text-color has-link-color wp-elements-d4a83b51d61bce8346d6e700f6007547\" style=\"margin-top:0px;margin-bottom:0px;font-size:1rem;font-style:normal;font-weight:400\"><a href=\"https:\/\/ksk-dev.eu\/en\/cv-anna-sussarova\/\" data-type=\"page\" data-id=\"7412\">see profile<\/a> \u25b8<\/p>\n<\/div>\n\n\n\n<div class=\"wp-block-uagb-container uagb-block-6d00c2de\">\n<div class=\"wp-block-uagb-container membercard_photo uagb-block-408da649\"><a class=\"spectra-container-link-overlay\" rel=\"noopener\" href=\"https:\/\/ksk-dev.eu\/en\/cv-anna-kolesnikova\/\"> <\/a><\/div>\n\n\n\n<h5 class=\"wp-block-heading has-text-align-center has-ast-global-color-0-color has-text-color has-link-color wp-elements-10aab2cef458ef1f8c3170c85296cda5\" style=\"font-size:1.1rem\">Catherine Dimakuiza<\/h5>\n\n\n\n<p class=\"has-text-align-center has-ast-global-color-1-color has-text-color has-link-color wp-elements-e8391a0b45bdaddcff36fd01231c33c8\" style=\"margin-top:0px;margin-bottom:0px;font-size:1rem;font-style:normal;font-weight:400\"><a href=\"https:\/\/ksk-dev.eu\/en\/cv-anna-kolesnikova\/\" data-type=\"page\" data-id=\"7609\"><\/a><a href=\"https:\/\/ksk-dev.eu\/en\/cv-catherine-dimakuiza\/\" data-type=\"page\" data-id=\"7609\">see profile<\/a> \u25b8<\/p>\n<\/div>\n\n\n\n<div class=\"wp-block-uagb-container uagb-block-4ff49676\">\n<div class=\"wp-block-uagb-container member_photo uagb-block-7140196a\"><\/div>\n\n\n\n<h5 class=\"wp-block-heading has-text-align-center has-ast-global-color-0-color has-text-color has-link-color wp-elements-162abfc3135fc271fc81661a892e2469\" style=\"font-size:1.1rem\">Maria Rousi<\/h5>\n\n\n\n<p class=\"has-text-align-center has-ast-global-color-1-color has-text-color has-link-color wp-elements-80c6fed0444473bd656973c6ac30f06d\" style=\"margin-top:0px;margin-bottom:0px;font-size:1rem;font-style:normal;font-weight:400\"><a href=\"https:\/\/ksk-dev.eu\/en\/cv-maria-rousi\/\" data-type=\"page\" data-id=\"7611\">see profile<\/a> \u25b8<\/p>\n<\/div>\n<\/div>\n<\/div>\n<\/div>\n<\/div><\/div>\n<\/div>","protected":false},"excerpt":{"rendered":"<p>Anna Kolesnikova Droit p\u00e9nal &#8211; Droit des affaires &#8211; &nbsp;Immigration &#8211; Droit de la famille Avocate au barreau n\u00e9erlandophone de Bruxelles. Titulaire d&rsquo;un master en droit en Belgique et d&rsquo;un master en droit en Russie. Email: info@pravolex.be Mobile: +32 493 41 98 68 A Propos Anna Kolesnikova est juriste qualifi\u00e9e de l&rsquo;Universit\u00e9 d&rsquo;\u00c9tat de Kuban&nbsp;(F\u00e9d\u00e9ration [&hellip;]<\/p>","protected":false},"author":1,"featured_media":0,"parent":0,"menu_order":0,"comment_status":"closed","ping_status":"closed","template":"","meta":{"_uag_custom_page_level_css":"","site-sidebar-layout":"no-sidebar","site-content-layout":"plain-container","ast-site-content-layout":"normal-width-container","site-content-style":"unboxed","site-sidebar-style":"unboxed","ast-global-header-display":"","ast-banner-title-visibility":"","ast-main-header-display":"","ast-hfb-above-header-display":"","ast-hfb-below-header-display":"","ast-hfb-mobile-header-display":"","site-post-title":"disabled","ast-breadcrumbs-content":"","ast-featured-img":"disabled","footer-sml-layout":"","ast-disable-related-posts":"","theme-transparent-header-meta":"enabled","adv-header-id-meta":"","stick-header-meta":"","header-above-stick-meta":"","header-main-stick-meta":"","header-below-stick-meta":"","astra-migrate-meta-layouts":"set","ast-page-background-enabled":"default","ast-page-background-meta":{"desktop":{"background-color":"var(--ast-global-color-4)","background-image":"","background-repeat":"repeat","background-position":"center center","background-size":"auto","background-attachment":"scroll","background-type":"","background-media":"","overlay-type":"","overlay-color":"","overlay-opacity":"","overlay-gradient":""},"tablet":{"background-color":"","background-image":"","background-repeat":"repeat","background-position":"center center","background-size":"auto","background-attachment":"scroll","background-type":"","background-media":"","overlay-type":"","overlay-color":"","overlay-opacity":"","overlay-gradient":""},"mobile":{"background-color":"","background-image":"","background-repeat":"repeat","background-position":"center center","background-size":"auto","background-attachment":"scroll","background-type":"","background-media":"","overlay-type":"","overlay-color":"","overlay-opacity":"","overlay-gradient":""}},"ast-content-background-meta":{"desktop":{"background-color":"var(--ast-global-color-5)","background-image":"","background-repeat":"repeat","background-position":"center center","background-size":"auto","background-attachment":"scroll","background-type":"","background-media":"","overlay-type":"","overlay-color":"","overlay-opacity":"","overlay-gradient":""},"tablet":{"background-color":"var(--ast-global-color-5)","background-image":"","background-repeat":"repeat","background-position":"center center","background-size":"auto","background-attachment":"scroll","background-type":"","background-media":"","overlay-type":"","overlay-color":"","overlay-opacity":"","overlay-gradient":""},"mobile":{"background-color":"var(--ast-global-color-5)","background-image":"","background-repeat":"repeat","background-position":"center center","background-size":"auto","background-attachment":"scroll","background-type":"","background-media":"","overlay-type":"","overlay-color":"","overlay-opacity":"","overlay-gradient":""}},"footnotes":""},"class_list":["post-7613","page","type-page","status-publish","hentry"],"featured_image_src":null,"uagb_featured_image_src":{"full":false,"thumbnail":false,"medium":false,"medium_large":false,"large":false,"1536x1536":false,"2048x2048":false,"trp-custom-language-flag":false},"uagb_author_info":{"display_name":"ksenia.kozjanova@hotmail.com","author_link":"https:\/\/ksk-dev.eu\/en\/author\/ksenia-kozjanovahotmail-com\/"},"uagb_comment_info":0,"uagb_excerpt":"Anna Kolesnikova Droit p\u00e9nal &#8211; Droit des affaires &#8211; &nbsp;Immigration &#8211; Droit de la famille Avocate au barreau n\u00e9erlandophone de Bruxelles. Titulaire d&rsquo;un master en droit en Belgique et d&rsquo;un master en droit en Russie. Email: info@pravolex.be Mobile: +32 493 41 98 68 A Propos Anna Kolesnikova est juriste qualifi\u00e9e de l&rsquo;Universit\u00e9 d&rsquo;\u00c9tat de Kuban&nbsp;(F\u00e9d\u00e9ration&hellip;","_links":{"self":[{"href":"https:\/\/ksk-dev.eu\/en\/wp-json\/wp\/v2\/pages\/7613","targetHints":{"allow":["GET"]}}],"collection":[{"href":"https:\/\/ksk-dev.eu\/en\/wp-json\/wp\/v2\/pages"}],"about":[{"href":"https:\/\/ksk-dev.eu\/en\/wp-json\/wp\/v2\/types\/page"}],"author":[{"embeddable":true,"href":"https:\/\/ksk-dev.eu\/en\/wp-json\/wp\/v2\/users\/1"}],"replies":[{"embeddable":true,"href":"https:\/\/ksk-dev.eu\/en\/wp-json\/wp\/v2\/comments?post=7613"}],"version-history":[{"count":57,"href":"https:\/\/ksk-dev.eu\/en\/wp-json\/wp\/v2\/pages\/7613\/revisions"}],"predecessor-version":[{"id":10934,"href":"https:\/\/ksk-dev.eu\/en\/wp-json\/wp\/v2\/pages\/7613\/revisions\/10934"}],"wp:attachment":[{"href":"https:\/\/ksk-dev.eu\/en\/wp-json\/wp\/v2\/media?parent=7613"}],"curies":[{"name":"wp","href":"https:\/\/api.w.org\/{rel}","templated":true}]}}