{"id":8946,"date":"2025-04-24T02:44:48","date_gmt":"2025-04-24T02:44:48","guid":{"rendered":"https:\/\/ksk-dev.eu\/?page_id=8946"},"modified":"2025-05-31T07:57:47","modified_gmt":"2025-05-31T05:57:47","slug":"road-traffic","status":"publish","type":"page","link":"https:\/\/ksk-dev.eu\/en\/expertise\/road-traffic\/","title":{"rendered":"Road traffic"},"content":{"rendered":"<div class=\"wp-block-uagb-container uagb-layout-flex uagb-block-b7d9dbc5 alignfull uagb-is-root-container\">\n<h2 class=\"wp-block-heading has-text-align-center has-ast-global-color-7-color has-text-color has-link-color wp-elements-b3cc437af57b640e6e3f3ad9c328d351\">Road traffic<\/h2>\n<\/div>\n\n\n\n<div class=\"wp-block-uagb-container uagb-block-425c5fc1 alignfull uagb-is-root-container\"><div class=\"uagb-container-inner-blocks-wrap\">\n<div class=\"wp-block-uagb-container custom-bullet uagb-block-ef2c4177\">\n<div class=\"wp-block-uagb-container uagb-block-7a935940\">\n<div class=\"wp-block-uagb-separator uagb-block-74babe49\"><div class=\"wp-block-uagb-separator__inner\" style=\"--my-background-image:\"><\/div><\/div>\n\n\n\n<h4 class=\"wp-block-heading has-text-align-left\">Defending and supporting perpetrators and victims<\/h4>\n\n\n\n<div class=\"wp-block-uagb-separator uagb-block-af9f5ad5\"><div class=\"wp-block-uagb-separator__inner\" style=\"--my-background-image:\"><\/div><\/div>\n\n\n\n<p class=\"has-text-align-left\" style=\"margin-top:0px;padding-top:0px;padding-bottom:0px;font-style:normal;font-weight:400\">Whether you are the victim of or responsible for a road accident, it is essential to be accompanied by an experienced lawyer to defend your rights effectively. Our lawyers can assist you in all matters relating to road accidents in the Benelux countries and worldwide.<\/p>\n\n\n\n<p>Thanks to our language skills in French, Dutch, English and Russian, we can guarantee you a comprehensive service tailored to your needs, whatever your geographical location.<\/p>\n\n\n\n<ul style=\"margin-right:0px;margin-left:0px;padding-right:0px;padding-left:0px\" class=\"wp-block-list\">\n<li class=\"cutom-bullet\" style=\"padding-bottom:1em\"><strong>Full accident assistance :<\/strong> drafting complaints, contacting insurance companies, managing technical expertise;<\/li>\n\n\n\n<li class=\"cutom-bullet\" style=\"padding-bottom:1em\"><strong>Participation in medical appraisals :<\/strong> defending the victim's interests during amicable or legal expert appraisals;<\/li>\n\n\n\n<li class=\"cutom-bullet\" style=\"padding-bottom:1em\"><strong>Compensation for weak users :<\/strong> pedestrians, cyclists, passengers - even in cases of partial fault;<\/li>\n\n\n\n<li class=\"cutom-bullet\" style=\"padding-bottom:1em\"><strong>Criminal defense :<\/strong> speeding, alcohol, hit-and-run, driving without insurance;<\/li>\n\n\n\n<li class=\"cutom-bullet\" style=\"padding-bottom:1em\"><strong>Insurance management :<\/strong> Auto liability, omnium, legal protection.<\/li>\n<\/ul>\n<\/div>\n\n\n\n<div class=\"wp-block-uagb-container uag-hide-mob uagb-block-39ae5c9f\"><\/div>\n\n\n\n<div class=\"wp-block-uagb-buttons uagb-buttons__outer-wrap uagb-btn__medium-btn uagb-btn-tablet__default-btn uagb-btn-mobile__default-btn uagb-block-ab1f9ec0\"><div class=\"uagb-buttons__wrap uagb-buttons-layout-wrap\">\n<div data-aos= \"zoom-in\" data-aos-duration=\"400\" data-aos-delay=\"0\" data-aos-easing=\"ease\" data-aos-once=\"true\" class=\"wp-block-uagb-buttons-child uagb-buttons__outer-wrap uagb-block-103a6ebf wp-block-button\"><div class=\"uagb-button__wrapper\"><a class=\"uagb-buttons-repeater wp-block-button__link\" aria-label=\"\" href=\"https:\/\/ksk-dev.eu\/en\/contact\/\" rel=\"follow noopener\" target=\"_self\" role=\"button\"><div class=\"uagb-button__link\">Make an appointment<\/div><\/a><\/div><\/div>\n<\/div><\/div>\n<\/div>\n<\/div><\/div>","protected":false},"excerpt":{"rendered":"<p>Circulation routi\u00e8re D\u00e9fense &amp; accompagnement des auteurs et victimes Victime ou responsable d&rsquo;un accident de la route, il est essentiel d\u2019\u00eatre accompagn\u00e9 par un avocat exp\u00e9riment\u00e9 pour d\u00e9fendre vos droits efficacement. Nos avocats vous accompagnent dans toutes les d\u00e9marches li\u00e9es aux accidents de circulation dans le Benelux et dans le monde. Gr\u00e2ce \u00e0 nos comp\u00e9tences [&hellip;]<\/p>","protected":false},"author":1,"featured_media":0,"parent":8,"menu_order":0,"comment_status":"closed","ping_status":"closed","template":"","meta":{"_uag_custom_page_level_css":"","site-sidebar-layout":"no-sidebar","site-content-layout":"plain-container","ast-site-content-layout":"normal-width-container","site-content-style":"unboxed","site-sidebar-style":"unboxed","ast-global-header-display":"","ast-banner-title-visibility":"","ast-main-header-display":"","ast-hfb-above-header-display":"","ast-hfb-below-header-display":"","ast-hfb-mobile-header-display":"","site-post-title":"disabled","ast-breadcrumbs-content":"","ast-featured-img":"disabled","footer-sml-layout":"","ast-disable-related-posts":"","theme-transparent-header-meta":"enabled","adv-header-id-meta":"","stick-header-meta":"","header-above-stick-meta":"","header-main-stick-meta":"","header-below-stick-meta":"","astra-migrate-meta-layouts":"set","ast-page-background-enabled":"default","ast-page-background-meta":{"desktop":{"background-color":"var(--ast-global-color-4)","background-image":"","background-repeat":"repeat","background-position":"center center","background-size":"auto","background-attachment":"scroll","background-type":"","background-media":"","overlay-type":"","overlay-color":"","overlay-opacity":"","overlay-gradient":""},"tablet":{"background-color":"","background-image":"","background-repeat":"repeat","background-position":"center center","background-size":"auto","background-attachment":"scroll","background-type":"","background-media":"","overlay-type":"","overlay-color":"","overlay-opacity":"","overlay-gradient":""},"mobile":{"background-color":"","background-image":"","background-repeat":"repeat","background-position":"center center","background-size":"auto","background-attachment":"scroll","background-type":"","background-media":"","overlay-type":"","overlay-color":"","overlay-opacity":"","overlay-gradient":""}},"ast-content-background-meta":{"desktop":{"background-color":"var(--ast-global-color-5)","background-image":"","background-repeat":"repeat","background-position":"center center","background-size":"auto","background-attachment":"scroll","background-type":"","background-media":"","overlay-type":"","overlay-color":"","overlay-opacity":"","overlay-gradient":""},"tablet":{"background-color":"var(--ast-global-color-5)","background-image":"","background-repeat":"repeat","background-position":"center center","background-size":"auto","background-attachment":"scroll","background-type":"","background-media":"","overlay-type":"","overlay-color":"","overlay-opacity":"","overlay-gradient":""},"mobile":{"background-color":"var(--ast-global-color-5)","background-image":"","background-repeat":"repeat","background-position":"center center","background-size":"auto","background-attachment":"scroll","background-type":"","background-media":"","overlay-type":"","overlay-color":"","overlay-opacity":"","overlay-gradient":""}},"footnotes":""},"class_list":["post-8946","page","type-page","status-publish","hentry"],"featured_image_src":null,"uagb_featured_image_src":{"full":false,"thumbnail":false,"medium":false,"medium_large":false,"large":false,"1536x1536":false,"2048x2048":false,"trp-custom-language-flag":false},"uagb_author_info":{"display_name":"ksenia.kozjanova@hotmail.com","author_link":"https:\/\/ksk-dev.eu\/en\/author\/ksenia-kozjanovahotmail-com\/"},"uagb_comment_info":0,"uagb_excerpt":"Circulation routi\u00e8re D\u00e9fense &amp; accompagnement des auteurs et victimes Victime ou responsable d&rsquo;un accident de la route, il est essentiel d\u2019\u00eatre accompagn\u00e9 par un avocat exp\u00e9riment\u00e9 pour d\u00e9fendre vos droits efficacement. Nos avocats vous accompagnent dans toutes les d\u00e9marches li\u00e9es aux accidents de circulation dans le Benelux et dans le monde. Gr\u00e2ce \u00e0 nos comp\u00e9tences&hellip;","_links":{"self":[{"href":"https:\/\/ksk-dev.eu\/en\/wp-json\/wp\/v2\/pages\/8946","targetHints":{"allow":["GET"]}}],"collection":[{"href":"https:\/\/ksk-dev.eu\/en\/wp-json\/wp\/v2\/pages"}],"about":[{"href":"https:\/\/ksk-dev.eu\/en\/wp-json\/wp\/v2\/types\/page"}],"author":[{"embeddable":true,"href":"https:\/\/ksk-dev.eu\/en\/wp-json\/wp\/v2\/users\/1"}],"replies":[{"embeddable":true,"href":"https:\/\/ksk-dev.eu\/en\/wp-json\/wp\/v2\/comments?post=8946"}],"version-history":[{"count":43,"href":"https:\/\/ksk-dev.eu\/en\/wp-json\/wp\/v2\/pages\/8946\/revisions"}],"predecessor-version":[{"id":12390,"href":"https:\/\/ksk-dev.eu\/en\/wp-json\/wp\/v2\/pages\/8946\/revisions\/12390"}],"up":[{"embeddable":true,"href":"https:\/\/ksk-dev.eu\/en\/wp-json\/wp\/v2\/pages\/8"}],"wp:attachment":[{"href":"https:\/\/ksk-dev.eu\/en\/wp-json\/wp\/v2\/media?parent=8946"}],"curies":[{"name":"wp","href":"https:\/\/api.w.org\/{rel}","templated":true}]}}