{"id":10,"date":"2025-03-10T14:00:29","date_gmt":"2025-03-10T14:00:29","guid":{"rendered":"https:\/\/\/contact\/"},"modified":"2025-05-31T07:47:24","modified_gmt":"2025-05-31T05:47:24","slug":"neem-contact-op-met","status":"publish","type":"page","link":"https:\/\/ksk-dev.eu\/nl\/neem-contact-op-met\/","title":{"rendered":"Contact"},"content":{"rendered":"<div class=\"wp-block-uagb-container uagb-layout-flex uagb-block-b7d9dbc5 alignfull uagb-is-root-container\">\n<h2 class=\"wp-block-heading has-text-align-center has-ast-global-color-7-color has-text-color has-link-color wp-elements-840e820f0a459bd9f57141e1283b28d2\">Contact<\/h2>\n<\/div>\n\n\n\n<div class=\"wp-block-uagb-container uagb-block-c83f7151 alignfull uagb-is-root-container\">\n<div class=\"wp-block-uagb-container uagb-block-cf345c93 alignfull uagb-is-root-container\"><div class=\"uagb-container-inner-blocks-wrap\">\n<div class=\"wp-block-uagb-container uagb-block-1987c3a2\">\n<div class=\"wp-block-uagb-container uagb-block-461d1ca0\">\n<div class=\"wp-block-uagb-container uagb-block-86e958c1\">\n<h4 class=\"wp-block-heading has-text-align-center\" style=\"margin-top:0px;margin-bottom:0px\">Pravolex<\/h4>\n\n\n\n<p class=\"has-text-align-center\" style=\"margin-top:0px;margin-bottom:0%;font-size:1rem\">Rue de Suisse 16, 1060 Brussel<\/p>\n\n\n\n<p class=\"has-text-align-center\" style=\"margin-top:0px;margin-bottom:0%;font-size:1rem\">E-mail: <a href=\"mailto:info@pravolex.be\">info@pravolex.be<\/a><\/p>\n\n\n\n<p class=\"has-text-align-center\" style=\"margin-top:0px;margin-bottom:0%;font-size:1rem\">Mobiel: +32 493 41 98 68<\/p>\n<\/div>\n\n\n\n<div class=\"wp-block-uagb-separator uagb-block-a7d34ac6\"><div class=\"wp-block-uagb-separator__inner\" style=\"--my-background-image:\"><\/div><\/div>\n\n\n\n<div class=\"wp-block-uagb-container uagb-block-2f5110f7\">\n<p class=\"has-text-align-center\" style=\"margin-top:0px;margin-bottom:0px;font-size:0.9rem\">Maandag t\/m donderdag: 9.00 - 17.00 uur<\/p>\n\n\n\n<p class=\"has-text-align-center\" style=\"margin-top:0px;margin-bottom:0px;font-size:0.9rem\">Vrijdag: 9.00 - 12.00 uur per telefoon<\/p>\n\n\n\n<p class=\"has-text-align-center\" style=\"margin-top:0px;margin-bottom:0px;font-size:0.9rem\">Zaterdag-Zondag: Gesloten<\/p>\n<\/div>\n<\/div>\n\n\n\n<div class=\"wp-block-uagb-container uagb-block-95d4bcb3\">\t\t\t<div data-aos= \"zoom-in\" data-aos-duration=\"400\" data-aos-delay=\"0\" data-aos-easing=\"ease\" data-aos-once=\"true\" \n\t\t\tclass=\"wp-block-uagb-google-map uagb-google-map__wrap uagb-block-e829e2b6\"\n\t\t\tstyle=\"\" >\n\t\t\t\t<embed\n\t\t\t\t\tclass=\"uagb-google-map__iframe\"\n\t\t\t\t\ttitle=\"Google Map for \"\n\t\t\t\t\tsrc=\"https:\/\/maps.google.com\/maps?q=Pravolex&#038;z=15&#038;hl=en&#038;t=m&#038;output=embed&#038;iwloc=near\"\n\t\t\t\t\twidth=\"640\"\n\t\t\t\t\theight=\"400\"\n\t\t\t\t\tloading=\"lazy\"\n\t\t\t\t><\/embed>\n\t\t\t<\/div>\n\t\t\t<\/div>\n<\/div>\n<\/div><\/div>\n\n\n\n<div class=\"wp-block-uagb-container uagb-block-ef2c4177 alignfull uagb-is-root-container\"><div class=\"uagb-container-inner-blocks-wrap\">\n<div class=\"wp-block-uagb-container uag-hide-desktop uag-hide-tab uag-hide-mob uagb-block-1d8a524b\">\n<h4 class=\"wp-block-heading has-text-align-center\">Maak uw afspraak<\/h4>\n<\/div>\n\n\n\n<div class=\"wp-block-uagb-container uagb-block-39ae5c9f\">\n<h4 class=\"wp-block-heading has-text-align-center\">Neem contact met ons<\/h4>\n\n\n<div class=\"wpforms-container wpforms-block wpforms-block-50befa59-6abe-4518-9074-2da7bab8a8d3 form wpforms-render-modern\" id=\"wpforms-8905\"><form id=\"wpforms-form-8905\" class=\"wpforms-validate wpforms-form wpforms-ajax-form\" data-formid=\"8905\" method=\"post\" enctype=\"multipart\/form-data\" action=\"\/nl\/wp-json\/wp\/v2\/pages\/10\" data-token=\"0d7dd6f33afbb11349dda7142c239d61\" data-token-time=\"1778160221\" data-trp-original-action=\"\/nl\/wp-json\/wp\/v2\/pages\/10\"><noscript class=\"wpforms-error-noscript\">Schakel JavaScript in je browser in om dit formulier in te vullen.<\/noscript><div id=\"wpforms-error-noscript\" style=\"display: none;\">Schakel JavaScript in je browser in om dit formulier in te vullen.<\/div><div class=\"wpforms-field-container\"><div id=\"wpforms-8905-field_0-container\" class=\"wpforms-field wpforms-field-name champ\" data-field-id=\"0\"><label class=\"wpforms-field-label\" for=\"wpforms-8905-field_0\">Naam <span class=\"wpforms-required-label\" aria-hidden=\"true\">*<\/span><\/label><input type=\"text\" id=\"wpforms-8905-field_0\" class=\"wpforms-field-medium wpforms-field-required\" name=\"wpforms[fields][0]\" aria-errormessage=\"wpforms-8905-field_0-error\" required><\/div><div id=\"wpforms-8905-field_1-container\" class=\"wpforms-field wpforms-field-email champ\" data-field-id=\"1\"><label class=\"wpforms-field-label\" for=\"wpforms-8905-field_1\">E-mail <span class=\"wpforms-required-label\" aria-hidden=\"true\">*<\/span><\/label><input type=\"email\" id=\"wpforms-8905-field_1\" class=\"wpforms-field-medium wpforms-field-required\" name=\"wpforms[fields][1]\" placeholder=\"john.doe@gmail.com\" spellcheck=\"false\" aria-errormessage=\"wpforms-8905-field_1-error\" required><\/div><div id=\"wpforms-8905-field_13-container\" class=\"wpforms-field wpforms-field-text champ\" data-field-id=\"13\"><label class=\"wpforms-field-label\" for=\"wpforms-8905-field_13\">Telefoon<\/label><input type=\"text\" id=\"wpforms-8905-field_13\" class=\"wpforms-field-medium\" name=\"wpforms[fields][13]\" placeholder=\"+ 32 497 00 00 00\" aria-errormessage=\"wpforms-8905-field_13-error\" ><\/div>\t\t<div id=\"wpforms-8905-field_2-container\"\n\t\t\tclass=\"wpforms-field wpforms-field-text\"\n\t\t\tdata-field-type=\"text\"\n\t\t\tdata-field-id=\"2\"\n\t\t\t>\n\t\t\t<label class=\"wpforms-field-label\" for=\"wpforms-8905-field_2\" >Email Nom T\u00e9l\u00e9phone<\/label>\n\t\t\t<input type=\"text\" id=\"wpforms-8905-field_2\" class=\"wpforms-field-medium\" name=\"wpforms[fields][2]\" >\n\t\t<\/div>\n\t\t<div id=\"wpforms-8905-field_12-container\" class=\"wpforms-field wpforms-field-select champ wpforms-field-select-style-modern\" data-field-id=\"12\"><label class=\"wpforms-field-label\" for=\"wpforms-8905-field_12\">Object<\/label><select id=\"wpforms-8905-field_12\" class=\"wpforms-field-medium choicesjs-select\" data-size-class=\"wpforms-field-row wpforms-field-medium\" data-search-enabled=\"1\" name=\"wpforms[fields][12]\"><option value=\"\" class=\"placeholder\" disabled selected='selected'>Kies het onderwerp van uw verzoek <\/option><option value=\"Consultation g\u00e9n\u00e9rale\"  class=\"choice-7 depth-1\"  >Algemeen overleg<\/option><option value=\"Droit civil (litiges, responsabilit\u00e9\u2026)\"  class=\"choice-5 depth-1\"  >Burgerlijk recht (geschillen, aansprakelijkheid, enz.)<\/option><option value=\"Droit de la famille (divorce, garde d\u2019enfants\u2026)\"  class=\"choice-1 depth-1\"  >Familierecht (echtscheiding, voogdij, enz.)<\/option><option value=\"Droit des affaires\"  class=\"choice-6 depth-1\"  >Bedrijfsrecht<\/option><option value=\"Droit des \u00e9trangers et de l\u2019immigration\"  class=\"choice-3 depth-1\"  >Vreemdelingen en immigratiewetgeving<\/option><option value=\"Droit du travail (licenciement, contrat\u2026)\"  class=\"choice-2 depth-1\"  >Arbeidsrecht (ontslag, contracten, enz.)<\/option><option value=\"Droit international\"  class=\"choice-8 depth-1\"  >Internationale wetgeving<\/option><option value=\"Droit p\u00e9nal\"  class=\"choice-4 depth-1\"  >Strafrecht<\/option><\/select><\/div><div id=\"wpforms-8905-field_3-container\" class=\"wpforms-field wpforms-field-textarea champ_message\" data-field-id=\"3\"><label class=\"wpforms-field-label\" for=\"wpforms-8905-field_3\">Bericht<\/label><textarea id=\"wpforms-8905-field_3\" class=\"wpforms-field-medium\" name=\"wpforms[fields][3]\" aria-errormessage=\"wpforms-8905-field_3-error\" ><\/textarea><\/div><script>\n\t\t\t\t( function() {\n\t\t\t\t\tconst style = document.createElement( 'style' );\n\t\t\t\t\tstyle.appendChild( document.createTextNode( '#wpforms-8905-field_2-container { position: absolute !important; overflow: hidden !important; display: inline !important; height: 1px !important; width: 1px !important; z-index: -1000 !important; padding: 0 !important; } #wpforms-8905-field_2-container input { visibility: hidden; } #wpforms-conversational-form-page #wpforms-8905-field_2-container label { counter-increment: none; }' ) );\n\t\t\t\t\tdocument.head.appendChild( style );\n\t\t\t\t\tdocument.currentScript?.remove();\n\t\t\t\t} )();\n\t\t\t<\/script><\/div><!-- .wpforms-field-container --><div class=\"wpforms-submit-container\" ><input type=\"hidden\" name=\"wpforms[id]\" value=\"8905\"><input type=\"hidden\" name=\"page_title\" value=\"\"><input type=\"hidden\" name=\"page_url\" value=\"https:\/\/ksk-dev.eu\/nl\/wp-json\/wp\/v2\/pages\/10\"><input type=\"hidden\" name=\"url_referer\" value=\"\"><button type=\"submit\" name=\"wpforms[submit]\" id=\"wpforms-submit-8905\" class=\"wpforms-submit form_button\" data-alt-text=\"Sending...\" data-submit-text=\"Envoyer\" aria-live=\"assertive\" value=\"wpforms-submit\">Stuur<\/button><img loading=\"lazy\" decoding=\"async\" src=\"https:\/\/ksk-dev.eu\/wp-content\/plugins\/wpforms-lite\/assets\/images\/submit-spin.svg\" class=\"wpforms-submit-spinner\" style=\"display: none;\" width=\"26\" height=\"26\" alt=\"Aan het laden\"><\/div><input type=\"hidden\" name=\"trp-form-language\" value=\"nl\"\/><\/form><\/div>  <!-- .wpforms-container --><\/div>\n<\/div><\/div>\n<\/div>","protected":false},"excerpt":{"rendered":"<p>Contact Pravolex Rue de Suisse 16, 1060 Bruxelles Email: info@pravolex.be Mobile: +32 493 41 98 68 Lundi-Jeudi : 9 am &#8211; 5 pm Vendredi : 9 am &#8211; 12 pm par t\u00e9l\u00e9phone Samedi-Dimanche : Ferm\u00e9 R\u00e9servez votre consultation Contactez-nous<\/p>","protected":false},"author":1,"featured_media":0,"parent":0,"menu_order":0,"comment_status":"closed","ping_status":"closed","template":"","meta":{"_uag_custom_page_level_css":"","site-sidebar-layout":"no-sidebar","site-content-layout":"plain-container","ast-site-content-layout":"normal-width-container","site-content-style":"unboxed","site-sidebar-style":"unboxed","ast-global-header-display":"","ast-banner-title-visibility":"","ast-main-header-display":"","ast-hfb-above-header-display":"","ast-hfb-below-header-display":"","ast-hfb-mobile-header-display":"","site-post-title":"disabled","ast-breadcrumbs-content":"","ast-featured-img":"disabled","footer-sml-layout":"","ast-disable-related-posts":"","theme-transparent-header-meta":"enabled","adv-header-id-meta":"","stick-header-meta":"","header-above-stick-meta":"","header-main-stick-meta":"","header-below-stick-meta":"","astra-migrate-meta-layouts":"set","ast-page-background-enabled":"default","ast-page-background-meta":{"desktop":{"background-color":"var(--ast-global-color-4)","background-image":"","background-repeat":"repeat","background-position":"center center","background-size":"auto","background-attachment":"scroll","background-type":"","background-media":"","overlay-type":"","overlay-color":"","overlay-opacity":"","overlay-gradient":""},"tablet":{"background-color":"","background-image":"","background-repeat":"repeat","background-position":"center center","background-size":"auto","background-attachment":"scroll","background-type":"","background-media":"","overlay-type":"","overlay-color":"","overlay-opacity":"","overlay-gradient":""},"mobile":{"background-color":"","background-image":"","background-repeat":"repeat","background-position":"center center","background-size":"auto","background-attachment":"scroll","background-type":"","background-media":"","overlay-type":"","overlay-color":"","overlay-opacity":"","overlay-gradient":""}},"ast-content-background-meta":{"desktop":{"background-color":"var(--ast-global-color-5)","background-image":"","background-repeat":"repeat","background-position":"center center","background-size":"auto","background-attachment":"scroll","background-type":"","background-media":"","overlay-type":"","overlay-color":"","overlay-opacity":"","overlay-gradient":""},"tablet":{"background-color":"var(--ast-global-color-5)","background-image":"","background-repeat":"repeat","background-position":"center center","background-size":"auto","background-attachment":"scroll","background-type":"","background-media":"","overlay-type":"","overlay-color":"","overlay-opacity":"","overlay-gradient":""},"mobile":{"background-color":"var(--ast-global-color-5)","background-image":"","background-repeat":"repeat","background-position":"center center","background-size":"auto","background-attachment":"scroll","background-type":"","background-media":"","overlay-type":"","overlay-color":"","overlay-opacity":"","overlay-gradient":""}},"footnotes":""},"class_list":["post-10","page","type-page","status-publish","hentry"],"featured_image_src":null,"uagb_featured_image_src":{"full":false,"thumbnail":false,"medium":false,"medium_large":false,"large":false,"1536x1536":false,"2048x2048":false,"trp-custom-language-flag":false},"uagb_author_info":{"display_name":"ksenia.kozjanova@hotmail.com","author_link":"https:\/\/ksk-dev.eu\/nl\/author\/ksenia-kozjanovahotmail-com\/"},"uagb_comment_info":0,"uagb_excerpt":"Contact Pravolex Rue de Suisse 16, 1060 Bruxelles Email: info@pravolex.be Mobile: +32 493 41 98 68 Lundi-Jeudi : 9 am &#8211; 5 pm Vendredi : 9 am &#8211; 12 pm par t\u00e9l\u00e9phone Samedi-Dimanche : Ferm\u00e9 R\u00e9servez votre consultation Contactez-nous","_links":{"self":[{"href":"https:\/\/ksk-dev.eu\/nl\/wp-json\/wp\/v2\/pages\/10","targetHints":{"allow":["GET"]}}],"collection":[{"href":"https:\/\/ksk-dev.eu\/nl\/wp-json\/wp\/v2\/pages"}],"about":[{"href":"https:\/\/ksk-dev.eu\/nl\/wp-json\/wp\/v2\/types\/page"}],"author":[{"embeddable":true,"href":"https:\/\/ksk-dev.eu\/nl\/wp-json\/wp\/v2\/users\/1"}],"replies":[{"embeddable":true,"href":"https:\/\/ksk-dev.eu\/nl\/wp-json\/wp\/v2\/comments?post=10"}],"version-history":[{"count":373,"href":"https:\/\/ksk-dev.eu\/nl\/wp-json\/wp\/v2\/pages\/10\/revisions"}],"predecessor-version":[{"id":12259,"href":"https:\/\/ksk-dev.eu\/nl\/wp-json\/wp\/v2\/pages\/10\/revisions\/12259"}],"wp:attachment":[{"href":"https:\/\/ksk-dev.eu\/nl\/wp-json\/wp\/v2\/media?parent=10"}],"curies":[{"name":"wp","href":"https:\/\/api.w.org\/{rel}","templated":true}]}}