{"id":12351,"date":"2025-05-30T10:35:04","date_gmt":"2025-05-30T08:35:04","guid":{"rendered":"https:\/\/ksk-dev.eu\/?page_id=12351"},"modified":"2025-05-31T07:58:13","modified_gmt":"2025-05-31T05:58:13","slug":"verzekering","status":"publish","type":"page","link":"https:\/\/ksk-dev.eu\/nl\/expertise\/verzekering\/","title":{"rendered":"Verzekering"},"content":{"rendered":"<div class=\"wp-block-uagb-container uagb-layout-flex uagb-block-b7d9dbc5 alignfull uagb-is-root-container\">\n<h2 class=\"wp-block-heading has-text-align-center has-ast-global-color-7-color has-text-color has-link-color wp-elements-1ef349c9cc475cf9b9fa87e0172b21dd\">Verzekering<\/h2>\n<\/div>\n\n\n\n<div class=\"wp-block-uagb-container uagb-block-425c5fc1 alignfull uagb-is-root-container\"><div class=\"uagb-container-inner-blocks-wrap\">\n<div class=\"wp-block-uagb-container custom-bullet uagb-block-ef2c4177\">\n<div class=\"wp-block-uagb-container uagb-block-7a935940\">\n<div class=\"wp-block-uagb-separator uagb-block-74babe49\"><div class=\"wp-block-uagb-separator__inner\" style=\"--my-background-image:\"><\/div><\/div>\n\n\n\n<h4 class=\"wp-block-heading has-text-align-left\">Pravolex kan u helpen op het gebied van verzekeringsrecht<\/h4>\n\n\n\n<div class=\"wp-block-uagb-separator uagb-block-af9f5ad5\"><div class=\"wp-block-uagb-separator__inner\" style=\"--my-background-image:\"><\/div><\/div>\n\n\n\n<p class=\"has-text-align-left\" style=\"margin-top:0px;padding-top:0px;padding-bottom:0px;font-style:normal;font-weight:400\">PRAVOLEX kan u helpen met al uw behoeften op het gebied van verzekeringen, aansprakelijkheid en verkeersongevallenrecht. Of u nu slachtoffer of aansprakelijke partij bent, onze gespecialiseerde advocaten verdedigen uw belangen met nauwgezetheid en deskundigheid. Wij zijn actief in heel Belgi\u00eb, maar ook in de Benelux, in Frankrijk en, met lokale partners, in heel Europa.<\/p>\n\n\n\n<p>We behandelen zaken voor burgerlijke en strafrechtbanken en voor gespecialiseerde schadevergoedingsinstanties.<\/p>\n\n\n\n<p class=\"has-text-align-left\" style=\"margin-top:0px;padding-top:0px;padding-bottom:0px;font-style:normal;font-weight:400\">Onze expertisegebieden :<\/p>\n\n\n\n<ul style=\"margin-right:0px;margin-left:0px;padding-right:0px;padding-left:0px\" class=\"wp-block-list\">\n<li class=\"cutom-bullet\" style=\"padding-bottom:1em\"><strong>Wettelijke aansprakelijkheidsverzekering : <\/strong> hulp bij een claim, het aanvechten van een weigering om te betalen;<\/li>\n\n\n\n<li class=\"cutom-bullet\" style=\"padding-bottom:1em\"><strong>Rechtsbijstandverzekering :<\/strong> de bijdrage van je verzekeraar in de juridische kosten;<\/li>\n\n\n\n<li class=\"cutom-bullet\" style=\"padding-bottom:1em\"><strong>Autoverzekering :<\/strong> Verplichte wettelijke aansprakelijkheid, omnium, mini-omnium, verhaalsacties op de aansprakelijke derde;<\/li>\n\n\n\n<li class=\"cutom-bullet\" style=\"padding-bottom:1em\"><strong>Brand- en opstalverzekering :<\/strong> vergoeding van materi\u00eble schade, betwisting van uitsluitingen van dekking;<\/li>\n\n\n\n<li class=\"cutom-bullet\" style=\"padding-bottom:1em\"><strong>Ziekenhuis- en ziektekostenverzekering :<\/strong> interventie door zorgverzekeraars in geval van een medisch ongeval of medische fout;<\/li>\n\n\n\n<li class=\"cutom-bullet\" style=\"padding-bottom:1em\"><strong>Geschillen met verzekeringsmaatschappijen :<\/strong> weigering van schadevergoeding, nietigheid van het contract, regresvordering, enz.<\/li>\n<\/ul>\n<\/div>\n\n\n\n<div class=\"wp-block-uagb-container uag-hide-mob uagb-block-39ae5c9f\"><\/div>\n\n\n\n<div class=\"wp-block-uagb-buttons uagb-buttons__outer-wrap uagb-btn__medium-btn uagb-btn-tablet__default-btn uagb-btn-mobile__default-btn uagb-block-ab1f9ec0\"><div class=\"uagb-buttons__wrap uagb-buttons-layout-wrap\">\n<div data-aos= \"zoom-in\" data-aos-duration=\"400\" data-aos-delay=\"0\" data-aos-easing=\"ease\" data-aos-once=\"true\" class=\"wp-block-uagb-buttons-child uagb-buttons__outer-wrap uagb-block-103a6ebf wp-block-button\"><div class=\"uagb-button__wrapper\"><a class=\"uagb-buttons-repeater wp-block-button__link\" aria-label=\"\" href=\"https:\/\/ksk-dev.eu\/nl\/neem-contact-op-met\/\" rel=\"follow noopener\" target=\"_self\" role=\"button\"><div class=\"uagb-button__link\">Een afspraak maken<\/div><\/a><\/div><\/div>\n<\/div><\/div>\n<\/div>\n<\/div><\/div>","protected":false},"excerpt":{"rendered":"<p>Assurances Pravolex vous accompagne dans le domaine de droit des assurances PRAVOLEX vous accompagne dans toutes vos d\u00e9marches en mati\u00e8re de droit des assurances, de responsabilit\u00e9 et d\u2019accidents de la route. Que vous soyez victime ou responsable, nos avocats sp\u00e9cialis\u00e9s d\u00e9fendent vos int\u00e9r\u00eats avec rigueur et expertise. Nous intervenons&nbsp; dans toute la Belgique, mais \u00e9galement [&hellip;]<\/p>","protected":false},"author":1,"featured_media":0,"parent":8,"menu_order":0,"comment_status":"closed","ping_status":"closed","template":"","meta":{"_uag_custom_page_level_css":"","site-sidebar-layout":"no-sidebar","site-content-layout":"plain-container","ast-site-content-layout":"normal-width-container","site-content-style":"unboxed","site-sidebar-style":"unboxed","ast-global-header-display":"","ast-banner-title-visibility":"","ast-main-header-display":"","ast-hfb-above-header-display":"","ast-hfb-below-header-display":"","ast-hfb-mobile-header-display":"","site-post-title":"disabled","ast-breadcrumbs-content":"","ast-featured-img":"disabled","footer-sml-layout":"","ast-disable-related-posts":"","theme-transparent-header-meta":"enabled","adv-header-id-meta":"","stick-header-meta":"","header-above-stick-meta":"","header-main-stick-meta":"","header-below-stick-meta":"","astra-migrate-meta-layouts":"set","ast-page-background-enabled":"default","ast-page-background-meta":{"desktop":{"background-color":"var(--ast-global-color-4)","background-image":"","background-repeat":"repeat","background-position":"center center","background-size":"auto","background-attachment":"scroll","background-type":"","background-media":"","overlay-type":"","overlay-color":"","overlay-opacity":"","overlay-gradient":""},"tablet":{"background-color":"","background-image":"","background-repeat":"repeat","background-position":"center center","background-size":"auto","background-attachment":"scroll","background-type":"","background-media":"","overlay-type":"","overlay-color":"","overlay-opacity":"","overlay-gradient":""},"mobile":{"background-color":"","background-image":"","background-repeat":"repeat","background-position":"center center","background-size":"auto","background-attachment":"scroll","background-type":"","background-media":"","overlay-type":"","overlay-color":"","overlay-opacity":"","overlay-gradient":""}},"ast-content-background-meta":{"desktop":{"background-color":"var(--ast-global-color-5)","background-image":"","background-repeat":"repeat","background-position":"center center","background-size":"auto","background-attachment":"scroll","background-type":"","background-media":"","overlay-type":"","overlay-color":"","overlay-opacity":"","overlay-gradient":""},"tablet":{"background-color":"var(--ast-global-color-5)","background-image":"","background-repeat":"repeat","background-position":"center center","background-size":"auto","background-attachment":"scroll","background-type":"","background-media":"","overlay-type":"","overlay-color":"","overlay-opacity":"","overlay-gradient":""},"mobile":{"background-color":"var(--ast-global-color-5)","background-image":"","background-repeat":"repeat","background-position":"center center","background-size":"auto","background-attachment":"scroll","background-type":"","background-media":"","overlay-type":"","overlay-color":"","overlay-opacity":"","overlay-gradient":""}},"footnotes":""},"class_list":["post-12351","page","type-page","status-publish","hentry"],"featured_image_src":null,"uagb_featured_image_src":{"full":false,"thumbnail":false,"medium":false,"medium_large":false,"large":false,"1536x1536":false,"2048x2048":false,"trp-custom-language-flag":false},"uagb_author_info":{"display_name":"ksenia.kozjanova@hotmail.com","author_link":"https:\/\/ksk-dev.eu\/nl\/author\/ksenia-kozjanovahotmail-com\/"},"uagb_comment_info":0,"uagb_excerpt":"Assurances Pravolex vous accompagne dans le domaine de droit des assurances PRAVOLEX vous accompagne dans toutes vos d\u00e9marches en mati\u00e8re de droit des assurances, de responsabilit\u00e9 et d\u2019accidents de la route. Que vous soyez victime ou responsable, nos avocats sp\u00e9cialis\u00e9s d\u00e9fendent vos int\u00e9r\u00eats avec rigueur et expertise. Nous intervenons&nbsp; dans toute la Belgique, mais \u00e9galement&hellip;","_links":{"self":[{"href":"https:\/\/ksk-dev.eu\/nl\/wp-json\/wp\/v2\/pages\/12351","targetHints":{"allow":["GET"]}}],"collection":[{"href":"https:\/\/ksk-dev.eu\/nl\/wp-json\/wp\/v2\/pages"}],"about":[{"href":"https:\/\/ksk-dev.eu\/nl\/wp-json\/wp\/v2\/types\/page"}],"author":[{"embeddable":true,"href":"https:\/\/ksk-dev.eu\/nl\/wp-json\/wp\/v2\/users\/1"}],"replies":[{"embeddable":true,"href":"https:\/\/ksk-dev.eu\/nl\/wp-json\/wp\/v2\/comments?post=12351"}],"version-history":[{"count":28,"href":"https:\/\/ksk-dev.eu\/nl\/wp-json\/wp\/v2\/pages\/12351\/revisions"}],"predecessor-version":[{"id":12627,"href":"https:\/\/ksk-dev.eu\/nl\/wp-json\/wp\/v2\/pages\/12351\/revisions\/12627"}],"up":[{"embeddable":true,"href":"https:\/\/ksk-dev.eu\/nl\/wp-json\/wp\/v2\/pages\/8"}],"wp:attachment":[{"href":"https:\/\/ksk-dev.eu\/nl\/wp-json\/wp\/v2\/media?parent=12351"}],"curies":[{"name":"wp","href":"https:\/\/api.w.org\/{rel}","templated":true}]}}