{"id":12353,"date":"2025-05-30T10:36:28","date_gmt":"2025-05-30T08:36:28","guid":{"rendered":"https:\/\/ksk-dev.eu\/?page_id=12353"},"modified":"2025-05-31T07:57:01","modified_gmt":"2025-05-31T05:57:01","slug":"verantwoordelijkheid","status":"publish","type":"page","link":"https:\/\/ksk-dev.eu\/nl\/expertise\/verantwoordelijkheid\/","title":{"rendered":"Aansprakelijkheid"},"content":{"rendered":"<div class=\"wp-block-uagb-container uagb-layout-flex uagb-block-b7d9dbc5 alignfull uagb-is-root-container\">\n<h2 class=\"wp-block-heading has-text-align-center has-ast-global-color-7-color has-text-color has-link-color wp-elements-c76fae3972e5a1c0f6b3ba5631941326\">Aansprakelijkheid<\/h2>\n<\/div>\n\n\n\n<div class=\"wp-block-uagb-container uagb-block-425c5fc1 alignfull uagb-is-root-container\"><div class=\"uagb-container-inner-blocks-wrap\">\n<div class=\"wp-block-uagb-container custom-bullet uagb-block-ef2c4177\">\n<div class=\"wp-block-uagb-container uagb-block-7a935940\">\n<div class=\"wp-block-uagb-separator uagb-block-74babe49\"><div class=\"wp-block-uagb-separator__inner\" style=\"--my-background-image:\"><\/div><\/div>\n\n\n\n<h4 class=\"wp-block-heading has-text-align-left\">Wettelijke aansprakelijkheid: Pravolex aan uw zijde<\/h4>\n\n\n\n<div class=\"wp-block-uagb-separator uagb-block-af9f5ad5\"><div class=\"wp-block-uagb-separator__inner\" style=\"--my-background-image:\"><\/div><\/div>\n\n\n\n<p class=\"has-text-align-left\" style=\"margin-top:0px;padding-top:0px;padding-bottom:0px;font-style:normal;font-weight:400\">Bij Pravolex ondersteunen we u in alle situaties waarin sprake is van wettelijke aansprakelijkheid, contractueel of buitencontractueel.<\/p>\n\n\n\n<p>Of u nu slachtoffer of beklaagde bent, ons kantoor verdedigt uw belangen streng en doeltreffend. Wij zijn actief in Frankrijk en de Benelux en bieden u onze juridische expertise en talenkennis in het Frans, Nederlands, Engels en Russisch, voor een optimaal beheer van uw zaak, ongeacht uw locatie.<\/p>\n\n\n\n<p class=\"has-text-align-left\" style=\"margin-top:0px;padding-top:0px;padding-bottom:0px;font-style:normal;font-weight:400\">We werken met name op de volgende gebieden:<\/p>\n\n\n\n<ul style=\"margin-right:0px;margin-left:0px;padding-right:0px;padding-left:0px\" class=\"wp-block-list\">\n<li class=\"cutom-bullet\" style=\"padding-bottom:1em\"><strong>Aansprakelijkheid uit onrechtmatige daad :<\/strong> in geval van schade veroorzaakt door schuld, roekeloosheid of nalatigheid;<\/li>\n\n\n\n<li class=\"cutom-bullet\" style=\"padding-bottom:1em\"><strong>Contractuele aansprakelijkheid :<\/strong> voor niet-nakoming of onjuiste nakoming van een contract (verkoop, dienstverlening, zaken, enz.);<\/li>\n\n\n\n<li class=\"cutom-bullet\" style=\"padding-bottom:1em\"><strong>Beroepsaansprakelijkheid :<\/strong> Betrokkenheid van gereguleerde professionals zoals artsen, advocaten, architecten, aannemers, enz;<\/li>\n\n\n\n<li class=\"cutom-bullet\" style=\"padding-bottom:1em\"><strong>Aansprakelijkheid ziekenhuizen :<\/strong> medische fouten of apparatuurdefecten in zorginstellingen;<\/li>\n\n\n\n<li class=\"cutom-bullet\" style=\"padding-bottom:1em\"><strong>Aansprakelijkheid voor zaken :<\/strong> ongevallen veroorzaakt door eigendommen die je onder je hoede hebt (gebouw, dier, voorwerp, enz.);<\/li>\n\n\n\n<li class=\"cutom-bullet\" style=\"padding-bottom:1em\"><strong>Ouderlijke verantwoordelijkheid :<\/strong> schade veroorzaakt door je minderjarige kinderen;<\/li>\n\n\n\n<li class=\"cutom-bullet\" style=\"padding-bottom:1em\"><strong>Aansprakelijkheid :<\/strong> aansprakelijkheid als werkgever, leraar of verenigingsbestuurder;<\/li>\n\n\n\n<li class=\"cutom-bullet\" style=\"padding-bottom:1em\"><strong>Bouwaansprakelijkheid :<\/strong> verborgen gebreken, gebrekkige afwerking, garantie van tien jaar ... ;<\/li>\n\n\n\n<li class=\"cutom-bullet\" style=\"padding-bottom:1em\"><strong>Aansprakelijkheid voor producten met gebreken :<\/strong> schade veroorzaakt door een onveilig of slecht ontworpen product.<\/li>\n<\/ul>\n\n\n\n<p>Doe een beroep op Pravolex voor een strategische, menselijke en persoonlijke aanpak van uw project.<\/p>\n<\/div>\n\n\n\n<div class=\"wp-block-uagb-container uag-hide-mob uagb-block-39ae5c9f\"><\/div>\n\n\n\n<div class=\"wp-block-uagb-buttons uagb-buttons__outer-wrap uagb-btn__medium-btn uagb-btn-tablet__default-btn uagb-btn-mobile__default-btn uagb-block-ab1f9ec0\"><div class=\"uagb-buttons__wrap uagb-buttons-layout-wrap\">\n<div data-aos= \"zoom-in\" data-aos-duration=\"400\" data-aos-delay=\"0\" data-aos-easing=\"ease\" data-aos-once=\"true\" class=\"wp-block-uagb-buttons-child uagb-buttons__outer-wrap uagb-block-103a6ebf wp-block-button\"><div class=\"uagb-button__wrapper\"><a class=\"uagb-buttons-repeater wp-block-button__link\" aria-label=\"\" href=\"https:\/\/ksk-dev.eu\/nl\/neem-contact-op-met\/\" rel=\"follow noopener\" target=\"_self\" role=\"button\"><div class=\"uagb-button__link\">Een afspraak maken<\/div><\/a><\/div><\/div>\n<\/div><\/div>\n<\/div>\n<\/div><\/div>","protected":false},"excerpt":{"rendered":"<p>Responsabilit\u00e9 Responsabilit\u00e9 civile: Pravolex \u00e0 vos c\u00f4t\u00e9s Chez Pravolex, nous vous accompagnons dans toutes les situations engageant la responsabilit\u00e9 civile, qu\u2019elle soit contractuelle ou extracontractuelle. Que vous soyez victime ou mis en cause, notre cabinet d\u00e9fend vos int\u00e9r\u00eats avec rigueur et efficacit\u00e9. Nous intervenons en France et dans le Benelux , en mettant \u00e0 votre [&hellip;]<\/p>","protected":false},"author":1,"featured_media":0,"parent":8,"menu_order":0,"comment_status":"closed","ping_status":"closed","template":"","meta":{"_uag_custom_page_level_css":"","site-sidebar-layout":"no-sidebar","site-content-layout":"plain-container","ast-site-content-layout":"normal-width-container","site-content-style":"unboxed","site-sidebar-style":"unboxed","ast-global-header-display":"","ast-banner-title-visibility":"","ast-main-header-display":"","ast-hfb-above-header-display":"","ast-hfb-below-header-display":"","ast-hfb-mobile-header-display":"","site-post-title":"disabled","ast-breadcrumbs-content":"","ast-featured-img":"disabled","footer-sml-layout":"","ast-disable-related-posts":"","theme-transparent-header-meta":"enabled","adv-header-id-meta":"","stick-header-meta":"","header-above-stick-meta":"","header-main-stick-meta":"","header-below-stick-meta":"","astra-migrate-meta-layouts":"set","ast-page-background-enabled":"default","ast-page-background-meta":{"desktop":{"background-color":"var(--ast-global-color-4)","background-image":"","background-repeat":"repeat","background-position":"center center","background-size":"auto","background-attachment":"scroll","background-type":"","background-media":"","overlay-type":"","overlay-color":"","overlay-opacity":"","overlay-gradient":""},"tablet":{"background-color":"","background-image":"","background-repeat":"repeat","background-position":"center center","background-size":"auto","background-attachment":"scroll","background-type":"","background-media":"","overlay-type":"","overlay-color":"","overlay-opacity":"","overlay-gradient":""},"mobile":{"background-color":"","background-image":"","background-repeat":"repeat","background-position":"center center","background-size":"auto","background-attachment":"scroll","background-type":"","background-media":"","overlay-type":"","overlay-color":"","overlay-opacity":"","overlay-gradient":""}},"ast-content-background-meta":{"desktop":{"background-color":"var(--ast-global-color-5)","background-image":"","background-repeat":"repeat","background-position":"center center","background-size":"auto","background-attachment":"scroll","background-type":"","background-media":"","overlay-type":"","overlay-color":"","overlay-opacity":"","overlay-gradient":""},"tablet":{"background-color":"var(--ast-global-color-5)","background-image":"","background-repeat":"repeat","background-position":"center center","background-size":"auto","background-attachment":"scroll","background-type":"","background-media":"","overlay-type":"","overlay-color":"","overlay-opacity":"","overlay-gradient":""},"mobile":{"background-color":"var(--ast-global-color-5)","background-image":"","background-repeat":"repeat","background-position":"center center","background-size":"auto","background-attachment":"scroll","background-type":"","background-media":"","overlay-type":"","overlay-color":"","overlay-opacity":"","overlay-gradient":""}},"footnotes":""},"class_list":["post-12353","page","type-page","status-publish","hentry"],"featured_image_src":null,"uagb_featured_image_src":{"full":false,"thumbnail":false,"medium":false,"medium_large":false,"large":false,"1536x1536":false,"2048x2048":false,"trp-custom-language-flag":false},"uagb_author_info":{"display_name":"ksenia.kozjanova@hotmail.com","author_link":"https:\/\/ksk-dev.eu\/nl\/author\/ksenia-kozjanovahotmail-com\/"},"uagb_comment_info":0,"uagb_excerpt":"Responsabilit\u00e9 Responsabilit\u00e9 civile: Pravolex \u00e0 vos c\u00f4t\u00e9s Chez Pravolex, nous vous accompagnons dans toutes les situations engageant la responsabilit\u00e9 civile, qu\u2019elle soit contractuelle ou extracontractuelle. Que vous soyez victime ou mis en cause, notre cabinet d\u00e9fend vos int\u00e9r\u00eats avec rigueur et efficacit\u00e9. Nous intervenons en France et dans le Benelux , en mettant \u00e0 votre&hellip;","_links":{"self":[{"href":"https:\/\/ksk-dev.eu\/nl\/wp-json\/wp\/v2\/pages\/12353","targetHints":{"allow":["GET"]}}],"collection":[{"href":"https:\/\/ksk-dev.eu\/nl\/wp-json\/wp\/v2\/pages"}],"about":[{"href":"https:\/\/ksk-dev.eu\/nl\/wp-json\/wp\/v2\/types\/page"}],"author":[{"embeddable":true,"href":"https:\/\/ksk-dev.eu\/nl\/wp-json\/wp\/v2\/users\/1"}],"replies":[{"embeddable":true,"href":"https:\/\/ksk-dev.eu\/nl\/wp-json\/wp\/v2\/comments?post=12353"}],"version-history":[{"count":16,"href":"https:\/\/ksk-dev.eu\/nl\/wp-json\/wp\/v2\/pages\/12353\/revisions"}],"predecessor-version":[{"id":12631,"href":"https:\/\/ksk-dev.eu\/nl\/wp-json\/wp\/v2\/pages\/12353\/revisions\/12631"}],"up":[{"embeddable":true,"href":"https:\/\/ksk-dev.eu\/nl\/wp-json\/wp\/v2\/pages\/8"}],"wp:attachment":[{"href":"https:\/\/ksk-dev.eu\/nl\/wp-json\/wp\/v2\/media?parent=12353"}],"curies":[{"name":"wp","href":"https:\/\/api.w.org\/{rel}","templated":true}]}}