{"id":12355,"date":"2025-05-30T10:37:17","date_gmt":"2025-05-30T08:37:17","guid":{"rendered":"https:\/\/ksk-dev.eu\/?page_id=12355"},"modified":"2025-05-31T08:06:57","modified_gmt":"2025-05-31T06:06:57","slug":"schadevergoeding-voor-slachtoffers","status":"publish","type":"page","link":"https:\/\/ksk-dev.eu\/nl\/expertise\/schadevergoeding-voor-slachtoffers\/","title":{"rendered":"Schadevergoeding voor slachtoffers"},"content":{"rendered":"<div class=\"wp-block-uagb-container uagb-layout-flex uagb-block-b7d9dbc5 alignfull uagb-is-root-container\">\n<h2 class=\"wp-block-heading has-text-align-center has-ast-global-color-7-color has-text-color has-link-color wp-elements-26513dc3c541ed08d775ef8d8ae15918\">Schadevergoeding voor slachtoffers<\/h2>\n<\/div>\n\n\n\n<div class=\"wp-block-uagb-container uagb-block-425c5fc1 alignfull uagb-is-root-container\"><div class=\"uagb-container-inner-blocks-wrap\">\n<div class=\"wp-block-uagb-container custom-bullet uagb-block-ef2c4177\">\n<div class=\"wp-block-uagb-container uagb-block-7a935940\">\n<div class=\"wp-block-uagb-separator uagb-block-74babe49\"><div class=\"wp-block-uagb-separator__inner\" style=\"--my-background-image:\"><\/div><\/div>\n\n\n\n<h4 class=\"wp-block-heading has-text-align-left\">Pravolex kan je helpen<\/h4>\n\n\n\n<div class=\"wp-block-uagb-separator uagb-block-af9f5ad5\"><div class=\"wp-block-uagb-separator__inner\" style=\"--my-background-image:\"><\/div><\/div>\n\n\n\n<p class=\"has-text-align-left\" style=\"margin-top:0px;padding-top:0px;padding-bottom:0px;font-style:normal;font-weight:400\">PRAVOLEX heeft een specifieke aanpak ontwikkeld om alle slachtoffers te ondersteunen, ongeacht het soort schade of de context.<\/p>\n\n\n\n<p class=\"has-text-align-left\" style=\"margin-top:0px;padding-top:0px;padding-bottom:0px;font-style:normal;font-weight:400\">We werken met slachtoffers van medische fouten, verkeersongevallen en industri\u00eble ongevallen in Frankrijk en de Benelux.<\/p>\n\n\n\n<p class=\"has-text-align-left\" style=\"margin-top:0px;padding-top:0px;padding-bottom:0px;font-style:normal;font-weight:400\">Dankzij onze talenkennis in het Frans, Nederlands, Engels en Russisch kunnen we je uitgebreide, persoonlijke zorg bieden, waar je ook woont of wat je situatie ook is.<\/p>\n\n\n\n<p class=\"has-text-align-left\" style=\"margin-top:0px;padding-top:0px;padding-bottom:0px;font-style:normal;font-weight:400\">We besteden bijzondere aandacht aan de schadeloosstelling van slachtoffers van oorlog en terrorisme. Dankzij onze multidisciplinaire expertise in strafrecht, internationaal recht, verzekeringsrecht en schadevergoedingstechnieken kunnen we effectief samenwerken met schadevergoedingsinstanties en buitenlandse autoriteiten.<\/p>\n\n\n\n<p class=\"has-text-align-left\" style=\"margin-top:0px;padding-top:0px;padding-bottom:0px;font-style:normal;font-weight:400\">Ons kantoor heeft al aanzienlijke schadevergoedingen verkregen voor slachtoffers van terroristische aanslagen. We komen ook op voor de rechten van slachtoffers van het conflict in Oekra\u00efne, of het nu gaat om individuen, hun families of getroffen bedrijven.<\/p>\n\n\n\n<p class=\"has-text-align-left\" style=\"margin-top:0px;padding-top:0px;padding-bottom:0px;font-style:normal;font-weight:400\">Schadevergoeding is een van de kernmissies van ons kantoor: we helpen je om een volledige vergoeding te krijgen voor je verliezen, of die nu onmiddellijk of op lange termijn zijn.<\/p>\n\n\n\n<ul style=\"margin-right:0px;margin-left:0px;padding-right:0px;padding-left:0px\" class=\"wp-block-list\">\n<li class=\"cutom-bullet\" style=\"padding-bottom:1em\">Identificatie en vervolging van de verantwoordelijken;<\/li>\n\n\n\n<li class=\"cutom-bullet\" style=\"padding-bottom:1em\">Potenti\u00eble verzekeraars identificeren en benaderen;<\/li>\n\n\n\n<li class=\"cutom-bullet\" style=\"padding-bottom:1em\">Het compensatieproces opzetten :\n<ul class=\"wp-block-list\">\n<li class=\"cutom-bullet\" style=\"margin-top:1em;margin-bottom:1em\">Volledige beoordeling van het verlies;<\/li>\n\n\n\n<li class=\"cutom-bullet\" style=\"padding-bottom:1em\">Samenwerken met onafhankelijke medische adviseurs om een eerlijke beoordeling te garanderen;<\/li>\n\n\n\n<li class=\"cutom-bullet\" style=\"padding-bottom:1em\">Onderhandelen over schadevergoeding met verzekeringsmaatschappijen;<\/li>\n<\/ul>\n<\/li>\n\n\n\n<li class=\"cutom-bullet\" style=\"padding-bottom:1em\">Juridische stappen in geval van weigering van compensatie of ontoereikend aanbod.<\/li>\n<\/ul>\n<\/div>\n\n\n\n<div class=\"wp-block-uagb-container uag-hide-mob uagb-block-39ae5c9f\"><\/div>\n\n\n\n<div class=\"wp-block-uagb-buttons uagb-buttons__outer-wrap uagb-btn__medium-btn uagb-btn-tablet__default-btn uagb-btn-mobile__default-btn uagb-block-ab1f9ec0\"><div class=\"uagb-buttons__wrap uagb-buttons-layout-wrap\">\n<div data-aos= \"zoom-in\" data-aos-duration=\"400\" data-aos-delay=\"0\" data-aos-easing=\"ease\" data-aos-once=\"true\" class=\"wp-block-uagb-buttons-child uagb-buttons__outer-wrap uagb-block-103a6ebf wp-block-button\"><div class=\"uagb-button__wrapper\"><a class=\"uagb-buttons-repeater wp-block-button__link\" aria-label=\"\" href=\"https:\/\/ksk-dev.eu\/nl\/neem-contact-op-met\/\" rel=\"follow noopener\" target=\"_self\" role=\"button\"><div class=\"uagb-button__link\">Een afspraak maken<\/div><\/a><\/div><\/div>\n<\/div><\/div>\n<\/div>\n<\/div><\/div>","protected":false},"excerpt":{"rendered":"<p>Indemnisation des victimes Pravolex vous accompagne PRAVOLEX a d\u00e9velopp\u00e9 une approche sp\u00e9cifique pour accompagner toutes les victimes, quels que soient le type de dommage ou le contexte. Nous intervenons aupr\u00e8s des victimes d\u2019erreurs m\u00e9dicales, des victimes d\u2019accidents de la circulation, ainsi que des victimes d\u2019accidents du travail, en France et dans le Benelux. Nos comp\u00e9tences [&hellip;]<\/p>","protected":false},"author":1,"featured_media":0,"parent":8,"menu_order":0,"comment_status":"closed","ping_status":"closed","template":"","meta":{"_uag_custom_page_level_css":"","site-sidebar-layout":"no-sidebar","site-content-layout":"plain-container","ast-site-content-layout":"normal-width-container","site-content-style":"unboxed","site-sidebar-style":"unboxed","ast-global-header-display":"","ast-banner-title-visibility":"","ast-main-header-display":"","ast-hfb-above-header-display":"","ast-hfb-below-header-display":"","ast-hfb-mobile-header-display":"","site-post-title":"disabled","ast-breadcrumbs-content":"","ast-featured-img":"disabled","footer-sml-layout":"","ast-disable-related-posts":"","theme-transparent-header-meta":"enabled","adv-header-id-meta":"","stick-header-meta":"","header-above-stick-meta":"","header-main-stick-meta":"","header-below-stick-meta":"","astra-migrate-meta-layouts":"set","ast-page-background-enabled":"default","ast-page-background-meta":{"desktop":{"background-color":"var(--ast-global-color-4)","background-image":"","background-repeat":"repeat","background-position":"center center","background-size":"auto","background-attachment":"scroll","background-type":"","background-media":"","overlay-type":"","overlay-color":"","overlay-opacity":"","overlay-gradient":""},"tablet":{"background-color":"","background-image":"","background-repeat":"repeat","background-position":"center center","background-size":"auto","background-attachment":"scroll","background-type":"","background-media":"","overlay-type":"","overlay-color":"","overlay-opacity":"","overlay-gradient":""},"mobile":{"background-color":"","background-image":"","background-repeat":"repeat","background-position":"center center","background-size":"auto","background-attachment":"scroll","background-type":"","background-media":"","overlay-type":"","overlay-color":"","overlay-opacity":"","overlay-gradient":""}},"ast-content-background-meta":{"desktop":{"background-color":"var(--ast-global-color-5)","background-image":"","background-repeat":"repeat","background-position":"center center","background-size":"auto","background-attachment":"scroll","background-type":"","background-media":"","overlay-type":"","overlay-color":"","overlay-opacity":"","overlay-gradient":""},"tablet":{"background-color":"var(--ast-global-color-5)","background-image":"","background-repeat":"repeat","background-position":"center center","background-size":"auto","background-attachment":"scroll","background-type":"","background-media":"","overlay-type":"","overlay-color":"","overlay-opacity":"","overlay-gradient":""},"mobile":{"background-color":"var(--ast-global-color-5)","background-image":"","background-repeat":"repeat","background-position":"center center","background-size":"auto","background-attachment":"scroll","background-type":"","background-media":"","overlay-type":"","overlay-color":"","overlay-opacity":"","overlay-gradient":""}},"footnotes":""},"class_list":["post-12355","page","type-page","status-publish","hentry"],"featured_image_src":null,"uagb_featured_image_src":{"full":false,"thumbnail":false,"medium":false,"medium_large":false,"large":false,"1536x1536":false,"2048x2048":false,"trp-custom-language-flag":false},"uagb_author_info":{"display_name":"ksenia.kozjanova@hotmail.com","author_link":"https:\/\/ksk-dev.eu\/nl\/author\/ksenia-kozjanovahotmail-com\/"},"uagb_comment_info":0,"uagb_excerpt":"Indemnisation des victimes Pravolex vous accompagne PRAVOLEX a d\u00e9velopp\u00e9 une approche sp\u00e9cifique pour accompagner toutes les victimes, quels que soient le type de dommage ou le contexte. Nous intervenons aupr\u00e8s des victimes d\u2019erreurs m\u00e9dicales, des victimes d\u2019accidents de la circulation, ainsi que des victimes d\u2019accidents du travail, en France et dans le Benelux. Nos comp\u00e9tences&hellip;","_links":{"self":[{"href":"https:\/\/ksk-dev.eu\/nl\/wp-json\/wp\/v2\/pages\/12355","targetHints":{"allow":["GET"]}}],"collection":[{"href":"https:\/\/ksk-dev.eu\/nl\/wp-json\/wp\/v2\/pages"}],"about":[{"href":"https:\/\/ksk-dev.eu\/nl\/wp-json\/wp\/v2\/types\/page"}],"author":[{"embeddable":true,"href":"https:\/\/ksk-dev.eu\/nl\/wp-json\/wp\/v2\/users\/1"}],"replies":[{"embeddable":true,"href":"https:\/\/ksk-dev.eu\/nl\/wp-json\/wp\/v2\/comments?post=12355"}],"version-history":[{"count":13,"href":"https:\/\/ksk-dev.eu\/nl\/wp-json\/wp\/v2\/pages\/12355\/revisions"}],"predecessor-version":[{"id":12634,"href":"https:\/\/ksk-dev.eu\/nl\/wp-json\/wp\/v2\/pages\/12355\/revisions\/12634"}],"up":[{"embeddable":true,"href":"https:\/\/ksk-dev.eu\/nl\/wp-json\/wp\/v2\/pages\/8"}],"wp:attachment":[{"href":"https:\/\/ksk-dev.eu\/nl\/wp-json\/wp\/v2\/media?parent=12355"}],"curies":[{"name":"wp","href":"https:\/\/api.w.org\/{rel}","templated":true}]}}