{"id":12357,"date":"2025-05-30T10:38:30","date_gmt":"2025-05-30T08:38:30","guid":{"rendered":"https:\/\/ksk-dev.eu\/?page_id=12357"},"modified":"2025-05-31T08:18:06","modified_gmt":"2025-05-31T06:18:06","slug":"claims-van-transportbedrijven","status":"publish","type":"page","link":"https:\/\/ksk-dev.eu\/nl\/expertise\/claims-van-transportbedrijven\/","title":{"rendered":"Claims van transportbedrijven"},"content":{"rendered":"<div class=\"wp-block-uagb-container uagb-layout-flex uagb-block-b7d9dbc5 alignfull uagb-is-root-container\">\n<h2 class=\"wp-block-heading has-text-align-center has-ast-global-color-7-color has-text-color has-link-color wp-elements-3cc6b04bde33291f1fae17ac0a7e3956\">Schadebeheer voor transportbedrijven<\/h2>\n<\/div>\n\n\n\n<div class=\"wp-block-uagb-container uagb-block-425c5fc1 alignfull uagb-is-root-container\"><div class=\"uagb-container-inner-blocks-wrap\">\n<div class=\"wp-block-uagb-container custom-bullet uagb-block-ef2c4177\">\n<div class=\"wp-block-uagb-container uagb-block-7a935940\">\n<div class=\"wp-block-uagb-separator uagb-block-74babe49\"><div class=\"wp-block-uagb-separator__inner\" style=\"--my-background-image:\"><\/div><\/div>\n\n\n\n<h4 class=\"wp-block-heading has-text-align-left\">Uitgebreide service voor schadebeheer voor transportbedrijven<\/h4>\n\n\n\n<div class=\"wp-block-uagb-separator uagb-block-af9f5ad5\"><div class=\"wp-block-uagb-separator__inner\" style=\"--my-background-image:\"><\/div><\/div>\n\n\n\n<p class=\"has-text-align-left\" style=\"margin-top:0px;padding-top:0px;padding-bottom:0px;font-style:normal;font-weight:400\">In de veeleisende wegtransportsector kan elk incident een impact hebben op uw operationele prestaties. Daarom bieden wij een uitgebreide service voor schadebeheer, speciaal ontworpen voor transportprofessionals die actief zijn in de Benelux en Frankrijk.<\/p>\n\n\n\n<p class=\"has-text-align-left\" style=\"margin-top:0px;padding-top:0px;padding-bottom:0px;font-style:normal;font-weight:400\">Onze diensten omvatten :<\/p>\n\n\n\n<ul style=\"margin-right:0px;margin-left:0px;padding-right:0px;padding-left:0px\" class=\"wp-block-list\">\n<li class=\"cutom-bullet\" style=\"padding-bottom:1em\">Volledige rapportage en bewaking van claims (ongevallen, materi\u00eble schade, aanrijdingen);<\/li>\n\n\n\n<li class=\"cutom-bullet\" style=\"padding-bottom:1em\">Directe contacten met verzekeringsmaatschappijen, experts en tegenpartijen;<\/li>\n\n\n\n<li class=\"cutom-bullet\" style=\"padding-bottom:1em\">Administratief, technisch en juridisch beheer van dossiers;<\/li>\n\n\n\n<li class=\"cutom-bullet\" style=\"padding-bottom:1em\">Compensatie- en afwikkelingstijden optimaliseren;<\/li>\n\n\n\n<li class=\"cutom-bullet\" style=\"padding-bottom:1em\">Organisatie van vervangende voertuigen om stilstand te beperken;<\/li>\n\n\n\n<li class=\"cutom-bullet\" style=\"padding-bottom:1em\">Rapportage op maat voor transparante, regelmatige controle;<\/li>\n\n\n\n<li class=\"cutom-bullet\" style=\"padding-bottom:1em\">Ondersteuning bij risicopreventie;<\/li>\n\n\n\n<li class=\"cutom-bullet\" style=\"padding-bottom:1em\">Een meertalig team tot uw dienst;<\/li>\n<\/ul>\n\n\n\n<p>Omdat uw activiteiten niet stoppen bij de grens, kunnen we u voorzien van een team dat in staat is uw dossiers te beheren en te communiceren met alle betrokken partijen in hun eigen taal (Frans, Engels, Nederlands, Russisch).<\/p>\n\n\n\n<p>Uw voordelen:<\/p>\n\n\n\n<ul style=\"margin-right:0px;margin-left:0px;padding-right:0px;padding-left:0px\" class=\"wp-block-list\">\n<li class=\"cutom-bullet\" style=\"padding-bottom:1em\">Bespaar tijd en verminder je administratieve werkdruk;<\/li>\n\n\n\n<li class=\"cutom-bullet\" style=\"padding-bottom:1em\">Lagere indirecte kosten in verband met claims;<\/li>\n\n\n\n<li class=\"cutom-bullet\" style=\"padding-bottom:1em\">Verbeter de beschikbaarheid van uw vloot;<\/li>\n\n\n\n<li class=\"cutom-bullet\" style=\"padding-bottom:1em\">Wettelijke veiligheid en naleving gegarandeerd in elk land.<\/li>\n<\/ul>\n<\/div>\n\n\n\n<div class=\"wp-block-uagb-container uag-hide-mob uagb-block-39ae5c9f\"><\/div>\n\n\n\n<div class=\"wp-block-uagb-buttons uagb-buttons__outer-wrap uagb-btn__medium-btn uagb-btn-tablet__default-btn uagb-btn-mobile__default-btn uagb-block-ab1f9ec0\"><div class=\"uagb-buttons__wrap uagb-buttons-layout-wrap\">\n<div data-aos= \"zoom-in\" data-aos-duration=\"400\" data-aos-delay=\"0\" data-aos-easing=\"ease\" data-aos-once=\"true\" class=\"wp-block-uagb-buttons-child uagb-buttons__outer-wrap uagb-block-103a6ebf wp-block-button\"><div class=\"uagb-button__wrapper\"><a class=\"uagb-buttons-repeater wp-block-button__link\" aria-label=\"\" href=\"https:\/\/ksk-dev.eu\/nl\/neem-contact-op-met\/\" rel=\"follow noopener\" target=\"_self\" role=\"button\"><div class=\"uagb-button__link\">Een afspraak maken<\/div><\/a><\/div><\/div>\n<\/div><\/div>\n<\/div>\n<\/div><\/div>","protected":false},"excerpt":{"rendered":"<p>Gestion des sinistres des socie\u0301te\u0301s de transport Service complet de gestion des sinistres des soci\u00e9t\u00e9s de transport Dans le secteur exigeant du transport routier, chaque incident peut impacter votre performance op\u00e9rationnelle. C\u2019est pourquoi nous proposons un service complet de gestion des sinistres roulage, sp\u00e9cifiquement pens\u00e9 pour les professionnels du transport op\u00e9rant au Benelux et en [&hellip;]<\/p>","protected":false},"author":1,"featured_media":0,"parent":8,"menu_order":0,"comment_status":"closed","ping_status":"closed","template":"","meta":{"_uag_custom_page_level_css":"","site-sidebar-layout":"no-sidebar","site-content-layout":"plain-container","ast-site-content-layout":"normal-width-container","site-content-style":"unboxed","site-sidebar-style":"unboxed","ast-global-header-display":"","ast-banner-title-visibility":"","ast-main-header-display":"","ast-hfb-above-header-display":"","ast-hfb-below-header-display":"","ast-hfb-mobile-header-display":"","site-post-title":"disabled","ast-breadcrumbs-content":"","ast-featured-img":"disabled","footer-sml-layout":"","ast-disable-related-posts":"","theme-transparent-header-meta":"enabled","adv-header-id-meta":"","stick-header-meta":"","header-above-stick-meta":"","header-main-stick-meta":"","header-below-stick-meta":"","astra-migrate-meta-layouts":"set","ast-page-background-enabled":"default","ast-page-background-meta":{"desktop":{"background-color":"var(--ast-global-color-4)","background-image":"","background-repeat":"repeat","background-position":"center center","background-size":"auto","background-attachment":"scroll","background-type":"","background-media":"","overlay-type":"","overlay-color":"","overlay-opacity":"","overlay-gradient":""},"tablet":{"background-color":"","background-image":"","background-repeat":"repeat","background-position":"center center","background-size":"auto","background-attachment":"scroll","background-type":"","background-media":"","overlay-type":"","overlay-color":"","overlay-opacity":"","overlay-gradient":""},"mobile":{"background-color":"","background-image":"","background-repeat":"repeat","background-position":"center center","background-size":"auto","background-attachment":"scroll","background-type":"","background-media":"","overlay-type":"","overlay-color":"","overlay-opacity":"","overlay-gradient":""}},"ast-content-background-meta":{"desktop":{"background-color":"var(--ast-global-color-5)","background-image":"","background-repeat":"repeat","background-position":"center center","background-size":"auto","background-attachment":"scroll","background-type":"","background-media":"","overlay-type":"","overlay-color":"","overlay-opacity":"","overlay-gradient":""},"tablet":{"background-color":"var(--ast-global-color-5)","background-image":"","background-repeat":"repeat","background-position":"center center","background-size":"auto","background-attachment":"scroll","background-type":"","background-media":"","overlay-type":"","overlay-color":"","overlay-opacity":"","overlay-gradient":""},"mobile":{"background-color":"var(--ast-global-color-5)","background-image":"","background-repeat":"repeat","background-position":"center center","background-size":"auto","background-attachment":"scroll","background-type":"","background-media":"","overlay-type":"","overlay-color":"","overlay-opacity":"","overlay-gradient":""}},"footnotes":""},"class_list":["post-12357","page","type-page","status-publish","hentry"],"featured_image_src":null,"uagb_featured_image_src":{"full":false,"thumbnail":false,"medium":false,"medium_large":false,"large":false,"1536x1536":false,"2048x2048":false,"trp-custom-language-flag":false},"uagb_author_info":{"display_name":"ksenia.kozjanova@hotmail.com","author_link":"https:\/\/ksk-dev.eu\/nl\/author\/ksenia-kozjanovahotmail-com\/"},"uagb_comment_info":0,"uagb_excerpt":"Gestion des sinistres des socie\u0301te\u0301s de transport Service complet de gestion des sinistres des soci\u00e9t\u00e9s de transport Dans le secteur exigeant du transport routier, chaque incident peut impacter votre performance op\u00e9rationnelle. C\u2019est pourquoi nous proposons un service complet de gestion des sinistres roulage, sp\u00e9cifiquement pens\u00e9 pour les professionnels du transport op\u00e9rant au Benelux et en&hellip;","_links":{"self":[{"href":"https:\/\/ksk-dev.eu\/nl\/wp-json\/wp\/v2\/pages\/12357","targetHints":{"allow":["GET"]}}],"collection":[{"href":"https:\/\/ksk-dev.eu\/nl\/wp-json\/wp\/v2\/pages"}],"about":[{"href":"https:\/\/ksk-dev.eu\/nl\/wp-json\/wp\/v2\/types\/page"}],"author":[{"embeddable":true,"href":"https:\/\/ksk-dev.eu\/nl\/wp-json\/wp\/v2\/users\/1"}],"replies":[{"embeddable":true,"href":"https:\/\/ksk-dev.eu\/nl\/wp-json\/wp\/v2\/comments?post=12357"}],"version-history":[{"count":6,"href":"https:\/\/ksk-dev.eu\/nl\/wp-json\/wp\/v2\/pages\/12357\/revisions"}],"predecessor-version":[{"id":12635,"href":"https:\/\/ksk-dev.eu\/nl\/wp-json\/wp\/v2\/pages\/12357\/revisions\/12635"}],"up":[{"embeddable":true,"href":"https:\/\/ksk-dev.eu\/nl\/wp-json\/wp\/v2\/pages\/8"}],"wp:attachment":[{"href":"https:\/\/ksk-dev.eu\/nl\/wp-json\/wp\/v2\/media?parent=12357"}],"curies":[{"name":"wp","href":"https:\/\/api.w.org\/{rel}","templated":true}]}}