{"id":2463,"date":"2025-03-11T11:41:13","date_gmt":"2025-03-11T11:41:13","guid":{"rendered":"https:\/\/ksk-dev.eu\/?page_id=2463"},"modified":"2025-05-13T13:35:06","modified_gmt":"2025-05-13T11:35:06","slug":"burgerlijk-recht-en-familierecht","status":"publish","type":"page","link":"https:\/\/ksk-dev.eu\/nl\/expertise\/burgerlijk-recht-en-familierecht\/","title":{"rendered":"Burgerlijk recht en familierecht"},"content":{"rendered":"<div class=\"wp-block-uagb-container uagb-layout-flex uagb-block-b7d9dbc5 alignfull uagb-is-root-container\">\n<h2 class=\"wp-block-heading has-text-align-center has-ast-global-color-7-color has-text-color has-link-color wp-elements-284ed903144b80d49b17c3889510fdfe\">Burgerlijk recht en familierecht<\/h2>\n<\/div>\n\n\n\n<div class=\"wp-block-uagb-container uagb-block-425c5fc1 alignfull uagb-is-root-container\"><div class=\"uagb-container-inner-blocks-wrap\">\n<div class=\"wp-block-uagb-container uagb-block-ef2c4177\">\n<div class=\"wp-block-uagb-container uagb-block-7a935940\">\n<div class=\"wp-block-uagb-separator uagb-block-524ea134\"><div class=\"wp-block-uagb-separator__inner\" style=\"--my-background-image:\"><\/div><\/div>\n\n\n\n<h4 class=\"wp-block-heading has-text-align-left\">We kunnen je helpen met juridische procedures, arbitrage en de erkenning en tenuitvoerlegging van buitenlandse vonnissen.<\/h4>\n\n\n\n<div class=\"wp-block-uagb-separator uagb-block-bb4e4211\"><div class=\"wp-block-uagb-separator__inner\" style=\"--my-background-image:\"><\/div><\/div>\n\n\n\n<p class=\"has-text-align-left\" style=\"margin-top:0px;margin-bottom:0px;padding-top:0px;padding-bottom:20px;font-style:normal;font-weight:400\">We zijn actief in alle aspecten van het eigendomsrecht en het verbintenissenrecht (contractueel en niet-contractueel).<\/p>\n\n\n\n<p class=\"has-text-align-left\" style=\"margin-top:0px;margin-bottom:0px;padding-top:0px;padding-bottom:20px;font-style:normal;font-weight:400\">We hebben expertise ontwikkeld in wetgeving over het persoonlijk statuut, waaronder:<\/p>\n\n\n\n<ul style=\"margin-right:0px;margin-left:0px;line-height:2.2\" class=\"wp-block-list custom-bullet\">\n<li>Wijziging of correctie van achternaam\/voornaam<\/li>\n\n\n\n<li>Correctie en legalisatie van akten van de burgerlijke stand (huwelijkscontracten, scheidingsakten, afstamming)<\/li>\n\n\n\n<li>Opname van buitenlandse authentieke instrumenten<\/li>\n<\/ul>\n\n\n\n<p class=\"has-text-align-left\" style=\"margin-top:0px;margin-bottom:0px;padding-top:0px;padding-bottom:20px;font-style:normal;font-weight:400\">Een belangrijk deel van onze praktijk is gewijd aan het adviseren over en het beheren van familiegeschillen met een internationale dimensie. Onze advocaten verlenen bijstand in de volgende domeinen:<\/p>\n\n\n\n<ul style=\"margin-right:0px;margin-left:0px;line-height:2.2\" class=\"wp-block-list custom-bullet\">\n<li>Huwelijk van personen van verschillende nationaliteit (huwelijkscontract, gezinshereniging)<\/li>\n\n\n\n<li>Internationale echtscheiding<\/li>\n\n\n\n<li>Voogdij, afstamming, alimentatie<\/li>\n\n\n\n<li>GPA en internationale adoptie<\/li>\n\n\n\n<li>Internationale kinderontvoering<\/li>\n\n\n\n<li>Internationale nalatenschappen (onderzoek van testamenten, formaliteiten voor aanvaarding of afstand, onderzoek van slapende rekeningen)<\/li>\n<\/ul>\n<\/div>\n\n\n\n<div class=\"wp-block-uagb-container uag-hide-mob uagb-block-39ae5c9f\"><\/div>\n\n\n\n<div class=\"wp-block-uagb-buttons uagb-buttons__outer-wrap uagb-btn__medium-btn uagb-btn-tablet__default-btn uagb-btn-mobile__default-btn uagb-block-ab1f9ec0\"><div class=\"uagb-buttons__wrap uagb-buttons-layout-wrap\">\n<div data-aos= \"zoom-in\" data-aos-duration=\"400\" data-aos-delay=\"0\" data-aos-easing=\"ease\" data-aos-once=\"true\" class=\"wp-block-uagb-buttons-child uagb-buttons__outer-wrap uagb-block-103a6ebf wp-block-button\"><div class=\"uagb-button__wrapper\"><a class=\"uagb-buttons-repeater wp-block-button__link\" aria-label=\"\" href=\"https:\/\/ksk-dev.eu\/nl\/neem-contact-op-met\/\" rel=\"follow noopener\" target=\"_self\" role=\"button\"><div class=\"uagb-button__link\">Een afspraak maken<\/div><\/a><\/div><\/div>\n<\/div><\/div>\n<\/div>\n<\/div><\/div>","protected":false},"excerpt":{"rendered":"<p>Droit Civil et Familial Nous vous assistons dans les proc\u00e9dures judiciaires, arbitrages, et dans la reconnaissance et ex\u00e9cution des d\u00e9cisions \u00e9trang\u00e8res Nous op\u00e9rons dans tous les aspects du doit des biens et du droit des obligations (contractuelles et non-contractuelles). Nous avons d\u00e9velopp\u00e9 une expertise en droit de l&rsquo;\u00e9tat des personnes, y compris: Une part consid\u00e9rable [&hellip;]<\/p>","protected":false},"author":1,"featured_media":0,"parent":8,"menu_order":0,"comment_status":"closed","ping_status":"closed","template":"","meta":{"_uag_custom_page_level_css":"","site-sidebar-layout":"no-sidebar","site-content-layout":"plain-container","ast-site-content-layout":"normal-width-container","site-content-style":"unboxed","site-sidebar-style":"unboxed","ast-global-header-display":"","ast-banner-title-visibility":"","ast-main-header-display":"","ast-hfb-above-header-display":"","ast-hfb-below-header-display":"","ast-hfb-mobile-header-display":"","site-post-title":"disabled","ast-breadcrumbs-content":"","ast-featured-img":"disabled","footer-sml-layout":"","ast-disable-related-posts":"","theme-transparent-header-meta":"enabled","adv-header-id-meta":"","stick-header-meta":"","header-above-stick-meta":"","header-main-stick-meta":"","header-below-stick-meta":"","astra-migrate-meta-layouts":"set","ast-page-background-enabled":"default","ast-page-background-meta":{"desktop":{"background-color":"var(--ast-global-color-4)","background-image":"","background-repeat":"repeat","background-position":"center center","background-size":"auto","background-attachment":"scroll","background-type":"","background-media":"","overlay-type":"","overlay-color":"","overlay-opacity":"","overlay-gradient":""},"tablet":{"background-color":"","background-image":"","background-repeat":"repeat","background-position":"center center","background-size":"auto","background-attachment":"scroll","background-type":"","background-media":"","overlay-type":"","overlay-color":"","overlay-opacity":"","overlay-gradient":""},"mobile":{"background-color":"","background-image":"","background-repeat":"repeat","background-position":"center center","background-size":"auto","background-attachment":"scroll","background-type":"","background-media":"","overlay-type":"","overlay-color":"","overlay-opacity":"","overlay-gradient":""}},"ast-content-background-meta":{"desktop":{"background-color":"var(--ast-global-color-5)","background-image":"","background-repeat":"repeat","background-position":"center center","background-size":"auto","background-attachment":"scroll","background-type":"","background-media":"","overlay-type":"","overlay-color":"","overlay-opacity":"","overlay-gradient":""},"tablet":{"background-color":"var(--ast-global-color-5)","background-image":"","background-repeat":"repeat","background-position":"center center","background-size":"auto","background-attachment":"scroll","background-type":"","background-media":"","overlay-type":"","overlay-color":"","overlay-opacity":"","overlay-gradient":""},"mobile":{"background-color":"var(--ast-global-color-5)","background-image":"","background-repeat":"repeat","background-position":"center center","background-size":"auto","background-attachment":"scroll","background-type":"","background-media":"","overlay-type":"","overlay-color":"","overlay-opacity":"","overlay-gradient":""}},"footnotes":""},"class_list":["post-2463","page","type-page","status-publish","hentry"],"featured_image_src":null,"uagb_featured_image_src":{"full":false,"thumbnail":false,"medium":false,"medium_large":false,"large":false,"1536x1536":false,"2048x2048":false,"trp-custom-language-flag":false},"uagb_author_info":{"display_name":"ksenia.kozjanova@hotmail.com","author_link":"https:\/\/ksk-dev.eu\/nl\/author\/ksenia-kozjanovahotmail-com\/"},"uagb_comment_info":0,"uagb_excerpt":"Droit Civil et Familial Nous vous assistons dans les proc\u00e9dures judiciaires, arbitrages, et dans la reconnaissance et ex\u00e9cution des d\u00e9cisions \u00e9trang\u00e8res Nous op\u00e9rons dans tous les aspects du doit des biens et du droit des obligations (contractuelles et non-contractuelles). Nous avons d\u00e9velopp\u00e9 une expertise en droit de l&rsquo;\u00e9tat des personnes, y compris: Une part consid\u00e9rable&hellip;","_links":{"self":[{"href":"https:\/\/ksk-dev.eu\/nl\/wp-json\/wp\/v2\/pages\/2463","targetHints":{"allow":["GET"]}}],"collection":[{"href":"https:\/\/ksk-dev.eu\/nl\/wp-json\/wp\/v2\/pages"}],"about":[{"href":"https:\/\/ksk-dev.eu\/nl\/wp-json\/wp\/v2\/types\/page"}],"author":[{"embeddable":true,"href":"https:\/\/ksk-dev.eu\/nl\/wp-json\/wp\/v2\/users\/1"}],"replies":[{"embeddable":true,"href":"https:\/\/ksk-dev.eu\/nl\/wp-json\/wp\/v2\/comments?post=2463"}],"version-history":[{"count":32,"href":"https:\/\/ksk-dev.eu\/nl\/wp-json\/wp\/v2\/pages\/2463\/revisions"}],"predecessor-version":[{"id":10123,"href":"https:\/\/ksk-dev.eu\/nl\/wp-json\/wp\/v2\/pages\/2463\/revisions\/10123"}],"up":[{"embeddable":true,"href":"https:\/\/ksk-dev.eu\/nl\/wp-json\/wp\/v2\/pages\/8"}],"wp:attachment":[{"href":"https:\/\/ksk-dev.eu\/nl\/wp-json\/wp\/v2\/media?parent=2463"}],"curies":[{"name":"wp","href":"https:\/\/api.w.org\/{rel}","templated":true}]}}