{"id":2471,"date":"2025-03-11T11:44:41","date_gmt":"2025-03-11T11:44:41","guid":{"rendered":"https:\/\/ksk-dev.eu\/?page_id=2471"},"modified":"2025-05-13T13:53:52","modified_gmt":"2025-05-13T11:53:52","slug":"bedrijven","status":"publish","type":"page","link":"https:\/\/ksk-dev.eu\/nl\/expertise\/bedrijven\/","title":{"rendered":"Bedrijfsrecht"},"content":{"rendered":"<div class=\"wp-block-uagb-container uagb-layout-flex uagb-block-b7d9dbc5 alignfull uagb-is-root-container\">\n<h2 class=\"wp-block-heading has-text-align-center has-ast-global-color-7-color has-text-color has-link-color wp-elements-e50a117d0bb082cbe457793e1369d992\">Bedrijfsrecht<\/h2>\n<\/div>\n\n\n\n<div class=\"wp-block-uagb-container uagb-block-425c5fc1 alignfull uagb-is-root-container\"><div class=\"uagb-container-inner-blocks-wrap\">\n<div class=\"wp-block-uagb-container uagb-block-ef2c4177\">\n<div class=\"wp-block-uagb-container uagb-block-7a935940\">\n<div class=\"wp-block-uagb-separator uagb-block-83e14a8c\"><div class=\"wp-block-uagb-separator__inner\" style=\"--my-background-image:\"><\/div><\/div>\n\n\n\n<h4 class=\"wp-block-heading has-text-align-left\">Wanneer je besluit je eigen bedrijf op te zetten, komen er veel vragen bij je op. Wij staan vanaf het begin aan je zijde en helpen je om beslissingen te nemen over de volgende punten:<\/h4>\n\n\n\n<div class=\"wp-block-uagb-separator uagb-block-345ca385\"><div class=\"wp-block-uagb-separator__inner\" style=\"--my-background-image:\"><\/div><\/div>\n\n\n\n<ul style=\"margin-right:0px;margin-left:0px;line-height:2.2\" class=\"wp-block-list custom-bullet\">\n<li style=\"margin-left:0px\">Ben je van plan een gereglementeerde activiteit uit te voeren en welke toelatingen zijn daarvoor nodig?<\/li>\n\n\n\n<li style=\"margin-left:0px\">Wat is de meest geschikte rechtsvorm?<\/li>\n\n\n\n<li style=\"margin-left:0px\">Hoe kan ik bijdragen aan het kapitaal van een bedrijf?&nbsp;<\/li>\n<\/ul>\n\n\n\n<p class=\"has-text-align-left\" style=\"margin-top:0px;margin-bottom:0px;padding-top:0px;padding-bottom:0px;font-style:normal;font-weight:400\">Zodra je bedrijf is opgestart, ondersteunen we je bedrijf met de volgende diensten:<\/p>\n\n\n\n<ul style=\"margin-right:0px;margin-left:0px;line-height:2.2\" class=\"wp-block-list custom-bullet\">\n<li>Opstellen van statuten en naleving van het nieuwe Wetboek van Vennootschappen;<\/li>\n\n\n\n<li>Notulen bijhouden van algemene vergaderingen, raden van bestuur en andere organen;<\/li>\n\n\n\n<li>Hulp bij onderhandelingen;<\/li>\n\n\n\n<li>Controleer de solvabiliteit en betrouwbaarheid van je zakenpartners;<\/li>\n\n\n\n<li>Opstellen en wijzigen van contracten met zakenpartners;<\/li>\n\n\n\n<li>Registratie van handelsmerken, patenten en domeinnamen;<\/li>\n\n\n\n<li>De beschikbaarheid van een handelsmerk of logo controleren.<\/li>\n<\/ul>\n\n\n\n<p class=\"has-text-align-left\" style=\"margin-top:0px;margin-bottom:0px;padding-top:0px;padding-bottom:0px;font-style:normal;font-weight:400\">Voor de verdere ontwikkeling en groei van het bedrijf is ook de hulp van een advocaat nodig. U kunt bijvoorbeeld het volgende nodig hebben<\/p>\n\n\n\n<ul style=\"margin-right:0px;margin-left:0px;line-height:2.2\" class=\"wp-block-list custom-bullet\">\n<li>Kapitaalverhoging;<\/li>\n\n\n\n<li>Verwerving van aandelen in het kapitaal van een derde bedrijf;<\/li>\n\n\n\n<li>Co\u00f6rdinatie van bankleningen en bijbehorende garanties;<\/li>\n\n\n\n<li>Herstructurering, verkoop of overname van bedrijfsonderdelen;<\/li>\n\n\n\n<li>Collectief ontslag of contractuele overplaatsing van personeel.<\/li>\n<\/ul>\n\n\n\n<p class=\"has-text-align-left\" style=\"margin-top:0px;margin-bottom:0px;padding-top:0px;padding-bottom:20px;font-style:normal;font-weight:400\">Onze advocaten helpen u met alle problemen en vragen die zich voordoen bij de activiteiten van uw bedrijf.<\/p>\n\n\n\n<p class=\"has-text-align-left\" style=\"margin-top:0px;margin-bottom:0px;padding-top:0px;padding-bottom:20px;font-style:normal;font-weight:400\">De veiligste oplossing is om mogelijke risico's te voorkomen: we raden je aan om een juridische beoordeling van het bedrijf uit te voeren om mogelijke problemen te voorkomen.<\/p>\n\n\n\n<p class=\"has-text-align-left\" style=\"margin-top:0px;margin-bottom:0px;padding-top:0px;padding-bottom:20px;font-style:normal;font-weight:400\">Voor zakelijke klanten bieden wij een abonnementsdienst voor volledige juridische ondersteuning.<\/p>\n\n\n\n<div class=\"wp-block-uagb-separator uagb-block-99cb016f\"><div class=\"wp-block-uagb-separator__inner\" style=\"--my-background-image:\"><\/div><\/div>\n\n\n\n<h4 class=\"wp-block-heading has-text-align-left\">Gedetacheerde advocaten<\/h4>\n\n\n\n<div class=\"wp-block-uagb-separator uagb-block-b9bfda75\"><div class=\"wp-block-uagb-separator__inner\" style=\"--my-background-image:\"><\/div><\/div>\n\n\n\n<p class=\"has-text-align-left\" style=\"margin-top:0px;margin-bottom:0px;padding-top:0px;padding-bottom:20px;font-style:normal;font-weight:400\">Heeft jouw bedrijf eenmalig of regelmatig een bedrijfsjurist nodig?<\/p>\n\n\n\n<p class=\"has-text-align-left\" style=\"margin-top:0px;margin-bottom:0px;padding-top:0px;padding-bottom:20px;font-style:normal;font-weight:400\">PRAVOLEX advocaten bieden interne detacheringsdiensten aan en kunnen de volgende werkzaamheden uitvoeren:<\/p>\n\n\n\n<ul style=\"margin-right:0px;margin-left:0px;line-height:2.2\" class=\"wp-block-list custom-bullet\">\n<li>Bedrijfsdocumenten opstellen en bijhouden;<\/li>\n\n\n\n<li>Opstellen van algemene voorwaarden, privacybeleid, enz;<\/li>\n\n\n\n<li>RGPD-audit;<\/li>\n\n\n\n<li>Arbeidsrechtelijke controle, naleving van contracten, voorschriften en werknemersdossiers.<\/li>\n<\/ul>\n\n\n\n<p class=\"has-text-align-left\" style=\"margin-top:0px;margin-bottom:0px;padding-top:0px;padding-bottom:20px;font-style:normal;font-weight:400\">Deze detachering vindt plaats in overeenstemming met de waarden van het beroep: beroepsgeheim, belangenconflicten en onafhankelijkheid.<\/p>\n<\/div>\n\n\n\n<div class=\"wp-block-uagb-container uag-hide-mob uagb-block-39ae5c9f\"><\/div>\n\n\n\n<div class=\"wp-block-uagb-buttons uagb-buttons__outer-wrap uagb-btn__medium-btn uagb-btn-tablet__default-btn uagb-btn-mobile__default-btn uagb-block-ab1f9ec0\"><div class=\"uagb-buttons__wrap uagb-buttons-layout-wrap\">\n<div data-aos= \"zoom-in\" data-aos-duration=\"400\" data-aos-delay=\"0\" data-aos-easing=\"ease\" data-aos-once=\"true\" class=\"wp-block-uagb-buttons-child uagb-buttons__outer-wrap uagb-block-103a6ebf wp-block-button\"><div class=\"uagb-button__wrapper\"><a class=\"uagb-buttons-repeater wp-block-button__link\" aria-label=\"\" href=\"https:\/\/ksk-dev.eu\/nl\/neem-contact-op-met\/\" rel=\"follow noopener\" target=\"_self\" role=\"button\"><div class=\"uagb-button__link\">Een afspraak maken<\/div><\/a><\/div><\/div>\n<\/div><\/div>\n<\/div>\n<\/div><\/div>","protected":false},"excerpt":{"rendered":"<p>Entreprises Lorsque vous d\u00e9cidez de cr\u00e9er votre propre entreprise,&nbsp;de nombreuses questions se posent. Nous serons \u00e0 vos c\u00f4t\u00e9s d\u00e8s le d\u00e9marrage de votre entreprise et vous aiderons \u00e0 d\u00e9cider des points suivants : Apr\u00e8s l&rsquo;ouverture de la soci\u00e9t\u00e9,&nbsp;nous vous accompagnons dans vos activit\u00e9s au travers les services suivants : La poursuite du d\u00e9veloppement et la [&hellip;]<\/p>","protected":false},"author":1,"featured_media":0,"parent":8,"menu_order":0,"comment_status":"closed","ping_status":"closed","template":"","meta":{"_uag_custom_page_level_css":"","site-sidebar-layout":"no-sidebar","site-content-layout":"plain-container","ast-site-content-layout":"normal-width-container","site-content-style":"unboxed","site-sidebar-style":"unboxed","ast-global-header-display":"","ast-banner-title-visibility":"","ast-main-header-display":"","ast-hfb-above-header-display":"","ast-hfb-below-header-display":"","ast-hfb-mobile-header-display":"","site-post-title":"disabled","ast-breadcrumbs-content":"","ast-featured-img":"disabled","footer-sml-layout":"","ast-disable-related-posts":"","theme-transparent-header-meta":"enabled","adv-header-id-meta":"","stick-header-meta":"","header-above-stick-meta":"","header-main-stick-meta":"","header-below-stick-meta":"","astra-migrate-meta-layouts":"set","ast-page-background-enabled":"default","ast-page-background-meta":{"desktop":{"background-color":"var(--ast-global-color-4)","background-image":"","background-repeat":"repeat","background-position":"center center","background-size":"auto","background-attachment":"scroll","background-type":"","background-media":"","overlay-type":"","overlay-color":"","overlay-opacity":"","overlay-gradient":""},"tablet":{"background-color":"","background-image":"","background-repeat":"repeat","background-position":"center center","background-size":"auto","background-attachment":"scroll","background-type":"","background-media":"","overlay-type":"","overlay-color":"","overlay-opacity":"","overlay-gradient":""},"mobile":{"background-color":"","background-image":"","background-repeat":"repeat","background-position":"center center","background-size":"auto","background-attachment":"scroll","background-type":"","background-media":"","overlay-type":"","overlay-color":"","overlay-opacity":"","overlay-gradient":""}},"ast-content-background-meta":{"desktop":{"background-color":"var(--ast-global-color-5)","background-image":"","background-repeat":"repeat","background-position":"center center","background-size":"auto","background-attachment":"scroll","background-type":"","background-media":"","overlay-type":"","overlay-color":"","overlay-opacity":"","overlay-gradient":""},"tablet":{"background-color":"var(--ast-global-color-5)","background-image":"","background-repeat":"repeat","background-position":"center center","background-size":"auto","background-attachment":"scroll","background-type":"","background-media":"","overlay-type":"","overlay-color":"","overlay-opacity":"","overlay-gradient":""},"mobile":{"background-color":"var(--ast-global-color-5)","background-image":"","background-repeat":"repeat","background-position":"center center","background-size":"auto","background-attachment":"scroll","background-type":"","background-media":"","overlay-type":"","overlay-color":"","overlay-opacity":"","overlay-gradient":""}},"footnotes":""},"class_list":["post-2471","page","type-page","status-publish","hentry"],"featured_image_src":null,"uagb_featured_image_src":{"full":false,"thumbnail":false,"medium":false,"medium_large":false,"large":false,"1536x1536":false,"2048x2048":false,"trp-custom-language-flag":false},"uagb_author_info":{"display_name":"ksenia.kozjanova@hotmail.com","author_link":"https:\/\/ksk-dev.eu\/nl\/author\/ksenia-kozjanovahotmail-com\/"},"uagb_comment_info":0,"uagb_excerpt":"Entreprises Lorsque vous d\u00e9cidez de cr\u00e9er votre propre entreprise,&nbsp;de nombreuses questions se posent. Nous serons \u00e0 vos c\u00f4t\u00e9s d\u00e8s le d\u00e9marrage de votre entreprise et vous aiderons \u00e0 d\u00e9cider des points suivants : Apr\u00e8s l&rsquo;ouverture de la soci\u00e9t\u00e9,&nbsp;nous vous accompagnons dans vos activit\u00e9s au travers les services suivants : La poursuite du d\u00e9veloppement et la&hellip;","_links":{"self":[{"href":"https:\/\/ksk-dev.eu\/nl\/wp-json\/wp\/v2\/pages\/2471","targetHints":{"allow":["GET"]}}],"collection":[{"href":"https:\/\/ksk-dev.eu\/nl\/wp-json\/wp\/v2\/pages"}],"about":[{"href":"https:\/\/ksk-dev.eu\/nl\/wp-json\/wp\/v2\/types\/page"}],"author":[{"embeddable":true,"href":"https:\/\/ksk-dev.eu\/nl\/wp-json\/wp\/v2\/users\/1"}],"replies":[{"embeddable":true,"href":"https:\/\/ksk-dev.eu\/nl\/wp-json\/wp\/v2\/comments?post=2471"}],"version-history":[{"count":43,"href":"https:\/\/ksk-dev.eu\/nl\/wp-json\/wp\/v2\/pages\/2471\/revisions"}],"predecessor-version":[{"id":10430,"href":"https:\/\/ksk-dev.eu\/nl\/wp-json\/wp\/v2\/pages\/2471\/revisions\/10430"}],"up":[{"embeddable":true,"href":"https:\/\/ksk-dev.eu\/nl\/wp-json\/wp\/v2\/pages\/8"}],"wp:attachment":[{"href":"https:\/\/ksk-dev.eu\/nl\/wp-json\/wp\/v2\/media?parent=2471"}],"curies":[{"name":"wp","href":"https:\/\/api.w.org\/{rel}","templated":true}]}}