{"id":2489,"date":"2025-03-11T11:50:15","date_gmt":"2025-03-11T11:50:15","guid":{"rendered":"https:\/\/ksk-dev.eu\/?page_id=2489"},"modified":"2025-05-30T18:58:33","modified_gmt":"2025-05-30T16:58:33","slug":"rgpd","status":"publish","type":"page","link":"https:\/\/ksk-dev.eu\/nl\/onze-tarieven\/rgpd\/","title":{"rendered":"RGPD"},"content":{"rendered":"<div class=\"wp-block-uagb-container uagb-layout-flex uagb-block-b7d9dbc5 alignfull uagb-is-root-container\">\n<h2 class=\"wp-block-heading has-text-align-center has-ast-global-color-7-color has-text-color has-link-color wp-elements-01cd079a0d5680b4cd0ae8e625a338f2\">RGPD<\/h2>\n<\/div>\n\n\n\n<div class=\"wp-block-uagb-container uagb-block-425c5fc1 alignfull uagb-is-root-container\"><div class=\"uagb-container-inner-blocks-wrap\">\n<div class=\"wp-block-uagb-container uagb-block-ef2c4177\">\n<div class=\"wp-block-uagb-container custom-bullet uagb-block-7a935940\">\n<h4 class=\"wp-block-heading has-text-align-left\" style=\"margin-top:0px;margin-bottom:0px;line-height:1.4\">Verkoop je producten of diensten in Europa?  <\/h4>\n\n\n\n<h4 class=\"wp-block-heading has-text-align-left\" style=\"margin-top:0px;margin-bottom:0px;line-height:1.4\">Is uw site toegankelijk in Europa?<\/h4>\n\n\n\n<h4 class=\"wp-block-heading has-text-align-left\" style=\"margin-top:0px;margin-bottom:0px;line-height:1.4\">Je bent onderworpen aan de RGPD.<\/h4>\n\n\n\n<p style=\"margin-top:0px;margin-bottom:0px;padding-top:0px;padding-bottom:0px\">De RGPD is de Europese wetgeving die de persoonsgegevens van Europese ingezetenen beschermt. Het is een van de meest beschermende ter wereld en heeft als voorbeeld gediend voor veel nationale wetgevingen. Er zijn allerlei soorten persoonlijke gegevens (naam, bankgegevens, IP-adres, online winkelmandje, enz.)<\/p>\n\n\n\n<p style=\"margin-top:0px;margin-bottom:0px;padding-top:0px;padding-bottom:0px\">Nationale gegevensbeschermingsautoriteiten controleren de naleving van de RGPD door alle bedrijven - Europees of buitenlands, B2C of B2B. Niet-naleving kan boetes tot 4% van de omzet tot gevolg hebben.<\/p>\n\n\n\n<h4 class=\"wp-block-heading has-text-align-left\" style=\"line-height:1.4\">PRAVOLEX biedt een complete compliance service met follow-up en eenmalige diensten<\/h4>\n\n\n\n<p style=\"margin-top:0px;margin-bottom:0px;padding-top:0px;padding-bottom:0px\">Wij kunnen u helpen uw behoeften en verplichtingen te identificeren en deze in uw bedrijf te implementeren.<\/p>\n\n\n\n<ul style=\"margin-right:0px;margin-left:0px;padding-right:0px;padding-left:0px;line-height:2.2\" class=\"wp-block-list\">\n<li>Privacy- en cookiebeleid<\/li>\n\n\n\n<li>Contracten (onderaannemers en andere partners)<\/li>\n\n\n\n<li>Consulting en audit<\/li>\n\n\n\n<li>Administratief beheer (contracten met de bevoegde autoriteit, enz.)<\/li>\n<\/ul>\n\n\n\n<div class=\"wp-block-uagb-buttons uagb-buttons__outer-wrap uagb-btn__medium-btn uagb-btn-tablet__default-btn uagb-btn-mobile__default-btn uagb-block-ab1f9ec0\"><div class=\"uagb-buttons__wrap uagb-buttons-layout-wrap\">\n<div data-aos= \"zoom-in\" data-aos-duration=\"400\" data-aos-delay=\"0\" data-aos-easing=\"ease\" data-aos-once=\"true\" class=\"wp-block-uagb-buttons-child uagb-buttons__outer-wrap uagb-block-103a6ebf wp-block-button\"><div class=\"uagb-button__wrapper\"><a class=\"uagb-buttons-repeater wp-block-button__link\" aria-label=\"\" href=\"https:\/\/ksk-dev.eu\/nl\/neem-contact-op-met\/\" rel=\"follow noopener\" target=\"_self\" role=\"button\"><div class=\"uagb-button__link\">Een afspraak maken<\/div><\/a><\/div><\/div>\n\n\n\n<div data-aos= \"zoom-in\" data-aos-duration=\"400\" data-aos-delay=\"0\" data-aos-easing=\"ease\" data-aos-once=\"true\" class=\"wp-block-uagb-buttons-child uagb-buttons__outer-wrap uagb-block-b9bcc79d wp-block-button\"><div class=\"uagb-button__wrapper\"><a class=\"uagb-buttons-repeater wp-block-button__link\" aria-label=\"\" href=\"https:\/\/ksk-dev.eu\/wp-content\/uploads\/2025\/04\/RGPD.pdf\" rel=\"follow noopener\" target=\"_self\" role=\"button\"><div class=\"uagb-button__link\">Brochure downloaden<\/div><\/a><\/div><\/div>\n<\/div><\/div>\n<\/div>\n\n\n\n<div class=\"wp-block-uagb-container uagb-block-39ae5c9f\"><\/div>\n<\/div>\n\n\n\n<div class=\"wp-block-uagb-container remove-max-width custom-bullet uagb-block-dbe2b91a default uagb-is-root-container\">\n<div class=\"wp-block-uagb-container uagb-block-764a1e05\">\n<h4 class=\"wp-block-heading has-text-align-left\">Onze pakketten<\/h4>\n<\/div>\n\n\n\n<div class=\"wp-block-uagb-container uagb-block-5725c67c\">\n<div class=\"wp-block-columns is-layout-flex wp-container-core-columns-is-layout-fa727d92 wp-block-columns-is-layout-flex\" style=\"border-top-left-radius:0%;border-top-right-radius:0px;border-bottom-left-radius:0px;border-bottom-right-radius:0px;padding-right:0px;padding-left:0px\">\n<div class=\"wp-block-column has-ast-global-color-8-background-color has-background is-layout-flow wp-block-column-is-layout-flow\" style=\"border-radius:1rem;padding-top:2rem;padding-right:2rem;padding-bottom:2rem;padding-left:2rem;flex-basis:33%\">\n<h5 class=\"wp-block-heading has-text-align-left\" style=\"margin-bottom:10%\"><strong>Naleving<\/strong><\/h5>\n\n\n\n<p class=\"has-ast-global-color-3-color has-text-color has-link-color wp-elements-500a8ddb6d181dd8888f17d30d9976c0\">Identificatie van de kloof tussen de bestaande situatie en de minimumvereisten, actie.<\/p>\n\n\n\n<h5 class=\"wp-block-heading has-border-color has-ast-global-color-1-border-color\"><strong>2.750 - 5.000 \u20ac EXCL. BTW <\/strong><\/h5>\n\n\n\n<div class=\"wp-block-uagb-separator uagb-block-ff2a0a9f\"><div class=\"uagb-separator-spacing-wrapper\"><div class=\"wp-block-uagb-separator__inner\" style=\"--my-background-image:\"><\/div><\/div><\/div>\n\n\n\n<ul style=\"margin-right:0%;margin-left:0%;padding-right:0px;padding-left:0px\" class=\"wp-block-list\">\n<li style=\"margin-bottom:5%\">Register van verwerkingsactiviteiten<\/li>\n\n\n\n<li style=\"margin-bottom:5%\">Privacybeleid, cookiebeleid<\/li>\n\n\n\n<li style=\"margin-bottom:5%\">Meldingen van gebruikers<\/li>\n\n\n\n<li>Website-audit<\/li>\n<\/ul>\n\n\n\n<div class=\"wp-block-uagb-buttons uagb-buttons__outer-wrap uagb-btn__default-btn uagb-btn-tablet__default-btn uagb-btn-mobile__default-btn uagb-block-067a0a19\"><div class=\"uagb-buttons__wrap uagb-buttons-layout-wrap\">\n<div data-aos= \"zoom-in\" data-aos-duration=\"400\" data-aos-delay=\"0\" data-aos-easing=\"ease\" data-aos-once=\"true\" class=\"wp-block-uagb-buttons-child uagb-buttons__outer-wrap uagb-block-c3e2cbb3 wp-block-button\"><div class=\"uagb-button__wrapper\"><a class=\"uagb-buttons-repeater wp-block-button__link\" aria-label=\"\" href=\"https:\/\/ksk-dev.eu\/nl\/neem-contact-op-met\/\" rel=\"follow noopener\" target=\"_self\" role=\"button\"><div class=\"uagb-button__link\">Een afspraak maken<\/div><\/a><\/div><\/div>\n<\/div><\/div>\n<\/div>\n\n\n\n<div class=\"wp-block-column has-ast-global-color-8-background-color has-background is-layout-flow wp-block-column-is-layout-flow\" style=\"border-radius:1rem;padding-top:2rem;padding-right:2rem;padding-bottom:2rem;padding-left:2rem;flex-basis:33%\">\n<h5 class=\"wp-block-heading has-text-align-left\" style=\"margin-bottom:10%\"><strong>In-company follow-up<\/strong><\/h5>\n\n\n\n<p class=\"has-ast-global-color-2-color has-text-color has-link-color wp-elements-837439ada4b7f7f5c3e27b9b528f0027\">Monitoring van de duurzaamheid van de maatregelen die in je bedrijf zijn ge\u00efmplementeerd.<\/p>\n\n\n\n<h5 class=\"wp-block-heading\"><strong>800 \u20ac excl. btw\/dag<\/strong><\/h5>\n\n\n\n<div class=\"wp-block-uagb-separator uagb-block-4f467fb5\"><div class=\"uagb-separator-spacing-wrapper\"><div class=\"wp-block-uagb-separator__inner\" style=\"--my-background-image:\"><\/div><\/div><\/div>\n\n\n\n<ul style=\"margin-right:0%;margin-left:5%;padding-right:0px;padding-left:0px\" class=\"wp-block-list\">\n<li style=\"margin-bottom:5%\">Voortdurende controle van verwerkingsactiviteiten<\/li>\n\n\n\n<li style=\"margin-bottom:5%\">2e lijns ondersteuning &amp; advies over RGPD-gerelateerde kwesties<\/li>\n\n\n\n<li style=\"margin-bottom:5%\">Regelmatig voortgangsverslag<\/li>\n\n\n\n<li style=\"margin-bottom:5%\">Wettelijke controle van de belangrijkste bronnen (EDPB, Belgische Gegevensbeschermingsautoriteit, CNIL, etc.)<\/li>\n<\/ul>\n\n\n\n<div class=\"wp-block-uagb-buttons uagb-buttons__outer-wrap uagb-btn__default-btn uagb-btn-tablet__default-btn uagb-btn-mobile__default-btn uagb-block-aeada7e2\"><div class=\"uagb-buttons__wrap uagb-buttons-layout-wrap\">\n<div data-aos= \"zoom-in\" data-aos-duration=\"400\" data-aos-delay=\"0\" data-aos-easing=\"ease\" data-aos-once=\"true\" class=\"wp-block-uagb-buttons-child uagb-buttons__outer-wrap uagb-block-d3bc106f wp-block-button\"><div class=\"uagb-button__wrapper\"><a class=\"uagb-buttons-repeater wp-block-button__link\" aria-label=\"\" href=\"https:\/\/ksk-dev.eu\/nl\/neem-contact-op-met\/\" rel=\"follow noopener\" target=\"_self\" role=\"button\"><div class=\"uagb-button__link\">Een afspraak maken<\/div><\/a><\/div><\/div>\n<\/div><\/div>\n<\/div>\n\n\n\n<div class=\"wp-block-column has-ast-global-color-8-background-color has-background is-layout-flow wp-block-column-is-layout-flow\" style=\"border-radius:1rem;padding-top:2rem;padding-right:2rem;padding-bottom:2rem;padding-left:2rem;flex-basis:33%\">\n<h5 class=\"wp-block-heading has-text-align-left\" style=\"margin-bottom:10%\"><strong>Partnercontracten<\/strong><\/h5>\n\n\n\n<p class=\"has-ast-global-color-3-color has-text-color has-link-color wp-elements-7ad5beb8c48f073da57bc37f04612ac1\">Hulp bij gegevensbescherming in het geval van mede-eigenaren.<\/p>\n\n\n\n<h5 class=\"wp-block-heading\"><strong>vanaf \u20ac160 excl. btw\/dag<\/strong><\/h5>\n\n\n\n<div class=\"wp-block-uagb-separator uagb-block-b4118a43\"><div class=\"uagb-separator-spacing-wrapper\"><div class=\"wp-block-uagb-separator__inner\" style=\"--my-background-image:\"><\/div><\/div><\/div>\n\n\n\n<ul style=\"margin-right:0%;margin-left:5%;padding-right:0px;padding-left:0px\" class=\"wp-block-list\">\n<li style=\"margin-bottom:5%\">Identificatie van gezamenlijke verwerkingsverantwoordelijken of verwerkers<\/li>\n\n\n\n<li style=\"margin-bottom:5%\">Opzetten van een geschikt contractueel kader met medecontractanten<\/li>\n<\/ul>\n\n\n\n<div class=\"wp-block-uagb-buttons uagb-buttons__outer-wrap uagb-btn__default-btn uagb-btn-tablet__default-btn uagb-btn-mobile__default-btn uagb-block-b4f17c4c\"><div class=\"uagb-buttons__wrap uagb-buttons-layout-wrap\">\n<div data-aos= \"zoom-in\" data-aos-duration=\"400\" data-aos-delay=\"0\" data-aos-easing=\"ease\" data-aos-once=\"true\" class=\"wp-block-uagb-buttons-child uagb-buttons__outer-wrap uagb-block-5bf4bcca wp-block-button\"><div class=\"uagb-button__wrapper\"><a class=\"uagb-buttons-repeater wp-block-button__link\" aria-label=\"\" href=\"https:\/\/ksk-dev.eu\/nl\/neem-contact-op-met\/\" rel=\"follow noopener\" target=\"_self\" role=\"button\"><div class=\"uagb-button__link\">Een afspraak maken<\/div><\/a><\/div><\/div>\n<\/div><\/div>\n<\/div>\n<\/div>\n<\/div>\n<\/div>\n\n\n\n<div class=\"wp-block-uagb-container remove-max-width uagb-block-5fb57aed default uagb-is-root-container\">\n<div class=\"wp-block-uagb-container uagb-block-f04dffef\">\n<h4 class=\"wp-block-heading has-text-align-left\">Onze specialisten<\/h4>\n<\/div>\n\n\n\n<div class=\"wp-block-uagb-container uagb-block-58de735d\">\n<div class=\"wp-block-uagb-container uagb-block-faf4858a\">\n<div class=\"wp-block-uagb-container uagb-block-f1a5eae3\"><\/div>\n\n\n\n<div class=\"wp-block-uagb-container uagb-block-3ccce434\">\n<div class=\"wp-block-uagb-separator uagb-block-b60b92d1\"><div class=\"wp-block-uagb-separator__inner\" style=\"--my-background-image:\"><\/div><\/div>\n\n\n\n<h5 class=\"wp-block-heading has-text-align-center\">Anna Sussarova<\/h5>\n\n\n\n<div class=\"wp-block-uagb-separator uagb-block-d060c587\"><div class=\"wp-block-uagb-separator__inner\" style=\"--my-background-image:\"><\/div><\/div>\n\n\n\n<p class=\"has-text-align-center\" style=\"font-size:0.9rem\">Advocaat<br>Handels- en vennootschapsrecht<br>Mobiel: +32 493 41 98 68<br>E-mail: info@pravolex.be<\/p>\n\n\n\n<div class=\"wp-block-uagb-buttons uagb-buttons__outer-wrap uagb-btn__default-btn uagb-btn-tablet__default-btn uagb-btn-mobile__default-btn uagb-block-64f05226\"><div class=\"uagb-buttons__wrap uagb-buttons-layout-wrap\">\n<div data-aos= \"zoom-in\" data-aos-duration=\"400\" data-aos-delay=\"0\" data-aos-easing=\"ease\" data-aos-once=\"true\" class=\"wp-block-uagb-buttons-child uagb-buttons__outer-wrap uagb-block-ef2d74d2 wp-block-button\"><div class=\"uagb-button__wrapper\"><a class=\"uagb-buttons-repeater wp-block-button__link\" aria-label=\"\" href=\"https:\/\/ksk-dev.eu\/nl\/neem-contact-op-met\/\" rel=\"follow noopener\" target=\"_self\" role=\"button\"><div class=\"uagb-button__link\">Een afspraak maken<\/div><\/a><\/div><\/div>\n<\/div><\/div>\n<\/div>\n<\/div>\n\n\n\n<div class=\"wp-block-uagb-container uagb-block-04b4760f\">\n<div class=\"wp-block-uagb-container uagb-block-1abbbdfc\"><\/div>\n\n\n\n<div class=\"wp-block-uagb-container uagb-block-f3bb3f81\">\n<div class=\"wp-block-uagb-separator uagb-block-1bcf26d1\"><div class=\"wp-block-uagb-separator__inner\" style=\"--my-background-image:\"><\/div><\/div>\n\n\n\n<h5 class=\"wp-block-heading has-text-align-center\">Marie Fret<\/h5>\n\n\n\n<div class=\"wp-block-uagb-separator uagb-block-7b2f3010\"><div class=\"wp-block-uagb-separator__inner\" style=\"--my-background-image:\"><\/div><\/div>\n\n\n\n<p class=\"has-text-align-center\" style=\"font-size:0.9rem\">Technologie recht<br>Master in technologierecht<br>Mobiel +32 493 41 98 68<br>E-mail: info@pravolex.be<\/p>\n\n\n\n<div class=\"wp-block-uagb-buttons uagb-buttons__outer-wrap uagb-btn__default-btn uagb-btn-tablet__default-btn uagb-btn-mobile__default-btn uagb-block-9bcd1f70\"><div class=\"uagb-buttons__wrap uagb-buttons-layout-wrap\">\n<div data-aos= \"zoom-in\" data-aos-duration=\"400\" data-aos-delay=\"0\" data-aos-easing=\"ease\" data-aos-once=\"true\" class=\"wp-block-uagb-buttons-child uagb-buttons__outer-wrap uagb-block-dced5eb5 wp-block-button\"><div class=\"uagb-button__wrapper\"><a class=\"uagb-buttons-repeater wp-block-button__link\" aria-label=\"\" href=\"https:\/\/ksk-dev.eu\/nl\/neem-contact-op-met\/\" rel=\"follow noopener\" target=\"_self\" role=\"button\"><div class=\"uagb-button__link\">Een afspraak maken<\/div><\/a><\/div><\/div>\n<\/div><\/div>\n<\/div>\n<\/div>\n<\/div>\n<\/div>\n<\/div><\/div>","protected":false},"excerpt":{"rendered":"<p>RGPD Vous commercialisez des produits ou services en Europe? Votre site est accessible en Europe? Vous \u00eates soumis au RGPD. Le RGPD est la l\u00e9gislation europ\u00e9enne prot\u00e9geant les donn\u00e9es personnelles des r\u00e9sidents europ\u00e9ens. L\u2019une des plus protectrices du monde, elle a servi d\u2019exemple \u00e0 de nombreuses l\u00e9gislations nationales. Les donn\u00e9es personnelles sont de toutes sortes [&hellip;]<\/p>","protected":false},"author":1,"featured_media":0,"parent":3729,"menu_order":0,"comment_status":"closed","ping_status":"closed","template":"","meta":{"_uag_custom_page_level_css":"","site-sidebar-layout":"no-sidebar","site-content-layout":"plain-container","ast-site-content-layout":"normal-width-container","site-content-style":"unboxed","site-sidebar-style":"unboxed","ast-global-header-display":"","ast-banner-title-visibility":"","ast-main-header-display":"","ast-hfb-above-header-display":"","ast-hfb-below-header-display":"","ast-hfb-mobile-header-display":"","site-post-title":"disabled","ast-breadcrumbs-content":"","ast-featured-img":"disabled","footer-sml-layout":"","ast-disable-related-posts":"","theme-transparent-header-meta":"enabled","adv-header-id-meta":"","stick-header-meta":"","header-above-stick-meta":"","header-main-stick-meta":"","header-below-stick-meta":"","astra-migrate-meta-layouts":"set","ast-page-background-enabled":"default","ast-page-background-meta":{"desktop":{"background-color":"var(--ast-global-color-4)","background-image":"","background-repeat":"repeat","background-position":"center center","background-size":"auto","background-attachment":"scroll","background-type":"","background-media":"","overlay-type":"","overlay-color":"","overlay-opacity":"","overlay-gradient":""},"tablet":{"background-color":"","background-image":"","background-repeat":"repeat","background-position":"center center","background-size":"auto","background-attachment":"scroll","background-type":"","background-media":"","overlay-type":"","overlay-color":"","overlay-opacity":"","overlay-gradient":""},"mobile":{"background-color":"","background-image":"","background-repeat":"repeat","background-position":"center center","background-size":"auto","background-attachment":"scroll","background-type":"","background-media":"","overlay-type":"","overlay-color":"","overlay-opacity":"","overlay-gradient":""}},"ast-content-background-meta":{"desktop":{"background-color":"var(--ast-global-color-5)","background-image":"","background-repeat":"repeat","background-position":"center center","background-size":"auto","background-attachment":"scroll","background-type":"","background-media":"","overlay-type":"","overlay-color":"","overlay-opacity":"","overlay-gradient":""},"tablet":{"background-color":"var(--ast-global-color-5)","background-image":"","background-repeat":"repeat","background-position":"center center","background-size":"auto","background-attachment":"scroll","background-type":"","background-media":"","overlay-type":"","overlay-color":"","overlay-opacity":"","overlay-gradient":""},"mobile":{"background-color":"var(--ast-global-color-5)","background-image":"","background-repeat":"repeat","background-position":"center center","background-size":"auto","background-attachment":"scroll","background-type":"","background-media":"","overlay-type":"","overlay-color":"","overlay-opacity":"","overlay-gradient":""}},"footnotes":""},"class_list":["post-2489","page","type-page","status-publish","hentry"],"featured_image_src":null,"uagb_featured_image_src":{"full":false,"thumbnail":false,"medium":false,"medium_large":false,"large":false,"1536x1536":false,"2048x2048":false,"trp-custom-language-flag":false},"uagb_author_info":{"display_name":"ksenia.kozjanova@hotmail.com","author_link":"https:\/\/ksk-dev.eu\/nl\/author\/ksenia-kozjanovahotmail-com\/"},"uagb_comment_info":0,"uagb_excerpt":"RGPD Vous commercialisez des produits ou services en Europe? Votre site est accessible en Europe? Vous \u00eates soumis au RGPD. Le RGPD est la l\u00e9gislation europ\u00e9enne prot\u00e9geant les donn\u00e9es personnelles des r\u00e9sidents europ\u00e9ens. L\u2019une des plus protectrices du monde, elle a servi d\u2019exemple \u00e0 de nombreuses l\u00e9gislations nationales. Les donn\u00e9es personnelles sont de toutes sortes&hellip;","_links":{"self":[{"href":"https:\/\/ksk-dev.eu\/nl\/wp-json\/wp\/v2\/pages\/2489","targetHints":{"allow":["GET"]}}],"collection":[{"href":"https:\/\/ksk-dev.eu\/nl\/wp-json\/wp\/v2\/pages"}],"about":[{"href":"https:\/\/ksk-dev.eu\/nl\/wp-json\/wp\/v2\/types\/page"}],"author":[{"embeddable":true,"href":"https:\/\/ksk-dev.eu\/nl\/wp-json\/wp\/v2\/users\/1"}],"replies":[{"embeddable":true,"href":"https:\/\/ksk-dev.eu\/nl\/wp-json\/wp\/v2\/comments?post=2489"}],"version-history":[{"count":124,"href":"https:\/\/ksk-dev.eu\/nl\/wp-json\/wp\/v2\/pages\/2489\/revisions"}],"predecessor-version":[{"id":12539,"href":"https:\/\/ksk-dev.eu\/nl\/wp-json\/wp\/v2\/pages\/2489\/revisions\/12539"}],"up":[{"embeddable":true,"href":"https:\/\/ksk-dev.eu\/nl\/wp-json\/wp\/v2\/pages\/3729"}],"wp:attachment":[{"href":"https:\/\/ksk-dev.eu\/nl\/wp-json\/wp\/v2\/media?parent=2489"}],"curies":[{"name":"wp","href":"https:\/\/api.w.org\/{rel}","templated":true}]}}