{"id":2491,"date":"2025-03-11T11:50:40","date_gmt":"2025-03-11T11:50:40","guid":{"rendered":"https:\/\/ksk-dev.eu\/?page_id=2491"},"modified":"2025-05-30T18:57:29","modified_gmt":"2025-05-30T16:57:29","slug":"bedrijfsjurist","status":"publish","type":"page","link":"https:\/\/ksk-dev.eu\/nl\/onze-tarieven\/bedrijfsjurist\/","title":{"rendered":"Bedrijfsjurist"},"content":{"rendered":"<div class=\"wp-block-uagb-container uagb-layout-flex uagb-block-b7d9dbc5 alignfull uagb-is-root-container\">\n<h2 class=\"wp-block-heading has-text-align-center has-white-color has-text-color has-link-color wp-elements-12f2de23bbaa76e1184e90d4e848ad3a\">Uitbestede diensten voor bedrijfsjuristen <\/h2>\n<\/div>\n\n\n\n<div class=\"wp-block-uagb-container uagb-block-425c5fc1 alignfull uagb-is-root-container\"><div class=\"uagb-container-inner-blocks-wrap\">\n<div class=\"wp-block-uagb-container uagb-block-ef2c4177\">\n<div class=\"wp-block-uagb-container uagb-block-7a935940\">\n<h4 class=\"wp-block-heading has-text-align-left\" style=\"line-height:1.4\">Een professionele service tegen een voorspelbare prijs<\/h4>\n\n\n\n<p style=\"margin-top:0px;margin-bottom:4rem;padding-top:0px;padding-bottom:0px\">Bent u een KMO zonder interne jurist?<br>PRAVOLEX heeft een flexibele en voordelige formule ontworpen waarmee u op een heel eenvoudige manier kunt profiteren van de expertise van een advocatenkantoor.<\/p>\n\n\n\n<h4 class=\"wp-block-heading has-text-align-left\" style=\"line-height:1.4\">Ondersteuning op maat van uw dagelijkse behoeften<\/h4>\n\n\n\n<p style=\"margin-top:0px;margin-bottom:0px;padding-top:0px;padding-bottom:0px\">Onze advocaten kunnen je adviseren over alle zaken die te maken hebben met het beheer van je bedrijf:<\/p>\n\n\n\n<ul style=\"margin-top:0px;margin-right:0px;margin-bottom:0px;margin-left:0px;padding-top:0px;padding-right:0px;padding-bottom:0px;padding-left:0px;line-height:2.2\" class=\"wp-block-list custom-bullet\">\n<li>Handels- en vennootschapsrecht<\/li>\n\n\n\n<li>Arbeidsrecht<\/li>\n\n\n\n<li>Contracten en algemene voorwaarden<\/li>\n\n\n\n<li>Incasso<\/li>\n\n\n\n<li>Onroerend goed en verzekeringsrecht<\/li>\n\n\n\n<li>Arbeidsimmigratie (expats\/arbeidscontracten\/verblijfsvergunningen)<\/li>\n\n\n\n<li>Zakelijk strafrecht<\/li>\n<\/ul>\n\n\n\n<div class=\"wp-block-uagb-buttons uagb-buttons__outer-wrap uagb-btn__medium-btn uagb-btn-tablet__default-btn uagb-btn-mobile__default-btn uagb-block-ab1f9ec0\"><div class=\"uagb-buttons__wrap uagb-buttons-layout-wrap\">\n<div data-aos= \"zoom-in\" data-aos-duration=\"400\" data-aos-delay=\"0\" data-aos-easing=\"ease\" data-aos-once=\"true\" class=\"wp-block-uagb-buttons-child uagb-buttons__outer-wrap uagb-block-103a6ebf wp-block-button\"><div class=\"uagb-button__wrapper\"><a class=\"uagb-buttons-repeater wp-block-button__link\" aria-label=\"\" href=\"https:\/\/ksk-dev.eu\/nl\/neem-contact-op-met\/\" rel=\"follow noopener\" target=\"_self\" role=\"button\"><div class=\"uagb-button__link\">Een afspraak maken<\/div><\/a><\/div><\/div>\n\n\n\n<div data-aos= \"zoom-in\" data-aos-duration=\"400\" data-aos-delay=\"0\" data-aos-easing=\"ease\" data-aos-once=\"true\" class=\"wp-block-uagb-buttons-child uagb-buttons__outer-wrap uagb-block-b9bcc79d wp-block-button\"><div class=\"uagb-button__wrapper\"><a class=\"uagb-buttons-repeater wp-block-button__link\" aria-label=\"\" href=\"https:\/\/ksk-dev.eu\/wp-content\/uploads\/2025\/04\/Abonnement-FR.pdf\" rel=\"follow noopener\" target=\"_self\" role=\"button\"><div class=\"uagb-button__link\">Brochure downloaden<\/div><\/a><\/div><\/div>\n<\/div><\/div>\n<\/div>\n\n\n\n<div class=\"wp-block-uagb-container uagb-block-39ae5c9f\"><\/div>\n<\/div>\n\n\n\n<div class=\"wp-block-uagb-container remove-max-width uagb-block-dbe2b91a default uagb-is-root-container\">\n<div class=\"wp-block-uagb-container uagb-block-764a1e05\">\n<h4 class=\"wp-block-heading has-text-align-left\">Onze formule<\/h4>\n<\/div>\n\n\n\n<div class=\"wp-block-uagb-container uagb-block-5725c67c\">\n<div class=\"wp-block-columns custom-bullet is-layout-flex wp-container-core-columns-is-layout-fa727d92 wp-block-columns-is-layout-flex\" style=\"border-top-left-radius:0%;border-top-right-radius:0px;border-bottom-left-radius:0px;border-bottom-right-radius:0px;padding-right:0px;padding-left:0px\">\n<div class=\"wp-block-column has-ast-global-color-8-background-color has-background is-layout-flow wp-block-column-is-layout-flow\" style=\"border-radius:1rem;padding-top:2rem;padding-right:2rem;padding-bottom:2rem;padding-left:2rem;flex-basis:33%\">\n<h5 class=\"wp-block-heading has-text-align-left\"><strong>Abonnement voor KMO's<\/strong><\/h5>\n\n\n\n<p class=\"has-ast-global-color-2-color has-text-color has-link-color wp-elements-64085e80301d08c45abf505f88a7d7b2\">Advies van onze advocaten over alle zaken die te maken hebben met het beheer van je bedrijf.<\/p>\n\n\n\n<h5 class=\"wp-block-heading\"><strong>vanaf \u20ac740 excl. btw.<\/strong><\/h5>\n\n\n\n<div class=\"wp-block-uagb-separator uagb-block-7780d50f\"><div class=\"wp-block-uagb-separator__inner\" style=\"--my-background-image:\"><\/div><\/div>\n\n\n\n<ul style=\"margin-right:0%;margin-left:5%;padding-right:0px;padding-left:0px\" class=\"wp-block-list\">\n<li style=\"margin-bottom:5%\">Referentieadvocaat als uw bevoorrechte contactpersoon, die uw verzoeken centraliseert en uw zaak opvolgt<\/li>\n\n\n\n<li style=\"margin-bottom:5%\">Toegang tot een abonnement van 16 eenheden (1 eenheid = 15 minuten advies) die je naar wens kunt gebruiken: per telefoon, e-mail, afspraak, enz.<\/li>\n\n\n\n<li style=\"margin-bottom:5%\">Prepaid-eenheden, geldig voor onbepaalde tijd en te gebruiken wanneer het jou uitkomt<\/li>\n<\/ul>\n\n\n\n<div class=\"wp-block-uagb-buttons uagb-buttons__outer-wrap uagb-btn__default-btn uagb-btn-tablet__default-btn uagb-btn-mobile__default-btn uagb-block-067a0a19\"><div class=\"uagb-buttons__wrap uagb-buttons-layout-wrap\">\n<div data-aos= \"zoom-in\" data-aos-duration=\"400\" data-aos-delay=\"0\" data-aos-easing=\"ease\" data-aos-once=\"true\" class=\"wp-block-uagb-buttons-child uagb-buttons__outer-wrap uagb-block-c3e2cbb3 wp-block-button\"><div class=\"uagb-button__wrapper\"><a class=\"uagb-buttons-repeater wp-block-button__link\" aria-label=\"\" href=\"https:\/\/ksk-dev.eu\/nl\/neem-contact-op-met\/\" rel=\"follow noopener\" target=\"_self\" role=\"button\"><div class=\"uagb-button__link\">Een afspraak maken<\/div><\/a><\/div><\/div>\n<\/div><\/div>\n<\/div>\n<\/div>\n<\/div>\n<\/div>\n\n\n\n<div class=\"wp-block-uagb-container remove-max-width uagb-block-5fb57aed default uagb-is-root-container\">\n<div class=\"wp-block-uagb-container uagb-block-f04dffef\">\n<h4 class=\"wp-block-heading has-text-align-left\">Onze specialisten<\/h4>\n<\/div>\n\n\n\n<div class=\"wp-block-uagb-container uagb-block-58de735d\">\n<div class=\"wp-block-uagb-container uagb-block-faf4858a\">\n<div class=\"wp-block-uagb-container uagb-block-f1a5eae3\"><\/div>\n\n\n\n<div class=\"wp-block-uagb-container uagb-block-3ccce434\">\n<div class=\"wp-block-uagb-separator uagb-block-b60b92d1\"><div class=\"wp-block-uagb-separator__inner\" style=\"--my-background-image:\"><\/div><\/div>\n\n\n\n<h5 class=\"wp-block-heading has-text-align-center\">Anna Sussarova<\/h5>\n\n\n\n<div class=\"wp-block-uagb-separator uagb-block-d060c587\"><div class=\"wp-block-uagb-separator__inner\" style=\"--my-background-image:\"><\/div><\/div>\n\n\n\n<p class=\"has-text-align-center\" style=\"font-size:0.9rem\">Advocaat<br>Handels- en vennootschapsrecht<br>Mobiel: +32 493 41 98 68<br>E-mail: info@pravolex.be<\/p>\n\n\n\n<div class=\"wp-block-uagb-buttons uagb-buttons__outer-wrap uagb-btn__default-btn uagb-btn-tablet__default-btn uagb-btn-mobile__default-btn uagb-block-64f05226\"><div class=\"uagb-buttons__wrap uagb-buttons-layout-wrap\">\n<div data-aos= \"zoom-in\" data-aos-duration=\"400\" data-aos-delay=\"0\" data-aos-easing=\"ease\" data-aos-once=\"true\" class=\"wp-block-uagb-buttons-child uagb-buttons__outer-wrap uagb-block-ef2d74d2 wp-block-button\"><div class=\"uagb-button__wrapper\"><a class=\"uagb-buttons-repeater wp-block-button__link\" aria-label=\"\" href=\"https:\/\/ksk-dev.eu\/nl\/neem-contact-op-met\/\" rel=\"follow noopener\" target=\"_self\" role=\"button\"><div class=\"uagb-button__link\">Een afspraak maken<\/div><\/a><\/div><\/div>\n<\/div><\/div>\n<\/div>\n<\/div>\n\n\n\n<div class=\"wp-block-uagb-container uagb-block-04b4760f\">\n<div class=\"wp-block-uagb-container uagb-block-1abbbdfc\"><\/div>\n\n\n\n<div class=\"wp-block-uagb-container uagb-block-f3bb3f81\">\n<div class=\"wp-block-uagb-separator uagb-block-1bcf26d1\"><div class=\"wp-block-uagb-separator__inner\" style=\"--my-background-image:\"><\/div><\/div>\n\n\n\n<h5 class=\"wp-block-heading has-text-align-center\">Anna Kolesnikova<\/h5>\n\n\n\n<div class=\"wp-block-uagb-separator uagb-block-7b2f3010\"><div class=\"wp-block-uagb-separator__inner\" style=\"--my-background-image:\"><\/div><\/div>\n\n\n\n<p class=\"has-text-align-center\" style=\"font-size:0.9rem\">Advocaat <br>Handels- en vennootschapsrecht<br>Mobiel +32 493 41 98 68<br>E-mail: info@pravolex.be<\/p>\n\n\n\n<div class=\"wp-block-uagb-buttons uagb-buttons__outer-wrap uagb-btn__default-btn uagb-btn-tablet__default-btn uagb-btn-mobile__default-btn uagb-block-9bcd1f70\"><div class=\"uagb-buttons__wrap uagb-buttons-layout-wrap\">\n<div data-aos= \"zoom-in\" data-aos-duration=\"400\" data-aos-delay=\"0\" data-aos-easing=\"ease\" data-aos-once=\"true\" class=\"wp-block-uagb-buttons-child uagb-buttons__outer-wrap uagb-block-dced5eb5 wp-block-button\"><div class=\"uagb-button__wrapper\"><a class=\"uagb-buttons-repeater wp-block-button__link\" aria-label=\"\" href=\"https:\/\/ksk-dev.eu\/nl\/neem-contact-op-met\/\" rel=\"follow noopener\" target=\"_self\" role=\"button\"><div class=\"uagb-button__link\">Een afspraak maken<\/div><\/a><\/div><\/div>\n<\/div><\/div>\n<\/div>\n<\/div>\n<\/div>\n<\/div>\n<\/div><\/div>","protected":false},"excerpt":{"rendered":"<p>Services de juriste d&rsquo;entreprise externalis\u00e9 Un service Pro, \u00e0 prix pr\u00e9visible Vous \u00eates une PME et vous ne disposez pas de juriste en interne?PRAVOLEX a con\u00e7u une formule souple et avantageuse qui vous permet de b\u00e9n\u00e9ficier de l\u2019expertise d\u2019un cabinet d\u2019avocats en toute simplicit\u00e9. Un accompagnement adapt\u00e9 \u00e0 vos besoins quotidiens Nos avocats vous conseillent [&hellip;]<\/p>","protected":false},"author":1,"featured_media":0,"parent":3729,"menu_order":0,"comment_status":"closed","ping_status":"closed","template":"","meta":{"_uag_custom_page_level_css":"","site-sidebar-layout":"no-sidebar","site-content-layout":"plain-container","ast-site-content-layout":"normal-width-container","site-content-style":"unboxed","site-sidebar-style":"unboxed","ast-global-header-display":"","ast-banner-title-visibility":"","ast-main-header-display":"","ast-hfb-above-header-display":"","ast-hfb-below-header-display":"","ast-hfb-mobile-header-display":"","site-post-title":"disabled","ast-breadcrumbs-content":"","ast-featured-img":"disabled","footer-sml-layout":"","ast-disable-related-posts":"","theme-transparent-header-meta":"enabled","adv-header-id-meta":"","stick-header-meta":"","header-above-stick-meta":"","header-main-stick-meta":"","header-below-stick-meta":"","astra-migrate-meta-layouts":"set","ast-page-background-enabled":"default","ast-page-background-meta":{"desktop":{"background-color":"var(--ast-global-color-4)","background-image":"","background-repeat":"repeat","background-position":"center center","background-size":"auto","background-attachment":"scroll","background-type":"","background-media":"","overlay-type":"","overlay-color":"","overlay-opacity":"","overlay-gradient":""},"tablet":{"background-color":"","background-image":"","background-repeat":"repeat","background-position":"center center","background-size":"auto","background-attachment":"scroll","background-type":"","background-media":"","overlay-type":"","overlay-color":"","overlay-opacity":"","overlay-gradient":""},"mobile":{"background-color":"","background-image":"","background-repeat":"repeat","background-position":"center center","background-size":"auto","background-attachment":"scroll","background-type":"","background-media":"","overlay-type":"","overlay-color":"","overlay-opacity":"","overlay-gradient":""}},"ast-content-background-meta":{"desktop":{"background-color":"var(--ast-global-color-5)","background-image":"","background-repeat":"repeat","background-position":"center center","background-size":"auto","background-attachment":"scroll","background-type":"","background-media":"","overlay-type":"","overlay-color":"","overlay-opacity":"","overlay-gradient":""},"tablet":{"background-color":"var(--ast-global-color-5)","background-image":"","background-repeat":"repeat","background-position":"center center","background-size":"auto","background-attachment":"scroll","background-type":"","background-media":"","overlay-type":"","overlay-color":"","overlay-opacity":"","overlay-gradient":""},"mobile":{"background-color":"var(--ast-global-color-5)","background-image":"","background-repeat":"repeat","background-position":"center center","background-size":"auto","background-attachment":"scroll","background-type":"","background-media":"","overlay-type":"","overlay-color":"","overlay-opacity":"","overlay-gradient":""}},"footnotes":""},"class_list":["post-2491","page","type-page","status-publish","hentry"],"featured_image_src":null,"uagb_featured_image_src":{"full":false,"thumbnail":false,"medium":false,"medium_large":false,"large":false,"1536x1536":false,"2048x2048":false,"trp-custom-language-flag":false},"uagb_author_info":{"display_name":"ksenia.kozjanova@hotmail.com","author_link":"https:\/\/ksk-dev.eu\/nl\/author\/ksenia-kozjanovahotmail-com\/"},"uagb_comment_info":0,"uagb_excerpt":"Services de juriste d&rsquo;entreprise externalis\u00e9 Un service Pro, \u00e0 prix pr\u00e9visible Vous \u00eates une PME et vous ne disposez pas de juriste en interne?PRAVOLEX a con\u00e7u une formule souple et avantageuse qui vous permet de b\u00e9n\u00e9ficier de l\u2019expertise d\u2019un cabinet d\u2019avocats en toute simplicit\u00e9. Un accompagnement adapt\u00e9 \u00e0 vos besoins quotidiens Nos avocats vous conseillent&hellip;","_links":{"self":[{"href":"https:\/\/ksk-dev.eu\/nl\/wp-json\/wp\/v2\/pages\/2491","targetHints":{"allow":["GET"]}}],"collection":[{"href":"https:\/\/ksk-dev.eu\/nl\/wp-json\/wp\/v2\/pages"}],"about":[{"href":"https:\/\/ksk-dev.eu\/nl\/wp-json\/wp\/v2\/types\/page"}],"author":[{"embeddable":true,"href":"https:\/\/ksk-dev.eu\/nl\/wp-json\/wp\/v2\/users\/1"}],"replies":[{"embeddable":true,"href":"https:\/\/ksk-dev.eu\/nl\/wp-json\/wp\/v2\/comments?post=2491"}],"version-history":[{"count":67,"href":"https:\/\/ksk-dev.eu\/nl\/wp-json\/wp\/v2\/pages\/2491\/revisions"}],"predecessor-version":[{"id":12537,"href":"https:\/\/ksk-dev.eu\/nl\/wp-json\/wp\/v2\/pages\/2491\/revisions\/12537"}],"up":[{"embeddable":true,"href":"https:\/\/ksk-dev.eu\/nl\/wp-json\/wp\/v2\/pages\/3729"}],"wp:attachment":[{"href":"https:\/\/ksk-dev.eu\/nl\/wp-json\/wp\/v2\/media?parent=2491"}],"curies":[{"name":"wp","href":"https:\/\/api.w.org\/{rel}","templated":true}]}}