{"id":7609,"date":"2025-04-15T08:25:55","date_gmt":"2025-04-15T08:25:55","guid":{"rendered":"https:\/\/ksk-dev.eu\/?page_id=7609"},"modified":"2025-05-13T12:58:07","modified_gmt":"2025-05-13T10:58:07","slug":"cv-catherine-dimakuiza","status":"publish","type":"page","link":"https:\/\/ksk-dev.eu\/nl\/cv-catherine-dimakuiza\/","title":{"rendered":"CV &#8211; Catherine Dimakuiza"},"content":{"rendered":"<div class=\"wp-block-uagb-container cv_intro_container uagb-layout-flex uagb-block-b7d9dbc5 alignfull uagb-is-root-container\">\n<div class=\"wp-block-uagb-container uagb-block-0e35b454\">\n<div class=\"wp-block-uagb-container uagb-block-3b09dc3d\">\n<div class=\"wp-block-uagb-container uagb-block-d6fcc8cf\"><\/div>\n\n\n\n<div class=\"wp-block-uagb-container uagb-block-e454b704\">\n<h2 class=\"wp-block-heading has-ast-global-color-7-color has-text-color has-link-color wp-elements-2ca249ab2f898f1fc049eb7b1390c5f4\">Catherine Dimakuiza<\/h2>\n\n\n\n<p class=\"has-white-color has-text-color has-link-color wp-elements-89d8ae974f28289cb85ee2c1d4bf0781\"> Verzekerings- en aansprakelijkheidsrecht<\/p>\n\n\n\n<p class=\"has-ast-global-color-7-color has-text-color has-link-color wp-elements-1f5b8acdec1a180f08e4e5444ed86fd3\"> Toegelaten tot de balie van Brussel.<\/p>\n\n\n\n<div class=\"wp-block-uagb-separator uagb-block-6f4784fb\"><div class=\"uagb-separator-spacing-wrapper\"><div class=\"wp-block-uagb-separator__inner\" style=\"--my-background-image:\"><\/div><\/div><\/div>\n\n\n\n<p class=\"has-ast-global-color-5-color has-text-color has-link-color wp-elements-0652219f6a74cfd755d2b20e978182b7\" style=\"margin-top:0px;margin-bottom:0px\"><strong>E-mail: info@pravolex.be<\/strong><\/p>\n\n\n\n<p class=\"has-ast-global-color-5-color has-text-color has-link-color wp-elements-b3dd1052557a8fbbbaedfa3d932e4487\" style=\"margin-top:0px;margin-bottom:0px\"><strong>Mobiel: +32 493 41 98 68<\/strong><\/p>\n<\/div>\n<\/div>\n<\/div>\n\n\n\n<div class=\"wp-block-uagb-container uagb-block-1bd207f7\">\n<div class=\"wp-block-uagb-container uagb-block-a54e7b54 alignfull uagb-is-root-container\"><div class=\"uagb-container-inner-blocks-wrap\">\n<h4 class=\"wp-block-heading has-ast-global-color-2-color has-text-color has-link-color wp-elements-08e9740a8e0ab6deb12b6519572775e6\">Professioneel parcours<\/h4>\n\n\n\n<p class=\"has-text-align-left has-ast-global-color-3-color has-text-color has-link-color wp-elements-7d787d629a3982de2c747146651d0ee4\" style=\"margin-top:0px;margin-bottom:0px\">Beoefent voornamelijk verzekerings- en aansprakelijkheidsrecht.<\/p>\n\n\n\n<p class=\"has-text-align-left has-ast-global-color-3-color has-text-color has-link-color wp-elements-3374c84d609164fa3f837838991bc48f\" style=\"margin-top:0px;margin-bottom:0px\">Catherine is afgestudeerd in bedrijfsrecht na vijf jaar aan de universiteit van Parijs-Nanterre en in verzekeringsrecht aan de universiteit van Toulouse Capitole 1 met een onderscheiding. Ze vervolgde haar studie met een master in economische en sociale gelijkwaardigheid aan de Universit\u00e9 Libre de Bruxelles (ULB).<\/p>\n\n\n\n<p class=\"has-text-align-left has-ast-global-color-3-color has-text-color has-link-color wp-elements-a6bc49d328c340417bb996af4b77ac22\" style=\"margin-top:0px;margin-bottom:0px\">Daarna werkte ze 3 jaar voor verschillende toonaangevende internationale multinationals in verzekeringsrecht en internationale zaken. Ze ontwikkelde een diepgaande expertise op dit gebied, in het bijzonder in Frans en Belgisch recht.<\/p>\n\n\n\n<p class=\"has-text-align-left has-ast-global-color-3-color has-text-color has-link-color wp-elements-8b135ff09b942a8fc3ac359a39241865\" style=\"margin-top:0px;margin-bottom:0px\">Catherine heeft altijd een passie gehad voor verdedigen. Tijdens haar studie raakte ze betrokken als gekozen studentlid van de Raad van Bestuur van de Universiteit van Parijs-Nanterre.<\/p>\n\n\n\n<p class=\"has-text-align-left has-ast-global-color-3-color has-text-color has-link-color wp-elements-456f663537d905a26f68a3c1b7bb76c1\" style=\"margin-top:0px;margin-bottom:0px\">Ze was betrokken bij een aantal VZW's ter bevordering van de toegang tot rechten en werkgelegenheid voor mensen met een handicap, in het bijzonder doven. Catherine schreef haar proefschrift over de status van gehandicapte werknemers in beschutte tewerkstelling in ESAT's (Frankrijk) en ETA's (Waals Gewest).<\/p>\n\n\n\n<p class=\"has-text-align-left has-ast-global-color-3-color has-text-color has-link-color wp-elements-a8b5dd4b81d762d1c6a9620a749b7dd9\" style=\"margin-top:0px;margin-bottom:0px\">Catherine kan in verschillende talen werken: Frans (moedertaal), Engels (British Council Certificate), Portugees (Instituto Camoes Certificate), Gebarentaal (University Diploma).<\/p>\n<\/div><\/div>\n<\/div>\n\n\n\n<div class=\"wp-block-uagb-container uagb-block-b7b2e796 alignfull uagb-is-root-container\"><div class=\"uagb-container-inner-blocks-wrap\">\n<div class=\"wp-block-uagb-container uagb-block-d01025f8\">\n<h4 class=\"wp-block-heading\">Onze andere specialisten<\/h4>\n\n\n\n<div class=\"wp-block-uagb-container uagb-block-cf345c93 alignfull uagb-is-root-container\">\n<div class=\"wp-block-uagb-container uagb-block-1987c3a2\">\n<div class=\"wp-block-uagb-container uagb-block-6d00c2de\">\n<div class=\"wp-block-uagb-container membercard_photo uagb-block-408da649\"><a class=\"spectra-container-link-overlay\" rel=\"noopener\" href=\"https:\/\/ksk-dev.eu\/nl\/cv-anna-sussarova\/\"> <\/a><\/div>\n\n\n\n<h5 class=\"wp-block-heading has-text-align-center has-ast-global-color-0-color has-text-color has-link-color wp-elements-3cf16ba8829753db52e8b90cde6d3abb\" style=\"font-size:1.1rem\">Anna Sussarova<\/h5>\n\n\n\n<p class=\"has-text-align-center has-ast-global-color-1-color has-text-color has-link-color wp-elements-db337ff11b26bc79700619750750944e\" style=\"margin-top:0px;margin-bottom:0px;font-size:1rem;font-style:normal;font-weight:400\"><a href=\"https:\/\/ksk-dev.eu\/nl\/cv-anna-sussarova\/\" data-type=\"page\" data-id=\"7412\">zie profiel<\/a> \u25b8<\/p>\n<\/div>\n\n\n\n<div class=\"wp-block-uagb-container uagb-block-78d36bf7\">\n<div class=\"wp-block-uagb-container membercard_photo uagb-block-921de996\"><a class=\"spectra-container-link-overlay\" rel=\"noopener\" href=\"https:\/\/ksk-dev.eu\/nl\/cv-anna-kolesnikova-2\/\"> <\/a><\/div>\n\n\n\n<h5 class=\"wp-block-heading has-text-align-center has-ast-global-color-0-color has-text-color has-link-color wp-elements-85e963a9ec910ab33e2a2f82bed256fd\" style=\"font-size:1.1rem\">Anna Kolesnikova<\/h5>\n\n\n\n<p class=\"has-text-align-center has-ast-global-color-1-color has-text-color has-link-color wp-elements-434aa0724946c8ef4aeaa162c0261c55\" style=\"margin-top:0px;margin-bottom:0px;font-size:1rem;font-style:normal;font-weight:400\"><a href=\"https:\/\/ksk-dev.eu\/nl\/cv-anna-kolesnikova\/\" data-type=\"page\" data-id=\"7613\">zie profiel<\/a> \u25b8<\/p>\n<\/div>\n\n\n\n<div class=\"wp-block-uagb-container uagb-block-4ff49676\">\n<div class=\"wp-block-uagb-container member_photo uagb-block-7140196a\"><\/div>\n\n\n\n<h5 class=\"wp-block-heading has-text-align-center has-ast-global-color-0-color has-text-color has-link-color wp-elements-162abfc3135fc271fc81661a892e2469\" style=\"font-size:1.1rem\">Maria Rousi<\/h5>\n\n\n\n<p class=\"has-text-align-center has-ast-global-color-1-color has-text-color has-link-color wp-elements-1d47b38422e854a40866996c376aee61\" style=\"margin-top:0px;margin-bottom:0px;font-size:1rem;font-style:normal;font-weight:400\"><a href=\"https:\/\/ksk-dev.eu\/nl\/cv-maria-rousi\/\" data-type=\"page\" data-id=\"7611\">zie profiel<\/a> \u25b8<\/p>\n<\/div>\n<\/div>\n<\/div>\n<\/div>\n<\/div><\/div>\n<\/div>","protected":false},"excerpt":{"rendered":"<p>Catherine Dimakuiza Droit des Assurances et de la Responsabilit\u00e9 Avocate au barreau de Bruxelles. Email: info@pravolex.be Mobile: +32 493 41 98 68 A Propos Pratique essentiellement, le Droit des assurances et de la responsabilit\u00e9. Dipl\u00f4m\u00e9e en Droit des affaires apr\u00e8s cinq ann\u00e9es \u00e0 l\u2019Universit\u00e9 de Paris-Nanterre, et en Droit des Assurances \u00e0 l\u2019Universit\u00e9 de Toulouse [&hellip;]<\/p>","protected":false},"author":1,"featured_media":0,"parent":0,"menu_order":0,"comment_status":"closed","ping_status":"closed","template":"","meta":{"_uag_custom_page_level_css":"","site-sidebar-layout":"no-sidebar","site-content-layout":"plain-container","ast-site-content-layout":"normal-width-container","site-content-style":"unboxed","site-sidebar-style":"unboxed","ast-global-header-display":"","ast-banner-title-visibility":"","ast-main-header-display":"","ast-hfb-above-header-display":"","ast-hfb-below-header-display":"","ast-hfb-mobile-header-display":"","site-post-title":"disabled","ast-breadcrumbs-content":"","ast-featured-img":"disabled","footer-sml-layout":"","ast-disable-related-posts":"","theme-transparent-header-meta":"enabled","adv-header-id-meta":"","stick-header-meta":"","header-above-stick-meta":"","header-main-stick-meta":"","header-below-stick-meta":"","astra-migrate-meta-layouts":"set","ast-page-background-enabled":"default","ast-page-background-meta":{"desktop":{"background-color":"var(--ast-global-color-4)","background-image":"","background-repeat":"repeat","background-position":"center center","background-size":"auto","background-attachment":"scroll","background-type":"","background-media":"","overlay-type":"","overlay-color":"","overlay-opacity":"","overlay-gradient":""},"tablet":{"background-color":"","background-image":"","background-repeat":"repeat","background-position":"center center","background-size":"auto","background-attachment":"scroll","background-type":"","background-media":"","overlay-type":"","overlay-color":"","overlay-opacity":"","overlay-gradient":""},"mobile":{"background-color":"","background-image":"","background-repeat":"repeat","background-position":"center center","background-size":"auto","background-attachment":"scroll","background-type":"","background-media":"","overlay-type":"","overlay-color":"","overlay-opacity":"","overlay-gradient":""}},"ast-content-background-meta":{"desktop":{"background-color":"var(--ast-global-color-5)","background-image":"","background-repeat":"repeat","background-position":"center center","background-size":"auto","background-attachment":"scroll","background-type":"","background-media":"","overlay-type":"","overlay-color":"","overlay-opacity":"","overlay-gradient":""},"tablet":{"background-color":"var(--ast-global-color-5)","background-image":"","background-repeat":"repeat","background-position":"center center","background-size":"auto","background-attachment":"scroll","background-type":"","background-media":"","overlay-type":"","overlay-color":"","overlay-opacity":"","overlay-gradient":""},"mobile":{"background-color":"var(--ast-global-color-5)","background-image":"","background-repeat":"repeat","background-position":"center center","background-size":"auto","background-attachment":"scroll","background-type":"","background-media":"","overlay-type":"","overlay-color":"","overlay-opacity":"","overlay-gradient":""}},"footnotes":""},"class_list":["post-7609","page","type-page","status-publish","hentry"],"featured_image_src":null,"uagb_featured_image_src":{"full":false,"thumbnail":false,"medium":false,"medium_large":false,"large":false,"1536x1536":false,"2048x2048":false,"trp-custom-language-flag":false},"uagb_author_info":{"display_name":"ksenia.kozjanova@hotmail.com","author_link":"https:\/\/ksk-dev.eu\/nl\/author\/ksenia-kozjanovahotmail-com\/"},"uagb_comment_info":0,"uagb_excerpt":"Catherine Dimakuiza Droit des Assurances et de la Responsabilit\u00e9 Avocate au barreau de Bruxelles. Email: info@pravolex.be Mobile: +32 493 41 98 68 A Propos Pratique essentiellement, le Droit des assurances et de la responsabilit\u00e9. Dipl\u00f4m\u00e9e en Droit des affaires apr\u00e8s cinq ann\u00e9es \u00e0 l\u2019Universit\u00e9 de Paris-Nanterre, et en Droit des Assurances \u00e0 l\u2019Universit\u00e9 de Toulouse&hellip;","_links":{"self":[{"href":"https:\/\/ksk-dev.eu\/nl\/wp-json\/wp\/v2\/pages\/7609","targetHints":{"allow":["GET"]}}],"collection":[{"href":"https:\/\/ksk-dev.eu\/nl\/wp-json\/wp\/v2\/pages"}],"about":[{"href":"https:\/\/ksk-dev.eu\/nl\/wp-json\/wp\/v2\/types\/page"}],"author":[{"embeddable":true,"href":"https:\/\/ksk-dev.eu\/nl\/wp-json\/wp\/v2\/users\/1"}],"replies":[{"embeddable":true,"href":"https:\/\/ksk-dev.eu\/nl\/wp-json\/wp\/v2\/comments?post=7609"}],"version-history":[{"count":39,"href":"https:\/\/ksk-dev.eu\/nl\/wp-json\/wp\/v2\/pages\/7609\/revisions"}],"predecessor-version":[{"id":10935,"href":"https:\/\/ksk-dev.eu\/nl\/wp-json\/wp\/v2\/pages\/7609\/revisions\/10935"}],"wp:attachment":[{"href":"https:\/\/ksk-dev.eu\/nl\/wp-json\/wp\/v2\/media?parent=7609"}],"curies":[{"name":"wp","href":"https:\/\/api.w.org\/{rel}","templated":true}]}}