{"id":7611,"date":"2025-04-15T08:27:14","date_gmt":"2025-04-15T08:27:14","guid":{"rendered":"https:\/\/ksk-dev.eu\/?page_id=7611"},"modified":"2025-05-13T12:52:14","modified_gmt":"2025-05-13T10:52:14","slug":"cv-maria-rousi","status":"publish","type":"page","link":"https:\/\/ksk-dev.eu\/nl\/cv-maria-rousi\/","title":{"rendered":"CV - Maria Rousi"},"content":{"rendered":"<div class=\"wp-block-uagb-container cv_intro_container uagb-layout-flex uagb-block-b7d9dbc5 alignfull uagb-is-root-container\">\n<div class=\"wp-block-uagb-container uagb-block-0e35b454\">\n<div class=\"wp-block-uagb-container uagb-block-3b09dc3d\">\n<div class=\"wp-block-uagb-container uagb-block-d6fcc8cf\"><\/div>\n\n\n\n<div class=\"wp-block-uagb-container uagb-block-e454b704\">\n<h2 class=\"wp-block-heading has-ast-global-color-7-color has-text-color has-link-color wp-elements-5ef9d96cef20b96603f716bad7b20d36\">Maria Rousi<\/h2>\n\n\n\n<p class=\"has-ast-global-color-7-color has-text-color has-link-color wp-elements-186c88713db3154dc6b6e7de638a1cd6\">Lid van de balie van Brussel<\/p>\n\n\n\n<p class=\"has-ast-global-color-7-color has-text-color has-link-color wp-elements-2f16e2f9b5ad3fd795176de3d1004948\">Strafrecht<\/p>\n\n\n\n<p class=\"has-ast-global-color-7-color has-text-color has-link-color wp-elements-b7f76c4fc708c59ada8cecd66719aa52\">FR - PT - EL<\/p>\n\n\n\n<div class=\"wp-block-uagb-separator uagb-block-6f4784fb\"><div class=\"uagb-separator-spacing-wrapper\"><div class=\"wp-block-uagb-separator__inner\" style=\"--my-background-image:\"><\/div><\/div><\/div>\n\n\n\n<p class=\"has-ast-global-color-5-color has-text-color has-link-color wp-elements-0652219f6a74cfd755d2b20e978182b7\" style=\"margin-top:0px;margin-bottom:0px\"><strong>E-mail: info@pravolex.be<\/strong><\/p>\n\n\n\n<p class=\"has-ast-global-color-5-color has-text-color has-link-color wp-elements-b3dd1052557a8fbbbaedfa3d932e4487\" style=\"margin-top:0px;margin-bottom:0px\"><strong>Mobiel: +32 493 41 98 68<\/strong><\/p>\n<\/div>\n<\/div>\n<\/div>\n\n\n\n<div class=\"wp-block-uagb-container uagb-block-1bd207f7\">\n<div class=\"wp-block-uagb-container uagb-block-a54e7b54 alignfull uagb-is-root-container\"><div class=\"uagb-container-inner-blocks-wrap\">\n<h4 class=\"wp-block-heading has-ast-global-color-2-color has-text-color has-link-color wp-elements-08e9740a8e0ab6deb12b6519572775e6\">Professioneel parcours<\/h4>\n\n\n\n<p class=\"has-text-align-left has-ast-global-color-3-color has-text-color has-link-color wp-elements-d766e4e2c371bd0c233d400400f8315a\">Maria Rousi is afgestudeerd aan de Faculteit Economisch en Sociaal Recht van de Universit\u00e9 Libre de Bruxelles.&nbsp;<\/p>\n\n\n\n<p class=\"has-link-color wp-elements-9f9892248cf175a2d07655383111d2fe\">Ze verrijkte haar carri\u00e8re door als advocaat te werken in een algemeen advocatenkantoor in de Democratische Republiek Congo, een ervaring die haar in staat stelde haar perspectief te verbreden en een groot aanpassingsvermogen te ontwikkelen.<\/p>\n\n\n\n<p class=\"has-link-color wp-elements-3eed7d15a8515b3f6b854d4a31ef0c47\">Na haar terugkeer naar Belgi\u00eb trad Maria in 2023 toe tot de Franstalige balie in Brussel. Na haar praktijk in het burgerlijk recht koos ze ervoor om zich te specialiseren in algemeen strafrecht en zakelijk strafrecht, domeinen waarin ze een sterke affiniteit heeft.&nbsp;<\/p>\n\n\n\n<p class=\"has-link-color wp-elements-d427dbb7c46fd535fd42ddf9de1b503b\">Zijn atypische achtergrond stelt hem in staat om de zaken die hem worden toevertrouwd globaal en genuanceerd te benaderen.<\/p>\n\n\n\n<p class=\"has-link-color wp-elements-e2470a2425af4c6e9ea7a3ecb72281ca\">Het behandelt moord, mishandeling, diefstal en afpersing, heling, drugsdelicten, criminele samenzwering, criminele organisatie en mensenhandel.<\/p>\n\n\n\n<p class=\"has-link-color wp-elements-6ddbc36318d833914a191d8d806300e0\">Maria zet zich volledig in voor de verdediging van haar cli\u00ebnten in alle aspecten van het strafrecht en vertegenwoordigt verdachten en slachtoffers voor de relevante rechtbanken. Ze begeleidt ook verdachten, slachtoffers en getuigen tijdens Salduz-zittingen en zorgt ervoor dat hun grondrechten worden gerespecteerd.<\/p>\n\n\n\n<p class=\"has-link-color wp-elements-0bdf085521ab1fb88abf992e87d000a7\">Ze houdt zich dagelijks bezig met verkeersrecht en verdedigt haar cli\u00ebnten voor de politierechtbanken. Ze biedt geavanceerde expertise op dit specifieke gebied.<\/p>\n\n\n\n<p class=\"has-text-align-left has-ast-global-color-3-color has-text-color has-link-color wp-elements-3ddbde25e1f66358a645e980e104f248\">Ze is tweetalig in het Frans en Grieks en kan daardoor voldoen aan de behoeften van een gevarieerde klantenkring.&nbsp;<\/p>\n<\/div><\/div>\n<\/div>\n\n\n\n<div class=\"wp-block-uagb-container uagb-block-b7b2e796 alignfull uagb-is-root-container\"><div class=\"uagb-container-inner-blocks-wrap\">\n<div class=\"wp-block-uagb-container uagb-block-d01025f8\">\n<h4 class=\"wp-block-heading\">Onze andere specialisten<\/h4>\n\n\n\n<div class=\"wp-block-uagb-container uagb-block-cf345c93 alignfull uagb-is-root-container\">\n<div class=\"wp-block-uagb-container uagb-block-1987c3a2\">\n<div class=\"wp-block-uagb-container uagb-block-4ff49676\">\n<div class=\"wp-block-uagb-container member_photo uagb-block-7140196a\"><\/div>\n\n\n\n<h5 class=\"wp-block-heading has-text-align-center has-ast-global-color-0-color has-text-color has-link-color wp-elements-3cf16ba8829753db52e8b90cde6d3abb\" style=\"font-size:1.1rem\">Anna Sussarova<\/h5>\n\n\n\n<p class=\"has-text-align-center has-ast-global-color-1-color has-text-color has-link-color wp-elements-db337ff11b26bc79700619750750944e\" style=\"margin-top:0px;margin-bottom:0px;font-size:1rem;font-style:normal;font-weight:400\"><a href=\"https:\/\/ksk-dev.eu\/nl\/cv-anna-sussarova\/\" data-type=\"page\" data-id=\"7412\">zie profiel<\/a> \u25b8<\/p>\n<\/div>\n\n\n\n<div class=\"wp-block-uagb-container uagb-block-78d36bf7\">\n<div class=\"wp-block-uagb-container membercard_photo uagb-block-921de996\"><a class=\"spectra-container-link-overlay\" rel=\"noopener\" href=\"https:\/\/ksk-dev.eu\/nl\/cv-anna-kolesnikova-2\/\"> <\/a><\/div>\n\n\n\n<h5 class=\"wp-block-heading has-text-align-center has-ast-global-color-0-color has-text-color has-link-color wp-elements-85e963a9ec910ab33e2a2f82bed256fd\" style=\"font-size:1.1rem\">Anna Kolesnikova<\/h5>\n\n\n\n<p class=\"has-text-align-center has-ast-global-color-1-color has-text-color has-link-color wp-elements-434aa0724946c8ef4aeaa162c0261c55\" style=\"margin-top:0px;margin-bottom:0px;font-size:1rem;font-style:normal;font-weight:400\"><a href=\"https:\/\/ksk-dev.eu\/nl\/cv-anna-kolesnikova\/\" data-type=\"page\" data-id=\"7613\">zie profiel<\/a> \u25b8<\/p>\n<\/div>\n\n\n\n<div class=\"wp-block-uagb-container uagb-block-6d00c2de\">\n<div class=\"wp-block-uagb-container membercard_photo uagb-block-408da649\"><a class=\"spectra-container-link-overlay\" rel=\"noopener\" href=\"https:\/\/ksk-dev.eu\/nl\/cv-anna-kolesnikova\/\"> <\/a><\/div>\n\n\n\n<h5 class=\"wp-block-heading has-text-align-center has-ast-global-color-0-color has-text-color has-link-color wp-elements-10aab2cef458ef1f8c3170c85296cda5\" style=\"font-size:1.1rem\">Catherine Dimakuiza<\/h5>\n\n\n\n<p class=\"has-text-align-center has-ast-global-color-1-color has-text-color has-link-color wp-elements-e8391a0b45bdaddcff36fd01231c33c8\" style=\"margin-top:0px;margin-bottom:0px;font-size:1rem;font-style:normal;font-weight:400\"><a href=\"https:\/\/ksk-dev.eu\/nl\/cv-anna-kolesnikova\/\" data-type=\"page\" data-id=\"7609\"><\/a><a href=\"https:\/\/ksk-dev.eu\/nl\/cv-catherine-dimakuiza\/\" data-type=\"page\" data-id=\"7609\">zie profiel<\/a> \u25b8<\/p>\n<\/div>\n<\/div>\n<\/div>\n<\/div>\n<\/div><\/div>\n<\/div>","protected":false},"excerpt":{"rendered":"<p>Maria Rousi Avocate au Barreau de Bruxelles Droit P\u00e9nal FR &#8211; PT &#8211; EL Email: info@pravolex.be Mobile: +32 493 41 98 68 A Propos \u200bMaria Rousi est dipl\u00f4m\u00e9e de la Facult\u00e9 de Droit \u00e0 finalit\u00e9 \u00e9conomique et sociale de l&rsquo;Universit\u00e9 Libre de Bruxelles.&nbsp; Elle a enrichi son parcours en travaillant comme juriste au sein d&rsquo;un [&hellip;]<\/p>","protected":false},"author":1,"featured_media":0,"parent":0,"menu_order":0,"comment_status":"closed","ping_status":"closed","template":"","meta":{"_uag_custom_page_level_css":"","site-sidebar-layout":"no-sidebar","site-content-layout":"plain-container","ast-site-content-layout":"normal-width-container","site-content-style":"unboxed","site-sidebar-style":"unboxed","ast-global-header-display":"","ast-banner-title-visibility":"","ast-main-header-display":"","ast-hfb-above-header-display":"","ast-hfb-below-header-display":"","ast-hfb-mobile-header-display":"","site-post-title":"disabled","ast-breadcrumbs-content":"","ast-featured-img":"disabled","footer-sml-layout":"","ast-disable-related-posts":"","theme-transparent-header-meta":"enabled","adv-header-id-meta":"","stick-header-meta":"","header-above-stick-meta":"","header-main-stick-meta":"","header-below-stick-meta":"","astra-migrate-meta-layouts":"set","ast-page-background-enabled":"default","ast-page-background-meta":{"desktop":{"background-color":"var(--ast-global-color-4)","background-image":"","background-repeat":"repeat","background-position":"center center","background-size":"auto","background-attachment":"scroll","background-type":"","background-media":"","overlay-type":"","overlay-color":"","overlay-opacity":"","overlay-gradient":""},"tablet":{"background-color":"","background-image":"","background-repeat":"repeat","background-position":"center center","background-size":"auto","background-attachment":"scroll","background-type":"","background-media":"","overlay-type":"","overlay-color":"","overlay-opacity":"","overlay-gradient":""},"mobile":{"background-color":"","background-image":"","background-repeat":"repeat","background-position":"center center","background-size":"auto","background-attachment":"scroll","background-type":"","background-media":"","overlay-type":"","overlay-color":"","overlay-opacity":"","overlay-gradient":""}},"ast-content-background-meta":{"desktop":{"background-color":"var(--ast-global-color-5)","background-image":"","background-repeat":"repeat","background-position":"center center","background-size":"auto","background-attachment":"scroll","background-type":"","background-media":"","overlay-type":"","overlay-color":"","overlay-opacity":"","overlay-gradient":""},"tablet":{"background-color":"var(--ast-global-color-5)","background-image":"","background-repeat":"repeat","background-position":"center center","background-size":"auto","background-attachment":"scroll","background-type":"","background-media":"","overlay-type":"","overlay-color":"","overlay-opacity":"","overlay-gradient":""},"mobile":{"background-color":"var(--ast-global-color-5)","background-image":"","background-repeat":"repeat","background-position":"center center","background-size":"auto","background-attachment":"scroll","background-type":"","background-media":"","overlay-type":"","overlay-color":"","overlay-opacity":"","overlay-gradient":""}},"footnotes":""},"class_list":["post-7611","page","type-page","status-publish","hentry"],"featured_image_src":null,"uagb_featured_image_src":{"full":false,"thumbnail":false,"medium":false,"medium_large":false,"large":false,"1536x1536":false,"2048x2048":false,"trp-custom-language-flag":false},"uagb_author_info":{"display_name":"ksenia.kozjanova@hotmail.com","author_link":"https:\/\/ksk-dev.eu\/nl\/author\/ksenia-kozjanovahotmail-com\/"},"uagb_comment_info":0,"uagb_excerpt":"Maria Rousi Avocate au Barreau de Bruxelles Droit P\u00e9nal FR &#8211; PT &#8211; EL Email: info@pravolex.be Mobile: +32 493 41 98 68 A Propos \u200bMaria Rousi est dipl\u00f4m\u00e9e de la Facult\u00e9 de Droit \u00e0 finalit\u00e9 \u00e9conomique et sociale de l&rsquo;Universit\u00e9 Libre de Bruxelles.&nbsp; Elle a enrichi son parcours en travaillant comme juriste au sein d&rsquo;un&hellip;","_links":{"self":[{"href":"https:\/\/ksk-dev.eu\/nl\/wp-json\/wp\/v2\/pages\/7611","targetHints":{"allow":["GET"]}}],"collection":[{"href":"https:\/\/ksk-dev.eu\/nl\/wp-json\/wp\/v2\/pages"}],"about":[{"href":"https:\/\/ksk-dev.eu\/nl\/wp-json\/wp\/v2\/types\/page"}],"author":[{"embeddable":true,"href":"https:\/\/ksk-dev.eu\/nl\/wp-json\/wp\/v2\/users\/1"}],"replies":[{"embeddable":true,"href":"https:\/\/ksk-dev.eu\/nl\/wp-json\/wp\/v2\/comments?post=7611"}],"version-history":[{"count":28,"href":"https:\/\/ksk-dev.eu\/nl\/wp-json\/wp\/v2\/pages\/7611\/revisions"}],"predecessor-version":[{"id":11839,"href":"https:\/\/ksk-dev.eu\/nl\/wp-json\/wp\/v2\/pages\/7611\/revisions\/11839"}],"wp:attachment":[{"href":"https:\/\/ksk-dev.eu\/nl\/wp-json\/wp\/v2\/media?parent=7611"}],"curies":[{"name":"wp","href":"https:\/\/api.w.org\/{rel}","templated":true}]}}