{"id":7613,"date":"2025-04-15T08:27:45","date_gmt":"2025-04-15T08:27:45","guid":{"rendered":"https:\/\/ksk-dev.eu\/?page_id=7613"},"modified":"2025-05-13T12:59:15","modified_gmt":"2025-05-13T10:59:15","slug":"cv-anna-kolesnikova","status":"publish","type":"page","link":"https:\/\/ksk-dev.eu\/nl\/cv-anna-kolesnikova\/","title":{"rendered":"CV - Anna Kolesnikova"},"content":{"rendered":"<div class=\"wp-block-uagb-container cv_intro_container uagb-layout-flex uagb-block-b7d9dbc5 alignfull uagb-is-root-container\">\n<div class=\"wp-block-uagb-container uagb-block-0e35b454\">\n<div class=\"wp-block-uagb-container uagb-block-3b09dc3d\">\n<div class=\"wp-block-uagb-container uagb-block-d6fcc8cf\"><\/div>\n\n\n\n<div class=\"wp-block-uagb-container uagb-block-e454b704\">\n<h2 class=\"wp-block-heading has-ast-global-color-7-color has-text-color has-link-color wp-elements-3562d24cc977b39b010a8bd0d05f0941\">Anna Kolesnikova<\/h2>\n\n\n\n<p class=\"has-ast-global-color-7-color has-text-color has-link-color wp-elements-e354d99f1334be6f60d0eae18daf7829\" style=\"margin-top:0px;margin-bottom:20px\">Strafrecht - Ondernemingsrecht - Immigratie - Familierecht<\/p>\n\n\n\n<p class=\"has-ast-global-color-7-color has-text-color has-link-color wp-elements-09a69316f238e7b3267e5b57efeeb3fe\" style=\"margin-top:0px;margin-bottom:0px\">Lid van de Nederlandstalige balie in Brussel.<\/p>\n\n\n\n<p class=\"has-ast-global-color-7-color has-text-color has-link-color wp-elements-4ab743c81d0bbb8ec9548308db777c06\" style=\"margin-top:0px;margin-bottom:0px\">Heeft een master in rechten uit Belgi\u00eb en een master in rechten uit Rusland.<\/p>\n\n\n\n<div class=\"wp-block-uagb-separator uagb-block-6f4784fb\"><div class=\"uagb-separator-spacing-wrapper\"><div class=\"wp-block-uagb-separator__inner\" style=\"--my-background-image:\"><\/div><\/div><\/div>\n\n\n\n<p class=\"has-ast-global-color-5-color has-text-color has-link-color wp-elements-0652219f6a74cfd755d2b20e978182b7\" style=\"margin-top:0px;margin-bottom:0px\"><strong>E-mail: info@pravolex.be<\/strong><\/p>\n\n\n\n<p class=\"has-ast-global-color-5-color has-text-color has-link-color wp-elements-b3dd1052557a8fbbbaedfa3d932e4487\" style=\"margin-top:0px;margin-bottom:0px\"><strong>Mobiel: +32 493 41 98 68<\/strong><\/p>\n<\/div>\n<\/div>\n<\/div>\n\n\n\n<div class=\"wp-block-uagb-container uagb-block-1bd207f7\">\n<div class=\"wp-block-uagb-container uagb-block-a54e7b54 alignfull uagb-is-root-container\"><div class=\"uagb-container-inner-blocks-wrap\">\n<h4 class=\"wp-block-heading has-ast-global-color-2-color has-text-color has-link-color wp-elements-08e9740a8e0ab6deb12b6519572775e6\">Professioneel parcours<\/h4>\n\n\n\n<p class=\"has-text-align-left has-ast-global-color-3-color has-text-color has-link-color wp-elements-33e5b60ea8e57090508256ebecb7ed4b\">Anna Kolesnikova is gekwalificeerd advocaat bij de<a href=\"https:\/\/www.kubsu.ru\/en\/node\/24748\" target=\"_blank\" rel=\"noreferrer noopener\">Kuban Staatsuniversiteit<\/a>&nbsp;(Russische Federatie) en behaalde ook haar graad in de rechten met onderscheiding aan de&nbsp;<a href=\"https:\/\/www.kuleuven.be\/kuleuven\/\" target=\"_blank\" rel=\"noreferrer noopener\">KU Leuven<\/a>&nbsp;(Belgi\u00eb).<br>\u200b<br>Anna werkte in de Russische Federatie als bedrijfsjurist en was hoofd van de juridische afdeling van een grote particuliere vastgoedonderneming. In deze functie heeft ze uitgebreide ervaring opgedaan in het behandelen van zaken voor de handelsrechtbanken.&nbsp;<br>&nbsp;<br>Daarna emigreerde ze naar Belgi\u00eb, waar ze na haar afstuderen aan de KU Leuven toetrad tot de Nederlandstalige balie in Brussel, waar ze vele jaren als advocaat heeft gewerkt.<br>\u200b<br>Daardoor heeft Anna niet alleen kennis van en ervaring met Belgisch recht, maar ook met Russisch recht, waardoor ze complexe internationale projecten kan beheren.<br>\u200b<br>Ze is lid van de Raad van Bestuur van de<a href=\"http:\/\/www.iarl.pro\/\" target=\"_blank\" rel=\"noreferrer noopener\">Internationale vereniging van Russischtalige advocaten<\/a><a href=\"http:\/\/www.iarl.pro\/\" target=\"_blank\" rel=\"noreferrer noopener\">Hierdoor heeft het een goed netwerk over de hele wereld kunnen ontwikkelen om tegemoet te komen aan de behoefte van klanten aan juridische ondersteuning in verschillende landen.<\/a><br>\u200b<br>Anna werkt in het Russisch, Nederlands en Engels en houdt zich voornamelijk bezig met de volgende onderwerpen:&nbsp;<\/p>\n\n\n\n<ul style=\"margin-top:0px;margin-bottom:0px;margin-left:7%;line-height:1.7\" class=\"wp-block-list\">\n<li style=\"margin-bottom:1.5rem\">Roulage (juridische verdediging, hulp aan slachtoffers, schade-evaluatie)<\/li>\n\n\n\n<li style=\"margin-bottom:1.5rem\">Strafrecht en strafprocedure (internationale zaken, uitlevering, Interpol, witteboordencriminaliteit)<\/li>\n\n\n\n<li style=\"margin-bottom:1.5rem\">Immigratie (zakelijke immigratie, gezinshereniging, studentenvisa, nationaliteit, regularisatie van verblijf)<\/li>\n\n\n\n<li style=\"margin-bottom:1.5rem\">Familierecht (echtscheiding, alimentatie, voogdij, adoptie, erkenning van kinderen, afstamming, huwelijkscontracten, internationale kinderontvoering)<\/li>\n\n\n\n<li style=\"margin-bottom:1.5rem\">Erfenissen (internationale erfenissen, beheer van erfenisgeschillen)<\/li>\n\n\n\n<li style=\"margin-bottom:1.5rem\">&nbsp;Onroerend goed (aankoop, verkoop, verhuur van onroerend goed en zakelijke rechten (erfdienstbaarheden, erfpacht, enz...) :: advies en beheer van geschillen)<\/li>\n\n\n\n<li style=\"margin-bottom:1.5rem\">Arbeidsverhoudingen (werknemers in dienst nemen (inclusief buitenlandse werknemers (expats, grenspendelaars enz.)), contracten opstellen, ontslagen, geschillen beheren);<\/li>\n\n\n\n<li style=\"margin-bottom:1.5rem\">Handelsrecht (commerci\u00eble contracten, arbitrage, handelspraktijken, distributie, incasso, nieuwe technologie\u00ebn, intellectuele eigendomsrechten) ;<\/li>\n\n\n\n<li style=\"margin-bottom:1.5rem\">Vennootschapsrecht (oprichting van Belgische en internationale vennootschappen en verenigingen zonder winstoogmerk, Belgische stichtingen, registratie van dochterondernemingen in Belgi\u00eb, rechtsbijstand bij de overheid, vereffening, faillissement)<\/li>\n\n\n\n<li style=\"margin-bottom:1.5rem\">&nbsp;Burgerlijk recht (contracten, effecten, burgerlijke en contractuele aansprakelijkheid)<\/li>\n<\/ul>\n<\/div><\/div>\n<\/div>\n\n\n\n<div class=\"wp-block-uagb-container uagb-block-b7b2e796 alignfull uagb-is-root-container\"><div class=\"uagb-container-inner-blocks-wrap\">\n<div class=\"wp-block-uagb-container uagb-block-d01025f8\">\n<h4 class=\"wp-block-heading\">Onze andere specialisten<\/h4>\n\n\n\n<div class=\"wp-block-uagb-container uagb-block-cf345c93 alignfull uagb-is-root-container\">\n<div class=\"wp-block-uagb-container uagb-block-1987c3a2\">\n<div class=\"wp-block-uagb-container uagb-block-78d36bf7\">\n<div class=\"wp-block-uagb-container membercard_photo uagb-block-921de996\"><a class=\"spectra-container-link-overlay\" rel=\"noopener\" href=\"https:\/\/ksk-dev.eu\/nl\/cv-anna-sussarova\/\"> <\/a><\/div>\n\n\n\n<h5 class=\"wp-block-heading has-text-align-center has-ast-global-color-0-color has-text-color has-link-color wp-elements-3cf16ba8829753db52e8b90cde6d3abb\" style=\"font-size:1.1rem\">Anna Sussarova<\/h5>\n\n\n\n<p class=\"has-text-align-center has-ast-global-color-1-color has-text-color has-link-color wp-elements-d4a83b51d61bce8346d6e700f6007547\" style=\"margin-top:0px;margin-bottom:0px;font-size:1rem;font-style:normal;font-weight:400\"><a href=\"https:\/\/ksk-dev.eu\/nl\/cv-anna-sussarova\/\" data-type=\"page\" data-id=\"7412\">zie profiel<\/a> \u25b8<\/p>\n<\/div>\n\n\n\n<div class=\"wp-block-uagb-container uagb-block-6d00c2de\">\n<div class=\"wp-block-uagb-container membercard_photo uagb-block-408da649\"><a class=\"spectra-container-link-overlay\" rel=\"noopener\" href=\"https:\/\/ksk-dev.eu\/nl\/cv-anna-kolesnikova\/\"> <\/a><\/div>\n\n\n\n<h5 class=\"wp-block-heading has-text-align-center has-ast-global-color-0-color has-text-color has-link-color wp-elements-10aab2cef458ef1f8c3170c85296cda5\" style=\"font-size:1.1rem\">Catherine Dimakuiza<\/h5>\n\n\n\n<p class=\"has-text-align-center has-ast-global-color-1-color has-text-color has-link-color wp-elements-e8391a0b45bdaddcff36fd01231c33c8\" style=\"margin-top:0px;margin-bottom:0px;font-size:1rem;font-style:normal;font-weight:400\"><a href=\"https:\/\/ksk-dev.eu\/nl\/cv-anna-kolesnikova\/\" data-type=\"page\" data-id=\"7609\"><\/a><a href=\"https:\/\/ksk-dev.eu\/nl\/cv-catherine-dimakuiza\/\" data-type=\"page\" data-id=\"7609\">zie profiel<\/a> \u25b8<\/p>\n<\/div>\n\n\n\n<div class=\"wp-block-uagb-container uagb-block-4ff49676\">\n<div class=\"wp-block-uagb-container member_photo uagb-block-7140196a\"><\/div>\n\n\n\n<h5 class=\"wp-block-heading has-text-align-center has-ast-global-color-0-color has-text-color has-link-color wp-elements-162abfc3135fc271fc81661a892e2469\" style=\"font-size:1.1rem\">Maria Rousi<\/h5>\n\n\n\n<p class=\"has-text-align-center has-ast-global-color-1-color has-text-color has-link-color wp-elements-80c6fed0444473bd656973c6ac30f06d\" style=\"margin-top:0px;margin-bottom:0px;font-size:1rem;font-style:normal;font-weight:400\"><a href=\"https:\/\/ksk-dev.eu\/nl\/cv-maria-rousi\/\" data-type=\"page\" data-id=\"7611\">zie profiel<\/a> \u25b8<\/p>\n<\/div>\n<\/div>\n<\/div>\n<\/div>\n<\/div><\/div>\n<\/div>","protected":false},"excerpt":{"rendered":"<p>Anna Kolesnikova Droit p\u00e9nal &#8211; Droit des affaires &#8211; &nbsp;Immigration &#8211; Droit de la famille Avocate au barreau n\u00e9erlandophone de Bruxelles. Titulaire d&rsquo;un master en droit en Belgique et d&rsquo;un master en droit en Russie. Email: info@pravolex.be Mobile: +32 493 41 98 68 A Propos Anna Kolesnikova est juriste qualifi\u00e9e de l&rsquo;Universit\u00e9 d&rsquo;\u00c9tat de Kuban&nbsp;(F\u00e9d\u00e9ration [&hellip;]<\/p>","protected":false},"author":1,"featured_media":0,"parent":0,"menu_order":0,"comment_status":"closed","ping_status":"closed","template":"","meta":{"_uag_custom_page_level_css":"","site-sidebar-layout":"no-sidebar","site-content-layout":"plain-container","ast-site-content-layout":"normal-width-container","site-content-style":"unboxed","site-sidebar-style":"unboxed","ast-global-header-display":"","ast-banner-title-visibility":"","ast-main-header-display":"","ast-hfb-above-header-display":"","ast-hfb-below-header-display":"","ast-hfb-mobile-header-display":"","site-post-title":"disabled","ast-breadcrumbs-content":"","ast-featured-img":"disabled","footer-sml-layout":"","ast-disable-related-posts":"","theme-transparent-header-meta":"enabled","adv-header-id-meta":"","stick-header-meta":"","header-above-stick-meta":"","header-main-stick-meta":"","header-below-stick-meta":"","astra-migrate-meta-layouts":"set","ast-page-background-enabled":"default","ast-page-background-meta":{"desktop":{"background-color":"var(--ast-global-color-4)","background-image":"","background-repeat":"repeat","background-position":"center center","background-size":"auto","background-attachment":"scroll","background-type":"","background-media":"","overlay-type":"","overlay-color":"","overlay-opacity":"","overlay-gradient":""},"tablet":{"background-color":"","background-image":"","background-repeat":"repeat","background-position":"center center","background-size":"auto","background-attachment":"scroll","background-type":"","background-media":"","overlay-type":"","overlay-color":"","overlay-opacity":"","overlay-gradient":""},"mobile":{"background-color":"","background-image":"","background-repeat":"repeat","background-position":"center center","background-size":"auto","background-attachment":"scroll","background-type":"","background-media":"","overlay-type":"","overlay-color":"","overlay-opacity":"","overlay-gradient":""}},"ast-content-background-meta":{"desktop":{"background-color":"var(--ast-global-color-5)","background-image":"","background-repeat":"repeat","background-position":"center center","background-size":"auto","background-attachment":"scroll","background-type":"","background-media":"","overlay-type":"","overlay-color":"","overlay-opacity":"","overlay-gradient":""},"tablet":{"background-color":"var(--ast-global-color-5)","background-image":"","background-repeat":"repeat","background-position":"center center","background-size":"auto","background-attachment":"scroll","background-type":"","background-media":"","overlay-type":"","overlay-color":"","overlay-opacity":"","overlay-gradient":""},"mobile":{"background-color":"var(--ast-global-color-5)","background-image":"","background-repeat":"repeat","background-position":"center center","background-size":"auto","background-attachment":"scroll","background-type":"","background-media":"","overlay-type":"","overlay-color":"","overlay-opacity":"","overlay-gradient":""}},"footnotes":""},"class_list":["post-7613","page","type-page","status-publish","hentry"],"featured_image_src":null,"uagb_featured_image_src":{"full":false,"thumbnail":false,"medium":false,"medium_large":false,"large":false,"1536x1536":false,"2048x2048":false,"trp-custom-language-flag":false},"uagb_author_info":{"display_name":"ksenia.kozjanova@hotmail.com","author_link":"https:\/\/ksk-dev.eu\/nl\/author\/ksenia-kozjanovahotmail-com\/"},"uagb_comment_info":0,"uagb_excerpt":"Anna Kolesnikova Droit p\u00e9nal &#8211; Droit des affaires &#8211; &nbsp;Immigration &#8211; Droit de la famille Avocate au barreau n\u00e9erlandophone de Bruxelles. Titulaire d&rsquo;un master en droit en Belgique et d&rsquo;un master en droit en Russie. Email: info@pravolex.be Mobile: +32 493 41 98 68 A Propos Anna Kolesnikova est juriste qualifi\u00e9e de l&rsquo;Universit\u00e9 d&rsquo;\u00c9tat de Kuban&nbsp;(F\u00e9d\u00e9ration&hellip;","_links":{"self":[{"href":"https:\/\/ksk-dev.eu\/nl\/wp-json\/wp\/v2\/pages\/7613","targetHints":{"allow":["GET"]}}],"collection":[{"href":"https:\/\/ksk-dev.eu\/nl\/wp-json\/wp\/v2\/pages"}],"about":[{"href":"https:\/\/ksk-dev.eu\/nl\/wp-json\/wp\/v2\/types\/page"}],"author":[{"embeddable":true,"href":"https:\/\/ksk-dev.eu\/nl\/wp-json\/wp\/v2\/users\/1"}],"replies":[{"embeddable":true,"href":"https:\/\/ksk-dev.eu\/nl\/wp-json\/wp\/v2\/comments?post=7613"}],"version-history":[{"count":57,"href":"https:\/\/ksk-dev.eu\/nl\/wp-json\/wp\/v2\/pages\/7613\/revisions"}],"predecessor-version":[{"id":10934,"href":"https:\/\/ksk-dev.eu\/nl\/wp-json\/wp\/v2\/pages\/7613\/revisions\/10934"}],"wp:attachment":[{"href":"https:\/\/ksk-dev.eu\/nl\/wp-json\/wp\/v2\/media?parent=7613"}],"curies":[{"name":"wp","href":"https:\/\/api.w.org\/{rel}","templated":true}]}}