{"id":8,"date":"2025-03-10T14:00:29","date_gmt":"2025-03-10T14:00:29","guid":{"rendered":"https:\/\/\/about-us\/"},"modified":"2025-05-30T17:51:59","modified_gmt":"2025-05-30T15:51:59","slug":"expertise","status":"publish","type":"page","link":"https:\/\/ksk-dev.eu\/nl\/expertise\/","title":{"rendered":"Onze expertise"},"content":{"rendered":"<div class=\"wp-block-uagb-container uagb-layout-flex uagb-block-b7d9dbc5 alignfull uagb-is-root-container\">\n<h2 class=\"wp-block-heading has-text-align-center has-ast-global-color-7-color has-text-color has-link-color wp-elements-cbff3ad09e25eb5967de1443e800fbea\">Onze expertise<\/h2>\n<\/div>\n\n\n\n<div class=\"wp-block-uagb-container uagb-block-64a911d4 alignfull uagb-is-root-container\">\n<div class=\"wp-block-uagb-container uagb-block-99f6b564 alignfull uagb-is-root-container\"><div class=\"uagb-container-inner-blocks-wrap\">\n<h4 class=\"wp-block-heading has-text-align-left has-ast-global-color-2-color has-text-color has-link-color wp-elements-62b5f5901dc721ae33ad3a795e69830e\">Internationale juridische ondersteuning<\/h4>\n\n\n\n<p class=\"has-text-align-left has-ast-global-color-2-color has-text-color has-link-color wp-elements-ef840b4c93dd0131eb803c085f4ccb78\">Onze expertise strekt zich uit tot vele sectoren met een internationaal bereik. Wij kunnen u helpen bij het beheren van uw activiteiten tussen Belgi\u00eb en de rest van de wereld, ook in de digitale omgeving, of het nu gaat om professionele of priv\u00e9projecten.<\/p>\n\n\n\n<h4 class=\"wp-block-heading has-text-align-left has-ast-global-color-2-color has-text-color\">Onze expertisegebieden<\/h4>\n\n\n\n<div class=\"wp-block-uagb-container uagb-block-45c0189b alignfull uagb-is-root-container\"><div class=\"uagb-container-inner-blocks-wrap\">\n<div data-aos= \"zoom-in\" data-aos-duration=\"400\" data-aos-delay=\"0\" data-aos-easing=\"ease\" data-aos-once=\"true\" class=\"wp-block-uagb-container uagb-block-e2a89de8\">\n<div class=\"wp-block-uagb-container uagb-block-26214960\"><\/div>\n\n\n\n<h4 class=\"wp-block-heading has-text-align-center has-white-color has-text-color has-link-color wp-elements-13927cfa31a0f375616357adc5567ef6\"><strong>Verzekering<\/strong><\/h4>\n<a class=\"spectra-container-link-overlay\" rel=\"noopener\" href=\"https:\/\/ksk-dev.eu\/nl\/expertise\/verzekering\/\"> <\/a><\/div>\n\n\n\n<div data-aos= \"zoom-in\" data-aos-duration=\"400\" data-aos-delay=\"0\" data-aos-easing=\"ease\" data-aos-once=\"true\" class=\"wp-block-uagb-container uagb-block-e593188c\">\n<div class=\"wp-block-uagb-container uagb-block-c2424a7d\"><\/div>\n\n\n\n<h4 class=\"wp-block-heading has-text-align-center has-white-color has-text-color has-link-color wp-elements-2339e22858bda2c7b69a71b30531196f\"><strong>Wegverkeer<\/strong><\/h4>\n<a class=\"spectra-container-link-overlay\" rel=\"noopener\" href=\"https:\/\/ksk-dev.eu\/nl\/expertise\/rollend\/\"> <\/a><\/div>\n\n\n\n<div data-aos= \"zoom-in\" data-aos-duration=\"400\" data-aos-delay=\"0\" data-aos-easing=\"ease\" data-aos-once=\"true\" class=\"wp-block-uagb-container uagb-block-e6fbe163\">\n<div class=\"wp-block-uagb-container uagb-block-e649000e\"><\/div>\n\n\n\n<h4 class=\"wp-block-heading has-text-align-center has-white-color has-text-color has-link-color wp-elements-b5a0d7007929f51d5b21116e084def13\"><strong>Contracten<\/strong><\/h4>\n<a class=\"spectra-container-link-overlay\" rel=\"noopener\" href=\"https:\/\/ksk-dev.eu\/nl\/expertise\/contracten\/\"> <\/a><\/div>\n\n\n\n<div data-aos= \"zoom-in\" data-aos-duration=\"400\" data-aos-delay=\"0\" data-aos-easing=\"ease\" data-aos-once=\"true\" class=\"wp-block-uagb-container uagb-block-5e248d7a\">\n<div class=\"wp-block-uagb-container uagb-block-1cb1af07\"><\/div>\n\n\n\n<h4 class=\"wp-block-heading has-text-align-center has-white-color has-text-color has-link-color wp-elements-7335c17608b96aa0769aab95cc095ce6\"><strong>Burgerlijk recht en familierecht<\/strong><\/h4>\n<a class=\"spectra-container-link-overlay\" rel=\"noopener\" href=\"https:\/\/ksk-dev.eu\/nl\/expertise\/burgerlijk-recht-en-familierecht\/\"> <\/a><\/div>\n\n\n\n<div data-aos= \"zoom-in\" data-aos-duration=\"400\" data-aos-delay=\"0\" data-aos-easing=\"ease\" data-aos-once=\"true\" class=\"wp-block-uagb-container uagb-block-c70f5bbe\">\n<div class=\"wp-block-uagb-container uagb-block-79d708f1\"><\/div>\n\n\n\n<h4 class=\"wp-block-heading has-text-align-center has-white-color has-text-color has-link-color wp-elements-d95a94a1d12b419153ea6da1e6771fee\"><strong>Bedrijfsrecht<\/strong><\/h4>\n<a class=\"spectra-container-link-overlay\" rel=\"noopener\" href=\"https:\/\/ksk-dev.eu\/nl\/expertise\/ondernemingsrecht\/\"> <\/a><\/div>\n\n\n\n<div data-aos= \"zoom-in\" data-aos-duration=\"400\" data-aos-delay=\"0\" data-aos-easing=\"ease\" data-aos-once=\"true\" class=\"wp-block-uagb-container uagb-block-70ef2fb4\">\n<div class=\"wp-block-uagb-container uagb-block-d08ee18a\"><\/div>\n\n\n\n<h4 class=\"wp-block-heading has-text-align-center has-white-color has-text-color has-link-color wp-elements-33ca02f5ae994ef1b0cb90bd777083f4\"><strong>Internationaal privaatrecht<\/strong><\/h4>\n<a class=\"spectra-container-link-overlay\" rel=\"noopener\" href=\"https:\/\/ksk-dev.eu\/nl\/expertise\/internationaal-privaatrecht\/\"> <\/a><\/div>\n\n\n\n<div data-aos= \"zoom-in\" data-aos-duration=\"400\" data-aos-delay=\"0\" data-aos-easing=\"ease\" data-aos-once=\"true\" class=\"wp-block-uagb-container uagb-block-fb8a65b8\">\n<div class=\"wp-block-uagb-container uagb-block-2424a7f3\"><\/div>\n\n\n\n<h4 class=\"wp-block-heading has-text-align-center has-white-color has-text-color has-link-color wp-elements-92e8300e6907be82ba8a3c47978cbeb6\"><strong>Publiek internationaal recht<\/strong><\/h4>\n<a class=\"spectra-container-link-overlay\" rel=\"noopener\" href=\"https:\/\/ksk-dev.eu\/nl\/expertise\/internationaal-publiekrecht\/\"> <\/a><\/div>\n\n\n\n<div data-aos= \"zoom-in\" data-aos-duration=\"400\" data-aos-delay=\"0\" data-aos-easing=\"ease\" data-aos-once=\"true\" class=\"wp-block-uagb-container uagb-block-7242e29c\">\n<div class=\"wp-block-uagb-container uagb-block-059c527f\"><\/div>\n\n\n\n<h4 class=\"wp-block-heading has-text-align-center has-white-color has-text-color has-link-color wp-elements-ad9b2e715d08d8fb915aa13ed5ebd234\"><strong>Bedrijfsrecht<\/strong><\/h4>\n<a class=\"spectra-container-link-overlay\" rel=\"noopener\" href=\"https:\/\/ksk-dev.eu\/nl\/expertise\/bedrijven\/\"> <\/a><\/div>\n\n\n\n<div data-aos= \"zoom-in\" data-aos-duration=\"400\" data-aos-delay=\"0\" data-aos-easing=\"ease\" data-aos-once=\"true\" class=\"wp-block-uagb-container uagb-block-d67b4eef\">\n<div class=\"wp-block-uagb-container uagb-block-995f8d54\"><\/div>\n\n\n\n<h4 class=\"wp-block-heading has-text-align-center has-white-color has-text-color has-link-color wp-elements-4f95cb03e13e301c6f00d62546368af9\"><strong>Immigratie<\/strong><\/h4>\n<a class=\"spectra-container-link-overlay\" rel=\"noopener\" href=\"https:\/\/ksk-dev.eu\/nl\/expertise\/immigratie\/\"> <\/a><\/div>\n\n\n\n<div data-aos= \"zoom-in\" data-aos-duration=\"400\" data-aos-delay=\"0\" data-aos-easing=\"ease\" data-aos-once=\"true\" class=\"wp-block-uagb-container uagb-block-b3dea70d\">\n<div class=\"wp-block-uagb-container uagb-block-e06d2223\"><\/div>\n\n\n\n<h4 class=\"wp-block-heading has-text-align-center has-white-color has-text-color has-link-color wp-elements-046d228a68d3f36a2afb068c3ebfff9b\"><strong>Schadevergoeding voor slachtoffers<\/strong><\/h4>\n<a class=\"spectra-container-link-overlay\" rel=\"noopener\" href=\"https:\/\/ksk-dev.eu\/nl\/expertise\/schadevergoeding-voor-slachtoffers\/\"> <\/a><\/div>\n\n\n\n<div data-aos= \"zoom-in\" data-aos-duration=\"400\" data-aos-delay=\"0\" data-aos-easing=\"ease\" data-aos-once=\"true\" class=\"wp-block-uagb-container uagb-block-fb76a582\">\n<div class=\"wp-block-uagb-container uagb-block-3e24e59d\"><\/div>\n\n\n\n<h4 class=\"wp-block-heading has-text-align-center has-white-color has-text-color has-link-color wp-elements-04e8e78fa97746779efbe68ac7fcd4d4\"><strong>Strafrecht<\/strong><\/h4>\n<a class=\"spectra-container-link-overlay\" rel=\"noopener\" href=\"https:\/\/ksk-dev.eu\/nl\/expertise\/strafrechtelijk\/\"> <\/a><\/div>\n\n\n\n<div data-aos= \"zoom-in\" data-aos-duration=\"400\" data-aos-delay=\"0\" data-aos-easing=\"ease\" data-aos-once=\"true\" class=\"wp-block-uagb-container uagb-block-da1d6a0e\">\n<div class=\"wp-block-uagb-container uagb-block-e464cb64\"><\/div>\n\n\n\n<h4 class=\"wp-block-heading has-text-align-center has-white-color has-text-color has-link-color wp-elements-6c27b42a42566b557f64693584499d2f\"><strong>Aansprakelijkheid<\/strong><\/h4>\n<a class=\"spectra-container-link-overlay\" rel=\"noopener\" href=\"https:\/\/ksk-dev.eu\/nl\/expertise\/verantwoordelijkheid\/\"> <\/a><\/div>\n\n\n\n<div data-aos= \"zoom-in\" data-aos-duration=\"400\" data-aos-delay=\"0\" data-aos-easing=\"ease\" data-aos-once=\"true\" class=\"wp-block-uagb-container uagb-block-ff6683f5\">\n<div class=\"wp-block-uagb-container uagb-block-e8090720\"><\/div>\n\n\n\n<h4 class=\"wp-block-heading has-text-align-center has-white-color has-text-color has-link-color wp-elements-d8da1cefcb0700aed2f52cc7b6e775e7\"><strong>Claims van transportbedrijven<\/strong><\/h4>\n<a class=\"spectra-container-link-overlay\" rel=\"noopener\" href=\"https:\/\/ksk-dev.eu\/nl\/expertise\/claims-van-transportbedrijven\/\"> <\/a><\/div>\n\n\n\n<div data-aos= \"zoom-in\" data-aos-duration=\"400\" data-aos-delay=\"0\" data-aos-easing=\"ease\" data-aos-once=\"true\" class=\"wp-block-uagb-container uagb-block-b5273d83\">\n<div class=\"wp-block-uagb-container uagb-block-88af38ad\"><\/div>\n\n\n\n<h4 class=\"wp-block-heading has-text-align-center has-white-color has-text-color has-link-color wp-elements-801c42755ee1fe2e6aa17b98888fbb44\"><strong>Technologie en intellectueel eigendom<\/strong><\/h4>\n<a class=\"spectra-container-link-overlay\" rel=\"noopener\" href=\"https:\/\/ksk-dev.eu\/nl\/expertise\/technologie-en-intellectueel-eigendom\/\"> <\/a><\/div>\n\n\n\n<div data-aos= \"zoom-in\" data-aos-duration=\"400\" data-aos-delay=\"0\" data-aos-easing=\"ease\" data-aos-once=\"true\" class=\"wp-block-uagb-container uagb-block-21f8c9da\">\n<div class=\"wp-block-uagb-container uagb-block-5b03acc6\"><\/div>\n\n\n\n<h4 class=\"wp-block-heading has-text-align-center has-white-color has-text-color has-link-color wp-elements-f0109eb90507567cf944ec23b1039fb0\"><strong>Werk<\/strong><\/h4>\n<a class=\"spectra-container-link-overlay\" rel=\"noopener\" href=\"https:\/\/ksk-dev.eu\/nl\/expertise\/werk\/\"> <\/a><\/div>\n<\/div><\/div>\n<\/div><\/div>\n<\/div>","protected":false},"excerpt":{"rendered":"<p>Notre expertise Un accompagnement juridique \u00e0 dimension internationale Notre expertise s\u2019\u00e9tend \u00e0 de nombreux secteurs \u00e0 port\u00e9e internationale. Nous vous accompagnons dans la gestion de vos activit\u00e9s entre la Belgique et le reste du monde, y compris dans l\u2019environnement num\u00e9rique, qu\u2019il s\u2019agisse de projets professionnels ou priv\u00e9s. Nos domaines de comp\u00e9tence Assurances Circulation routi\u00e8re Contrats [&hellip;]<\/p>","protected":false},"author":1,"featured_media":0,"parent":0,"menu_order":0,"comment_status":"closed","ping_status":"closed","template":"","meta":{"_uag_custom_page_level_css":"","site-sidebar-layout":"no-sidebar","site-content-layout":"plain-container","ast-site-content-layout":"normal-width-container","site-content-style":"unboxed","site-sidebar-style":"unboxed","ast-global-header-display":"","ast-banner-title-visibility":"","ast-main-header-display":"","ast-hfb-above-header-display":"","ast-hfb-below-header-display":"","ast-hfb-mobile-header-display":"","site-post-title":"disabled","ast-breadcrumbs-content":"","ast-featured-img":"disabled","footer-sml-layout":"","ast-disable-related-posts":"","theme-transparent-header-meta":"enabled","adv-header-id-meta":"","stick-header-meta":"","header-above-stick-meta":"","header-main-stick-meta":"","header-below-stick-meta":"","astra-migrate-meta-layouts":"set","ast-page-background-enabled":"default","ast-page-background-meta":{"desktop":{"background-color":"var(--ast-global-color-4)","background-image":"","background-repeat":"repeat","background-position":"center center","background-size":"auto","background-attachment":"scroll","background-type":"","background-media":"","overlay-type":"","overlay-color":"","overlay-opacity":"","overlay-gradient":""},"tablet":{"background-color":"","background-image":"","background-repeat":"repeat","background-position":"center center","background-size":"auto","background-attachment":"scroll","background-type":"","background-media":"","overlay-type":"","overlay-color":"","overlay-opacity":"","overlay-gradient":""},"mobile":{"background-color":"","background-image":"","background-repeat":"repeat","background-position":"center center","background-size":"auto","background-attachment":"scroll","background-type":"","background-media":"","overlay-type":"","overlay-color":"","overlay-opacity":"","overlay-gradient":""}},"ast-content-background-meta":{"desktop":{"background-color":"var(--ast-global-color-5)","background-image":"","background-repeat":"repeat","background-position":"center center","background-size":"auto","background-attachment":"scroll","background-type":"","background-media":"","overlay-type":"","overlay-color":"","overlay-opacity":"","overlay-gradient":""},"tablet":{"background-color":"var(--ast-global-color-5)","background-image":"","background-repeat":"repeat","background-position":"center center","background-size":"auto","background-attachment":"scroll","background-type":"","background-media":"","overlay-type":"","overlay-color":"","overlay-opacity":"","overlay-gradient":""},"mobile":{"background-color":"var(--ast-global-color-5)","background-image":"","background-repeat":"repeat","background-position":"center center","background-size":"auto","background-attachment":"scroll","background-type":"","background-media":"","overlay-type":"","overlay-color":"","overlay-opacity":"","overlay-gradient":""}},"footnotes":""},"class_list":["post-8","page","type-page","status-publish","hentry"],"featured_image_src":null,"uagb_featured_image_src":{"full":false,"thumbnail":false,"medium":false,"medium_large":false,"large":false,"1536x1536":false,"2048x2048":false,"trp-custom-language-flag":false},"uagb_author_info":{"display_name":"ksenia.kozjanova@hotmail.com","author_link":"https:\/\/ksk-dev.eu\/nl\/author\/ksenia-kozjanovahotmail-com\/"},"uagb_comment_info":0,"uagb_excerpt":"Notre expertise Un accompagnement juridique \u00e0 dimension internationale Notre expertise s\u2019\u00e9tend \u00e0 de nombreux secteurs \u00e0 port\u00e9e internationale. Nous vous accompagnons dans la gestion de vos activit\u00e9s entre la Belgique et le reste du monde, y compris dans l\u2019environnement num\u00e9rique, qu\u2019il s\u2019agisse de projets professionnels ou priv\u00e9s. Nos domaines de comp\u00e9tence Assurances Circulation routi\u00e8re Contrats&hellip;","_links":{"self":[{"href":"https:\/\/ksk-dev.eu\/nl\/wp-json\/wp\/v2\/pages\/8","targetHints":{"allow":["GET"]}}],"collection":[{"href":"https:\/\/ksk-dev.eu\/nl\/wp-json\/wp\/v2\/pages"}],"about":[{"href":"https:\/\/ksk-dev.eu\/nl\/wp-json\/wp\/v2\/types\/page"}],"author":[{"embeddable":true,"href":"https:\/\/ksk-dev.eu\/nl\/wp-json\/wp\/v2\/users\/1"}],"replies":[{"embeddable":true,"href":"https:\/\/ksk-dev.eu\/nl\/wp-json\/wp\/v2\/comments?post=8"}],"version-history":[{"count":892,"href":"https:\/\/ksk-dev.eu\/nl\/wp-json\/wp\/v2\/pages\/8\/revisions"}],"predecessor-version":[{"id":12490,"href":"https:\/\/ksk-dev.eu\/nl\/wp-json\/wp\/v2\/pages\/8\/revisions\/12490"}],"wp:attachment":[{"href":"https:\/\/ksk-dev.eu\/nl\/wp-json\/wp\/v2\/media?parent=8"}],"curies":[{"name":"wp","href":"https:\/\/api.w.org\/{rel}","templated":true}]}}