{"id":12491,"date":"2025-05-30T18:02:45","date_gmt":"2025-05-30T16:02:45","guid":{"rendered":"https:\/\/ksk-dev.eu\/?page_id=12491"},"modified":"2025-05-31T08:25:23","modified_gmt":"2025-05-31T06:25:23","slug":"%d0%bf%d0%be%d0%b4%d0%b4%d0%b5%d1%80%d0%b6%d0%ba%d0%b0-%d0%b1%d1%80%d0%be%d0%ba%d0%b5%d1%80%d0%be%d0%b2-%d0%b8-%d1%81%d1%82%d1%80%d0%b0%d1%85%d0%be%d0%b2%d1%8b%d1%85-%d0%ba%d0%be%d0%bc%d0%bf%d0%b0","status":"publish","type":"page","link":"https:\/\/ksk-dev.eu\/ru\/%d0%bd%d0%b0%d1%88%d0%b8-%d1%82%d0%b0%d1%80%d0%b8%d1%84%d1%8b\/%d0%bf%d0%be%d0%b4%d0%b4%d0%b5%d1%80%d0%b6%d0%ba%d0%b0-%d0%b1%d1%80%d0%be%d0%ba%d0%b5%d1%80%d0%be%d0%b2-%d0%b8-%d1%81%d1%82%d1%80%d0%b0%d1%85%d0%be%d0%b2%d1%8b%d1%85-%d0%ba%d0%be%d0%bc%d0%bf%d0%b0\/","title":{"rendered":"\u041f\u043e\u0434\u0434\u0435\u0440\u0436\u043a\u0430 \u0431\u0440\u043e\u043a\u0435\u0440\u043e\u0432 \u0438 \u0441\u0442\u0440\u0430\u0445\u043e\u0432\u044b\u0445 \u043a\u043e\u043c\u043f\u0430\u043d\u0438\u0439"},"content":{"rendered":"<div class=\"wp-block-uagb-container uagb-layout-flex uagb-block-b7d9dbc5 alignfull uagb-is-root-container\">\n<h2 class=\"wp-block-heading has-text-align-center has-white-color has-text-color has-link-color wp-elements-0047b50610fa11d2240dbd26dfa53710\">\u041f\u043e\u0434\u0434\u0435\u0440\u0436\u043a\u0430 \u0431\u0440\u043e\u043a\u0435\u0440\u043e\u0432 \u0438 \u0441\u0442\u0440\u0430\u0445\u043e\u0432\u044b\u0445 \u043a\u043e\u043c\u043f\u0430\u043d\u0438\u0439<\/h2>\n<\/div>\n\n\n\n<div class=\"wp-block-uagb-container uagb-block-425c5fc1 alignfull uagb-is-root-container\"><div class=\"uagb-container-inner-blocks-wrap\">\n<div class=\"wp-block-uagb-container uagb-block-ef2c4177\">\n<div class=\"wp-block-uagb-container uagb-block-7a935940\">\n<h4 class=\"wp-block-heading has-text-align-left\" style=\"line-height:1.4\">\u0418\u043d\u0434\u0438\u0432\u0438\u0434\u0443\u0430\u043b\u044c\u043d\u044b\u0435 \u0440\u0435\u0448\u0435\u043d\u0438\u044f <\/h4>\n\n\n\n<p style=\"margin-top:0px;margin-bottom:2rem;padding-top:0px;padding-bottom:0px\">PRAVOLEX \u043f\u0440\u0435\u0434\u043b\u0430\u0433\u0430\u0435\u0442 \u0412\u0430\u043c \u0441\u0432\u043e\u0439 \u043e\u043f\u044b\u0442 \u0432 \u043e\u0431\u043b\u0430\u0441\u0442\u0438 \u0441\u0442\u0440\u0430\u0445\u043e\u0432\u043e\u0433\u043e \u043f\u0440\u0430\u0432\u0430 \u0438 \u043f\u043e\u0434\u0434\u0435\u0440\u0436\u043a\u0443 \u0431\u0440\u043e\u043a\u0435\u0440\u043e\u0432 \u0438 \u0441\u0442\u0440\u0430\u0445\u043e\u0432\u044b\u0445 \u043a\u043e\u043c\u043f\u0430\u043d\u0438\u0439 \u0432 \u0443\u043f\u0440\u0430\u0432\u043b\u0435\u043d\u0438\u0438 \u043f\u0440\u0435\u0442\u0435\u043d\u0437\u0438\u044f\u043c\u0438, \u0441\u043f\u043e\u0440\u0430\u043c\u0438 \u0438 \u043e\u0431\u044f\u0437\u0430\u0442\u0435\u043b\u044c\u0441\u0442\u0432\u0430\u043c\u0438.<\/p>\n\n\n\n<p style=\"margin-top:0px;margin-bottom:2rem;padding-top:0px;padding-bottom:0px\">\u041d\u0430\u0448\u0438 \u044e\u0440\u0438\u0441\u0442\u044b-\u0441\u043f\u0435\u0446\u0438\u0430\u043b\u0438\u0441\u0442\u044b \u043f\u0440\u0435\u0434\u043b\u0430\u0433\u0430\u044e\u0442 \u0438\u043d\u0434\u0438\u0432\u0438\u0434\u0443\u0430\u043b\u044c\u043d\u044b\u0435 \u0440\u0435\u0448\u0435\u043d\u0438\u044f, \u043f\u0440\u043e\u044f\u0432\u043b\u044f\u044f \u0441\u0442\u0440\u043e\u0433\u043e\u0441\u0442\u044c \u0438 \u043c\u0430\u0441\u0442\u0435\u0440\u0441\u0442\u0432\u043e. \u0414\u043e\u0441\u0442\u0443\u043f\u043d\u044b\u0435 \u0438 \u043e\u0442\u0437\u044b\u0432\u0447\u0438\u0432\u044b\u0435, \u043c\u044b \u043f\u043e\u0434\u0434\u0435\u0440\u0436\u0438\u043c \u0412\u0430\u0441 \u043a\u0430\u043a \u0432\u043e \u0432\u043d\u0435\u0441\u0443\u0434\u0435\u0431\u043d\u044b\u0445 \u043f\u0435\u0440\u0435\u0433\u043e\u0432\u043e\u0440\u0430\u0445, \u0442\u0430\u043a \u0438 \u0432 \u0441\u0443\u0434\u0430\u0445.<\/p>\n\n\n\n<p style=\"margin-top:0px;margin-bottom:2rem;padding-top:0px;padding-bottom:0px\">\u0414\u043e\u0432\u0435\u0440\u044c\u0442\u0435 \u043d\u0430\u043c \u0441\u0432\u043e\u0438 \u0434\u0435\u043b\u0430 \u0438 \u0432\u043e\u0441\u043f\u043e\u043b\u044c\u0437\u0443\u0439\u0442\u0435\u0441\u044c \u043d\u0430\u0434\u0435\u0436\u043d\u043e\u0439 \u0438 \u043f\u0440\u043e\u0444\u0435\u0441\u0441\u0438\u043e\u043d\u0430\u043b\u044c\u043d\u043e\u0439 \u0437\u0430\u0449\u0438\u0442\u043e\u0439!<\/p>\n\n\n\n<h4 class=\"wp-block-heading has-text-align-left\" style=\"line-height:1.4\">\u041d\u0430\u0448\u0438 \u043e\u0431\u043b\u0430\u0441\u0442\u0438 \u0437\u043d\u0430\u043d\u0438\u0439<\/h4>\n\n\n\n<ul style=\"margin-top:0px;margin-right:0px;margin-bottom:0px;margin-left:0px;padding-top:0px;padding-right:0px;padding-bottom:0px;padding-left:0px;line-height:2.2\" class=\"wp-block-list custom-bullet\">\n<li>\u0421\u0442\u0440\u0430\u0445\u043e\u0432\u043e\u0435 \u043f\u0440\u0430\u0432\u043e: \u0443\u0440\u0435\u0433\u0443\u043b\u0438\u0440\u043e\u0432\u0430\u043d\u0438\u0435 \u0443\u0431\u044b\u0442\u043a\u043e\u0432 (\u043e\u0442\u0432\u0435\u0442\u0441\u0442\u0432\u0435\u043d\u043d\u043e\u0441\u0442\u044c, \u0430\u0432\u0442\u043e\u0442\u0440\u0430\u043d\u0441\u043f\u043e\u0440\u0442, \u043f\u043e\u0436\u0430\u0440, \u0437\u0434\u043e\u0440\u043e\u0432\u044c\u0435);<\/li>\n\n\n\n<li>\u041f\u0440\u0430\u0432\u043e \u043e\u0442\u0432\u0435\u0442\u0441\u0442\u0432\u0435\u043d\u043d\u043e\u0441\u0442\u0438: \u043f\u0440\u043e\u0444\u0435\u0441\u0441\u0438\u043e\u043d\u0430\u043b\u044c\u043d\u0430\u044f \u043e\u0442\u0432\u0435\u0442\u0441\u0442\u0432\u0435\u043d\u043d\u043e\u0441\u0442\u044c, \u043c\u0435\u0434\u0438\u0446\u0438\u043d\u0441\u043a\u0430\u044f \u043e\u0442\u0432\u0435\u0442\u0441\u0442\u0432\u0435\u043d\u043d\u043e\u0441\u0442\u044c, \u0434\u0435\u0444\u0435\u043a\u0442\u043d\u044b\u0435 \u043f\u0440\u043e\u0434\u0443\u043a\u0442\u044b;<\/li>\n\n\n\n<li>\u0422\u0435\u043b\u0435\u0441\u043d\u044b\u0435 \u043f\u043e\u0432\u0440\u0435\u0436\u0434\u0435\u043d\u0438\u044f: \u043f\u043e\u043c\u043e\u0449\u044c \u0432 \u043f\u0440\u043e\u0432\u0435\u0434\u0435\u043d\u0438\u0438 \u043c\u0438\u0440\u043e\u0432\u044b\u0445 \u0438 \u0441\u0443\u0434\u0435\u0431\u043d\u044b\u0445 \u044d\u043a\u0441\u043f\u0435\u0440\u0442\u0438\u0437, \u043f\u0435\u0440\u0435\u0433\u043e\u0432\u043e\u0440\u044b;<\/li>\n\n\n\n<li>\u0414\u043e\u0440\u043e\u0436\u043d\u043e-\u0442\u0440\u0430\u043d\u0441\u043f\u043e\u0440\u0442\u043d\u044b\u0435 \u043f\u0440\u043e\u0438\u0441\u0448\u0435\u0441\u0442\u0432\u0438\u044f: \u043f\u043e\u043c\u043e\u0449\u044c \u043f\u043e\u0441\u043b\u0435 \u0430\u0432\u0430\u0440\u0438\u0438, \u043a\u043e\u043c\u043f\u0435\u043d\u0441\u0430\u0446\u0438\u044f, \u0437\u0430\u0449\u0438\u0442\u0430 \u043f\u043e \u0443\u0433\u043e\u043b\u043e\u0432\u043d\u044b\u043c \u0434\u0435\u043b\u0430\u043c, \u0443\u043f\u0440\u0430\u0432\u043b\u0435\u043d\u0438\u0435 \u0430\u0432\u0442\u043e\u0442\u0440\u0430\u043d\u0441\u043f\u043e\u0440\u0442\u043d\u043e\u0439 \u043e\u0442\u0432\u0435\u0442\u0441\u0442\u0432\u0435\u043d\u043d\u043e\u0441\u0442\u044c\u044e, \u043a\u043e\u043c\u043f\u043b\u0435\u043a\u0441\u043d\u043e\u0435 \u0441\u0442\u0440\u0430\u0445\u043e\u0432\u0430\u043d\u0438\u0435).<\/li>\n<\/ul>\n\n\n\n<div class=\"wp-block-uagb-buttons uagb-buttons__outer-wrap uagb-btn__medium-btn uagb-btn-tablet__default-btn uagb-btn-mobile__default-btn uagb-block-ab1f9ec0\"><div class=\"uagb-buttons__wrap uagb-buttons-layout-wrap\">\n<div data-aos= \"zoom-in\" data-aos-duration=\"400\" data-aos-delay=\"0\" data-aos-easing=\"ease\" data-aos-once=\"true\" class=\"wp-block-uagb-buttons-child uagb-buttons__outer-wrap uagb-block-103a6ebf wp-block-button\"><div class=\"uagb-button__wrapper\"><a class=\"uagb-buttons-repeater wp-block-button__link\" aria-label=\"\" href=\"https:\/\/ksk-dev.eu\/ru\/%d1%81%d0%b2%d1%8f%d0%b6%d0%b8%d1%82%d0%b5%d1%81%d1%8c-%d1%81\/\" rel=\"follow noopener\" target=\"_self\" role=\"button\"><div class=\"uagb-button__link\">\u0417\u0430\u043f\u0438\u0441\u0430\u0442\u044c\u0441\u044f \u043d\u0430 \u043f\u0440\u0438\u0435\u043c<\/div><\/a><\/div><\/div>\n\n\n\n<div data-aos= \"zoom-in\" data-aos-duration=\"400\" data-aos-delay=\"0\" data-aos-easing=\"ease\" data-aos-once=\"true\" class=\"wp-block-uagb-buttons-child uagb-buttons__outer-wrap uagb-block-b9bcc79d wp-block-button\"><div class=\"uagb-button__wrapper\"><a class=\"uagb-buttons-repeater wp-block-button__link\" aria-label=\"\" href=\"https:\/\/ksk-dev.eu\/wp-content\/uploads\/2025\/05\/Brochure-1-Format-PDF.pdf\" rel=\"follow noopener\" target=\"_self\" role=\"button\"><div class=\"uagb-button__link\">\u0421\u043a\u0430\u0447\u0430\u0442\u044c \u0431\u0440\u043e\u0448\u044e\u0440\u0443<\/div><\/a><\/div><\/div>\n<\/div><\/div>\n<\/div>\n\n\n\n<div class=\"wp-block-uagb-container uag-hide-mob uagb-block-39ae5c9f\"><\/div>\n<\/div>\n\n\n\n<div class=\"wp-block-uagb-container remove-max-width uagb-block-dbe2b91a default uagb-is-root-container\">\n<div class=\"wp-block-uagb-container uagb-block-764a1e05\">\n<h4 class=\"wp-block-heading has-text-align-left\">\u041d\u0430\u0448\u0438 \u043f\u0430\u043a\u0435\u0442\u044b<\/h4>\n<\/div>\n\n\n\n<div class=\"wp-block-uagb-container uagb-block-5725c67c\">\n<div class=\"wp-block-columns custom-bullet is-layout-flex wp-container-core-columns-is-layout-fa727d92 wp-block-columns-is-layout-flex\" style=\"border-top-left-radius:0%;border-top-right-radius:0px;border-bottom-left-radius:0px;border-bottom-right-radius:0px;padding-right:0px;padding-left:0px\">\n<div class=\"wp-block-column has-ast-global-color-8-background-color has-background is-layout-flow wp-block-column-is-layout-flow\" style=\"border-radius:1rem;padding-top:2rem;padding-right:2rem;padding-bottom:2rem;padding-left:2rem;flex-basis:33%\">\n<h5 class=\"wp-block-heading has-text-align-left\"><strong>\u041a\u043e\u043d\u0441\u0443\u043b\u044c\u0442\u0430\u0446\u0438\u044f<\/strong><\/h5>\n\n\n\n<p class=\"has-ast-global-color-8-color has-text-color has-link-color uag-hide-tab uag-hide-mob wp-elements-a5db7409e4b845c77a3c89e707ec1a22\">\u0423 \u0412\u0430\u0441 \u0435\u0441\u0442\u044c \u0434\u043e\u0441\u0442\u0443\u043f \u043a \u043f\u043e\u0434\u043f\u0438\u0441\u043a\u0435 \u043d\u0430 16 \u0435\u0434\u0438\u043d\u0438\u0446 (1 \u0435\u0434\u0438\u043d\u0438\u0446\u0430 = 15 \u043c\u0438\u043d\u0443\u0442 \u043a\u043e\u043d\u0441\u0443\u043b\u044c\u0442\u0430\u0446\u0438\u0439), \u043a\u043e\u0442\u043e\u0440\u044b\u0435 \u0412\u044b \u043c\u043e\u0436\u0435\u0442\u0435 \u0438\u0441\u043f\u043e\u043b\u044c\u0437\u043e\u0432\u0430\u0442\u044c \u043f\u043e \u0441\u0432\u043e\u0435\u043c\u0443 \u0443\u0441\u043c\u043e\u0442\u0440\u0435\u043d\u0438\u044e<\/p>\n\n\n\n<h5 class=\"wp-block-heading\"><strong>185 \u0411\u0415\u0417 \u0423\u0427\u0415\u0422\u0410 \u041d\u0414\u0421<\/strong>\/\u0447\u0430\u0441<\/h5>\n\n\n\n<div class=\"wp-block-uagb-separator uagb-block-7780d50f\"><div class=\"wp-block-uagb-separator__inner\" style=\"--my-background-image:\"><\/div><\/div>\n\n\n\n<div class=\"wp-block-uagb-buttons uagb-buttons__outer-wrap uagb-btn__default-btn uagb-btn-tablet__default-btn uagb-btn-mobile__default-btn uagb-block-067a0a19\"><div class=\"uagb-buttons__wrap uagb-buttons-layout-wrap\">\n<div data-aos= \"zoom-in\" data-aos-duration=\"400\" data-aos-delay=\"0\" data-aos-easing=\"ease\" data-aos-once=\"true\" class=\"wp-block-uagb-buttons-child uagb-buttons__outer-wrap uagb-block-c3e2cbb3 wp-block-button\"><div class=\"uagb-button__wrapper\"><a class=\"uagb-buttons-repeater wp-block-button__link\" aria-label=\"\" href=\"https:\/\/ksk-dev.eu\/ru\/%d1%81%d0%b2%d1%8f%d0%b6%d0%b8%d1%82%d0%b5%d1%81%d1%8c-%d1%81\/\" rel=\"follow noopener\" target=\"_self\" role=\"button\"><div class=\"uagb-button__link\">\u0417\u0430\u043f\u0438\u0441\u0430\u0442\u044c\u0441\u044f \u043d\u0430 \u043f\u0440\u0438\u0435\u043c<\/div><\/a><\/div><\/div>\n<\/div><\/div>\n<\/div>\n\n\n\n<div class=\"wp-block-column has-ast-global-color-8-background-color has-background is-layout-flow wp-block-column-is-layout-flow\" style=\"border-radius:1rem;padding-top:2rem;padding-right:2rem;padding-bottom:2rem;padding-left:2rem;flex-basis:33%\">\n<h5 class=\"wp-block-heading has-text-align-left\"><strong>\u041f\u043e\u0434\u043f\u0438\u0441\u043a\u0430<\/strong><\/h5>\n\n\n\n<p>\u0423 \u0412\u0430\u0441 \u0435\u0441\u0442\u044c \u0434\u043e\u0441\u0442\u0443\u043f \u043a \u043f\u043e\u0434\u043f\u0438\u0441\u043a\u0435 \u043d\u0430 16 \u0435\u0434\u0438\u043d\u0438\u0446 (1 \u0435\u0434\u0438\u043d\u0438\u0446\u0430 = 15 \u043c\u0438\u043d\u0443\u0442 \u043a\u043e\u043d\u0441\u0443\u043b\u044c\u0442\u0430\u0446\u0438\u0439), \u043a\u043e\u0442\u043e\u0440\u044b\u0435 \u0412\u044b \u043c\u043e\u0436\u0435\u0442\u0435 \u0438\u0441\u043f\u043e\u043b\u044c\u0437\u043e\u0432\u0430\u0442\u044c \u043f\u043e \u0441\u0432\u043e\u0435\u043c\u0443 \u0443\u0441\u043c\u043e\u0442\u0440\u0435\u043d\u0438\u044e<\/p>\n\n\n\n<h5 class=\"wp-block-heading\"><strong>740 \u0411\u0415\u0417 \u0423\u0427\u0415\u0422\u0410 \u041d\u0414\u0421<\/strong><\/h5>\n\n\n\n<div class=\"wp-block-uagb-separator uagb-block-5a6684c3\"><div class=\"wp-block-uagb-separator__inner\" style=\"--my-background-image:\"><\/div><\/div>\n\n\n\n<div class=\"wp-block-uagb-buttons uagb-buttons__outer-wrap uagb-btn__default-btn uagb-btn-tablet__default-btn uagb-btn-mobile__default-btn uagb-block-59bae8e7\"><div class=\"uagb-buttons__wrap uagb-buttons-layout-wrap\">\n<div data-aos= \"zoom-in\" data-aos-duration=\"400\" data-aos-delay=\"0\" data-aos-easing=\"ease\" data-aos-once=\"true\" class=\"wp-block-uagb-buttons-child uagb-buttons__outer-wrap uagb-block-e8c5d33b wp-block-button\"><div class=\"uagb-button__wrapper\"><a class=\"uagb-buttons-repeater wp-block-button__link\" aria-label=\"\" href=\"https:\/\/ksk-dev.eu\/ru\/%d1%81%d0%b2%d1%8f%d0%b6%d0%b8%d1%82%d0%b5%d1%81%d1%8c-%d1%81\/\" rel=\"follow noopener\" target=\"_self\" role=\"button\"><div class=\"uagb-button__link\">\u0417\u0430\u043f\u0438\u0441\u0430\u0442\u044c\u0441\u044f \u043d\u0430 \u043f\u0440\u0438\u0435\u043c<\/div><\/a><\/div><\/div>\n<\/div><\/div>\n<\/div>\n<\/div>\n<\/div>\n<\/div>\n\n\n\n<div class=\"wp-block-uagb-container remove-max-width uagb-block-5fb57aed default uagb-is-root-container\">\n<div class=\"wp-block-uagb-container uagb-block-f04dffef\">\n<h4 class=\"wp-block-heading has-text-align-left\">\u041d\u0430\u0448 \u0441\u043f\u0435\u0446\u0438\u0430\u043b\u0438\u0441\u0442<\/h4>\n<\/div>\n\n\n\n<div class=\"wp-block-uagb-container uagb-block-58de735d\">\n<div class=\"wp-block-uagb-container uagb-block-faf4858a\">\n<div class=\"wp-block-uagb-container uagb-block-f1a5eae3\"><\/div>\n\n\n\n<div class=\"wp-block-uagb-container uagb-block-3ccce434\">\n<div class=\"wp-block-uagb-separator uagb-block-b60b92d1\"><div class=\"wp-block-uagb-separator__inner\" style=\"--my-background-image:\"><\/div><\/div>\n\n\n\n<h5 class=\"wp-block-heading has-text-align-center\">\u041a\u044d\u0442\u0440\u0438\u043d \u0414\u0438\u043c\u0430\u043a\u0443\u0438\u0437\u0430<\/h5>\n\n\n\n<div class=\"wp-block-uagb-separator uagb-block-d060c587\"><div class=\"wp-block-uagb-separator__inner\" style=\"--my-background-image:\"><\/div><\/div>\n\n\n\n<p class=\"has-text-align-center\" style=\"font-size:0.9rem\">\u0410\u0434\u0432\u043e\u043a\u0430\u0442, \u0441\u043f\u0435\u0446\u0438\u0430\u043b\u0438\u0437\u0438\u0440\u0443\u044e\u0449\u0438\u0439\u0441\u044f \u043d\u0430<br>\u0421\u0442\u0440\u0430\u0445\u043e\u0432\u0430\u043d\u0438\u0435 \u0438 \u043f\u0440\u0430\u0432\u043e \u043e\u0442\u0432\u0435\u0442\u0441\u0442\u0432\u0435\u043d\u043d\u043e\u0441\u0442\u0438<br>\u041c\u043e\u0431\u0438\u043b\u044c\u043d\u044b\u0439 \u0442\u0435\u043b\u0435\u0444\u043e\u043d: +32 493 41 98 68<br>E-mail: info@pravolex.be<\/p>\n\n\n\n<div class=\"wp-block-uagb-buttons uagb-buttons__outer-wrap uagb-btn__default-btn uagb-btn-tablet__default-btn uagb-btn-mobile__default-btn uagb-block-64f05226\"><div class=\"uagb-buttons__wrap uagb-buttons-layout-wrap\">\n<div data-aos= \"zoom-in\" data-aos-duration=\"400\" data-aos-delay=\"0\" data-aos-easing=\"ease\" data-aos-once=\"true\" class=\"wp-block-uagb-buttons-child uagb-buttons__outer-wrap uagb-block-ef2d74d2 wp-block-button\"><div class=\"uagb-button__wrapper\"><a class=\"uagb-buttons-repeater wp-block-button__link\" aria-label=\"\" href=\"https:\/\/ksk-dev.eu\/ru\/%d1%81%d0%b2%d1%8f%d0%b6%d0%b8%d1%82%d0%b5%d1%81%d1%8c-%d1%81\/\" rel=\"follow noopener\" target=\"_self\" role=\"button\"><div class=\"uagb-button__link\">\u0417\u0430\u043f\u0438\u0441\u0430\u0442\u044c\u0441\u044f \u043d\u0430 \u043f\u0440\u0438\u0435\u043c<\/div><\/a><\/div><\/div>\n<\/div><\/div>\n<\/div>\n<\/div>\n<\/div>\n<\/div>\n<\/div><\/div>\n\n\n\n<p><\/p>","protected":false},"excerpt":{"rendered":"<p>Accompagnement courtiers et compagnies d&rsquo;assurance Solutions sur mesure PRAVOLEX vous propose son expertise en droit des assurances et en accompagnement pour courtiers et compagnies d&rsquo;assurance dans la gestion des sinistres, litiges et responsabilit\u00e9s. Nos avocats sp\u00e9cialis\u00e9s offrent des solutions sur mesure avec rigueur et comp\u00e9tence. Disponibles et r\u00e9actifs, nous vous soutenons tant dans les n\u00e9gociations [&hellip;]<\/p>","protected":false},"author":1,"featured_media":0,"parent":3729,"menu_order":0,"comment_status":"closed","ping_status":"closed","template":"","meta":{"_uag_custom_page_level_css":"","site-sidebar-layout":"no-sidebar","site-content-layout":"plain-container","ast-site-content-layout":"normal-width-container","site-content-style":"unboxed","site-sidebar-style":"unboxed","ast-global-header-display":"","ast-banner-title-visibility":"","ast-main-header-display":"","ast-hfb-above-header-display":"","ast-hfb-below-header-display":"","ast-hfb-mobile-header-display":"","site-post-title":"disabled","ast-breadcrumbs-content":"","ast-featured-img":"disabled","footer-sml-layout":"","theme-transparent-header-meta":"enabled","adv-header-id-meta":"","stick-header-meta":"","header-above-stick-meta":"","header-main-stick-meta":"","header-below-stick-meta":"","astra-migrate-meta-layouts":"set","ast-page-background-enabled":"default","ast-page-background-meta":{"desktop":{"background-color":"var(--ast-global-color-4)","background-image":"","background-repeat":"repeat","background-position":"center center","background-size":"auto","background-attachment":"scroll","background-type":"","background-media":"","overlay-type":"","overlay-color":"","overlay-opacity":"","overlay-gradient":""},"tablet":{"background-color":"","background-image":"","background-repeat":"repeat","background-position":"center center","background-size":"auto","background-attachment":"scroll","background-type":"","background-media":"","overlay-type":"","overlay-color":"","overlay-opacity":"","overlay-gradient":""},"mobile":{"background-color":"","background-image":"","background-repeat":"repeat","background-position":"center center","background-size":"auto","background-attachment":"scroll","background-type":"","background-media":"","overlay-type":"","overlay-color":"","overlay-opacity":"","overlay-gradient":""}},"ast-content-background-meta":{"desktop":{"background-color":"var(--ast-global-color-5)","background-image":"","background-repeat":"repeat","background-position":"center center","background-size":"auto","background-attachment":"scroll","background-type":"","background-media":"","overlay-type":"","overlay-color":"","overlay-opacity":"","overlay-gradient":""},"tablet":{"background-color":"var(--ast-global-color-5)","background-image":"","background-repeat":"repeat","background-position":"center center","background-size":"auto","background-attachment":"scroll","background-type":"","background-media":"","overlay-type":"","overlay-color":"","overlay-opacity":"","overlay-gradient":""},"mobile":{"background-color":"var(--ast-global-color-5)","background-image":"","background-repeat":"repeat","background-position":"center center","background-size":"auto","background-attachment":"scroll","background-type":"","background-media":"","overlay-type":"","overlay-color":"","overlay-opacity":"","overlay-gradient":""}},"footnotes":""},"class_list":["post-12491","page","type-page","status-publish","hentry"],"featured_image_src":null,"uagb_featured_image_src":{"full":false,"thumbnail":false,"medium":false,"medium_large":false,"large":false,"1536x1536":false,"2048x2048":false,"trp-custom-language-flag":false},"uagb_author_info":{"display_name":"ksenia.kozjanova@hotmail.com","author_link":"https:\/\/ksk-dev.eu\/ru\/author\/ksenia-kozjanovahotmail-com\/"},"uagb_comment_info":0,"uagb_excerpt":"Accompagnement courtiers et compagnies d&rsquo;assurance Solutions sur mesure PRAVOLEX vous propose son expertise en droit des assurances et en accompagnement pour courtiers et compagnies d&rsquo;assurance dans la gestion des sinistres, litiges et responsabilit\u00e9s. Nos avocats sp\u00e9cialis\u00e9s offrent des solutions sur mesure avec rigueur et comp\u00e9tence. Disponibles et r\u00e9actifs, nous vous soutenons tant dans les n\u00e9gociations&hellip;","_links":{"self":[{"href":"https:\/\/ksk-dev.eu\/ru\/wp-json\/wp\/v2\/pages\/12491","targetHints":{"allow":["GET"]}}],"collection":[{"href":"https:\/\/ksk-dev.eu\/ru\/wp-json\/wp\/v2\/pages"}],"about":[{"href":"https:\/\/ksk-dev.eu\/ru\/wp-json\/wp\/v2\/types\/page"}],"author":[{"embeddable":true,"href":"https:\/\/ksk-dev.eu\/ru\/wp-json\/wp\/v2\/users\/1"}],"replies":[{"embeddable":true,"href":"https:\/\/ksk-dev.eu\/ru\/wp-json\/wp\/v2\/comments?post=12491"}],"version-history":[{"count":29,"href":"https:\/\/ksk-dev.eu\/ru\/wp-json\/wp\/v2\/pages\/12491\/revisions"}],"predecessor-version":[{"id":12638,"href":"https:\/\/ksk-dev.eu\/ru\/wp-json\/wp\/v2\/pages\/12491\/revisions\/12638"}],"up":[{"embeddable":true,"href":"https:\/\/ksk-dev.eu\/ru\/wp-json\/wp\/v2\/pages\/3729"}],"wp:attachment":[{"href":"https:\/\/ksk-dev.eu\/ru\/wp-json\/wp\/v2\/media?parent=12491"}],"curies":[{"name":"wp","href":"https:\/\/api.w.org\/{rel}","templated":true}]}}