{"id":2479,"date":"2025-03-11T11:47:08","date_gmt":"2025-03-11T11:47:08","guid":{"rendered":"https:\/\/ksk-dev.eu\/?page_id=2479"},"modified":"2025-05-30T20:12:09","modified_gmt":"2025-05-30T18:12:09","slug":"%d1%80%d0%b0%d0%b1%d0%be%d1%82%d0%b0","status":"publish","type":"page","link":"https:\/\/ksk-dev.eu\/ru\/%d1%8d%d0%ba%d1%81%d0%bf%d0%b5%d1%80%d1%82%d0%b8%d0%b7%d0%b0\/%d1%80%d0%b0%d0%b1%d0%be%d1%82%d0%b0\/","title":{"rendered":"\u0422\u0440\u0443\u0434\u043e\u0432\u043e\u0435 \u043f\u0440\u0430\u0432\u043e"},"content":{"rendered":"<div class=\"wp-block-uagb-container uagb-layout-flex uagb-block-b7d9dbc5 alignfull uagb-is-root-container\">\n<h2 class=\"wp-block-heading has-text-align-center has-ast-global-color-7-color has-text-color has-link-color wp-elements-6c77766115bde33a2f1a1920822cf7c3\">\u0422\u0440\u0443\u0434\u043e\u0432\u043e\u0435 \u043f\u0440\u0430\u0432\u043e<\/h2>\n<\/div>\n\n\n\n<div class=\"wp-block-uagb-container uagb-block-425c5fc1 alignfull uagb-is-root-container\"><div class=\"uagb-container-inner-blocks-wrap\">\n<div class=\"wp-block-uagb-container uagb-block-ef2c4177\">\n<div class=\"wp-block-uagb-container uagb-block-7a935940\">\n<div class=\"wp-block-uagb-separator uagb-block-2b20087e\"><div class=\"wp-block-uagb-separator__inner\" style=\"--my-background-image:\"><\/div><\/div>\n\n\n\n<h4 class=\"wp-block-heading has-text-align-left\">\u0422\u0440\u0443\u0434\u043e\u0432\u044b\u0435 \u043e\u0442\u043d\u043e\u0448\u0435\u043d\u0438\u044f \u0447\u0430\u0441\u0442\u043e \u044f\u0432\u043b\u044f\u044e\u0442\u0441\u044f \u043f\u0438\u0442\u0430\u0442\u0435\u043b\u044c\u043d\u043e\u0439 \u0441\u0440\u0435\u0434\u043e\u0439 \u0434\u043b\u044f \u043a\u043e\u043d\u0444\u043b\u0438\u043a\u0442\u043e\u0432. \u0412 \u0431\u043e\u043b\u044c\u0448\u0438\u043d\u0441\u0442\u0432\u0435 \u0441\u043b\u0443\u0447\u0430\u0435\u0432 \u043e\u043d\u0438 \u0432\u044b\u0437\u0432\u0430\u043d\u044b \u0440\u0430\u0437\u043d\u043e\u0433\u043b\u0430\u0441\u0438\u044f\u043c\u0438 \u043c\u0435\u0436\u0434\u0443 \u0440\u0430\u0431\u043e\u0442\u043e\u0434\u0430\u0442\u0435\u043b\u044f\u043c\u0438 \u0438 \u0440\u0430\u0431\u043e\u0442\u043d\u0438\u043a\u0430\u043c\u0438, \u043a\u043e\u0442\u043e\u0440\u044b\u0435 \u043c\u043e\u0433\u0443\u0442 \u043f\u0440\u0438\u0432\u0435\u0441\u0442\u0438 \u043a \u043d\u0435\u043e\u0431\u043e\u0441\u043d\u043e\u0432\u0430\u043d\u043d\u044b\u043c \u0441\u0430\u043d\u043a\u0446\u0438\u044f\u043c \u0438\u043b\u0438 \u0443\u0432\u043e\u043b\u044c\u043d\u0435\u043d\u0438\u044e.<\/h4>\n\n\n\n<div class=\"wp-block-uagb-separator uagb-block-cb99097d\"><div class=\"wp-block-uagb-separator__inner\" style=\"--my-background-image:\"><\/div><\/div>\n\n\n\n<p class=\"has-text-align-left\" style=\"margin-top:0px;margin-bottom:0px;padding-top:0px;padding-bottom:20px;font-style:normal;font-weight:400\">\u0422\u0440\u0443\u0434\u043e\u0432\u044b\u0435 \u043e\u0442\u043d\u043e\u0448\u0435\u043d\u0438\u044f \u0447\u0430\u0441\u0442\u043e \u044f\u0432\u043b\u044f\u044e\u0442\u0441\u044f \u043f\u0438\u0442\u0430\u0442\u0435\u043b\u044c\u043d\u043e\u0439 \u0441\u0440\u0435\u0434\u043e\u0439 \u0434\u043b\u044f \u043a\u043e\u043d\u0444\u043b\u0438\u043a\u0442\u043e\u0432. \u0412 \u0431\u043e\u043b\u044c\u0448\u0438\u043d\u0441\u0442\u0432\u0435 \u0441\u043b\u0443\u0447\u0430\u0435\u0432 \u043e\u043d\u0438 \u0432\u044b\u0437\u0432\u0430\u043d\u044b \u0440\u0430\u0437\u043d\u043e\u0433\u043b\u0430\u0441\u0438\u044f\u043c\u0438 \u043c\u0435\u0436\u0434\u0443 \u0440\u0430\u0431\u043e\u0442\u043e\u0434\u0430\u0442\u0435\u043b\u044f\u043c\u0438 \u0438 \u0440\u0430\u0431\u043e\u0442\u043d\u0438\u043a\u0430\u043c\u0438, \u043a\u043e\u0442\u043e\u0440\u044b\u0435 \u043c\u043e\u0433\u0443\u0442 \u043f\u0440\u0438\u0432\u0435\u0441\u0442\u0438 \u043a \u043d\u0435\u043e\u0431\u043e\u0441\u043d\u043e\u0432\u0430\u043d\u043d\u044b\u043c \u0441\u0430\u043d\u043a\u0446\u0438\u044f\u043c \u0438\u043b\u0438 \u0443\u0432\u043e\u043b\u044c\u043d\u0435\u043d\u0438\u044e.<\/p>\n\n\n\n<p class=\"has-text-align-left\" style=\"margin-top:0px;margin-bottom:0px;padding-top:0px;padding-bottom:20px;font-style:normal;font-weight:400\">\u041c\u044b \u0440\u0430\u0431\u043e\u0442\u0430\u0435\u043c \u0432 \u0441\u043b\u0435\u0434\u0443\u044e\u0449\u0438\u0445 \u043e\u0431\u043b\u0430\u0441\u0442\u044f\u0445:<\/p>\n\n\n\n<ul style=\"margin-right:0px;margin-left:0px;line-height:2.2\" class=\"wp-block-list custom-bullet\">\n<li>\u0418\u043d\u043e\u0441\u0442\u0440\u0430\u043d\u043d\u044b\u0435 \u0440\u0430\u0431\u043e\u0442\u043d\u0438\u043a\u0438 :\n<ul class=\"wp-block-list\">\n<li>\u0420\u0430\u0437\u0440\u0435\u0448\u0435\u043d\u0438\u044f \u043d\u0430 \u0440\u0430\u0431\u043e\u0442\u0443<strong>   <\/strong><a href=\"https:\/\/ksk-dev.eu\/wp-content\/uploads\/2025\/05\/WORK-permit.-presentation.pdf\"><strong><em>\u043e\u0437\u043d\u0430\u043a\u043e\u043c\u044c\u0442\u0435\u0441\u044c \u0441 \u043d\u0430\u0448\u0435\u0439 \u0431\u0440\u043e\u0448\u044e\u0440\u043e\u0439<\/em><\/strong> \u25b8<\/a><\/li>\n\n\n\n<li>\u0421\u0442\u0430\u0442\u0443\u0441 \u044d\u043a\u0441\u043f\u0430\u0442\u0440\u0438\u0430\u043d\u0442\u0430<\/li>\n\n\n\n<li>\u0420\u0430\u0437\u043c\u0435\u0449\u0435\u043d\u043d\u044b\u0435 \u0440\u0430\u0431\u043e\u0442\u043d\u0438\u043a\u0438<\/li>\n<\/ul>\n<\/li>\n\n\n\n<li>\u0422\u0440\u0430\u043d\u0441\u0433\u0440\u0430\u043d\u0438\u0447\u043d\u044b\u0435 \u0440\u0430\u0431\u043e\u0442\u043d\u0438\u043a\u0438;<\/li>\n\n\n\n<li>\u041e\u0431\u044f\u0437\u0430\u043d\u043d\u043e\u0441\u0442\u0438 \u0440\u0430\u0431\u043e\u0442\u043e\u0434\u0430\u0442\u0435\u043b\u044f \u0438 \u0440\u0430\u0431\u043e\u0442\u043d\u0438\u043a\u0430;<\/li>\n\n\n\n<li>\u041e\u0441\u043e\u0431\u044b\u0435 \u043c\u0435\u0440\u044b \u0437\u0430\u0449\u0438\u0442\u044b \u0434\u043b\u044f \u0437\u0430\u0449\u0438\u0449\u0435\u043d\u043d\u044b\u0445 \u0440\u0430\u0431\u043e\u0442\u043d\u0438\u043a\u043e\u0432 (\u043c\u043e\u043b\u043e\u0434\u044b\u0445 \u043b\u044e\u0434\u0435\u0439, \u0431\u0435\u0440\u0435\u043c\u0435\u043d\u043d\u044b\u0445 \u0436\u0435\u043d\u0449\u0438\u043d, \u043f\u0440\u0435\u0434\u0441\u0442\u0430\u0432\u0438\u0442\u0435\u043b\u0435\u0439 \u043f\u0440\u043e\u0444\u0441\u043e\u044e\u0437\u043e\u0432 \u0438 \u0442.\u0434.);<\/li>\n\n\n\n<li>\u041d\u043e\u0440\u043c\u044b \u0440\u0430\u0431\u043e\u0447\u0435\u0433\u043e \u0432\u0440\u0435\u043c\u0435\u043d\u0438;<\/li>\n\n\n\n<li><em>\u0414\u043e\u043b\u0436\u043d\u0430\u044f \u043e\u0441\u043c\u043e\u0442\u0440\u0438\u0442\u0435\u043b\u044c\u043d\u043e\u0441\u0442\u044c<\/em>&nbsp;\u043f\u0440\u0438\u0432\u0435\u0434\u0435\u043d\u0438\u0435 \u043a\u043e\u043c\u043f\u0430\u043d\u0438\u0438 \u0432 \u0441\u043e\u043e\u0442\u0432\u0435\u0442\u0441\u0442\u0432\u0438\u0435 \u0441 \u0442\u0440\u0443\u0434\u043e\u0432\u044b\u043c \u0437\u0430\u043a\u043e\u043d\u043e\u0434\u0430\u0442\u0435\u043b\u044c\u0441\u0442\u0432\u043e\u043c (\u0441\u043e\u0446\u0438\u0430\u043b\u044c\u043d\u044b\u0435 \u0438 \u043d\u043e\u0440\u043c\u0430\u0442\u0438\u0432\u043d\u044b\u0435 \u0434\u043e\u043a\u0443\u043c\u0435\u043d\u0442\u044b);<\/li>\n\n\n\n<li>\u041f\u0440\u043e\u0432\u0435\u0440\u043a\u0438 \u0441\u043e \u0441\u0442\u043e\u0440\u043e\u043d\u044b \u0442\u0440\u0443\u0434\u043e\u0432\u044b\u0445 \u0438\u043d\u0441\u043f\u0435\u043a\u0446\u0438\u0439;<\/li>\n\n\n\n<li>\u0423\u0433\u043e\u043b\u043e\u0432\u043d\u0430\u044f \u043e\u0442\u0432\u0435\u0442\u0441\u0442\u0432\u0435\u043d\u043d\u043e\u0441\u0442\u044c \u0440\u0430\u0431\u043e\u0442\u043e\u0434\u0430\u0442\u0435\u043b\u044f;<\/li>\n\n\n\n<li>\u041d\u0435\u0441\u0447\u0430\u0441\u0442\u043d\u044b\u0435 \u0441\u043b\u0443\u0447\u0430\u0438 \u043d\u0430 \u0440\u0430\u0431\u043e\u0442\u0435 \u0438\u043b\u0438 \u043f\u043e \u0434\u043e\u0440\u043e\u0433\u0435 \u043d\u0430 \u0440\u0430\u0431\u043e\u0442\u0443;<\/li>\n\n\n\n<li>\u041f\u0440\u043e\u0444\u0435\u0441\u0441\u0438\u043e\u043d\u0430\u043b\u044c\u043d\u044b\u0435 \u0437\u0430\u0431\u043e\u043b\u0435\u0432\u0430\u043d\u0438\u044f.<\/li>\n<\/ul>\n\n\n\n<p class=\"has-text-align-left\" style=\"margin-top:0px;margin-bottom:0px;padding-top:0px;padding-bottom:20px;font-style:normal;font-weight:400\">\u041c\u044b \u043f\u0440\u0435\u0434\u043b\u0430\u0433\u0430\u0435\u043c \u0441\u043b\u0435\u0434\u0443\u044e\u0449\u0438\u0435 \u0443\u0441\u043b\u0443\u0433\u0438:&nbsp;<\/p>\n\n\n\n<ul style=\"margin-right:0px;margin-left:0px;line-height:2.2\" class=\"wp-block-list custom-bullet\">\n<li>\u0421\u043e\u0441\u0442\u0430\u0432\u043b\u0435\u043d\u0438\u0435 \u0438\u043b\u0438 \u043f\u0435\u0440\u0435\u0441\u043c\u043e\u0442\u0440 \u0442\u0440\u0443\u0434\u043e\u0432\u044b\u0445 \u0434\u043e\u0433\u043e\u0432\u043e\u0440\u043e\u0432;<\/li>\n\n\n\n<li>\u0421\u043e\u0441\u0442\u0430\u0432\u043b\u0435\u043d\u0438\u0435 \u0440\u0430\u0431\u043e\u0447\u0438\u0445 \u0438\u043d\u0441\u0442\u0440\u0443\u043a\u0446\u0438\u0439;<\/li>\n\n\n\n<li>\u041f\u043e\u043b\u0443\u0447\u0435\u043d\u0438\u0435 \u0440\u0430\u0437\u0440\u0435\u0448\u0435\u043d\u0438\u0439 \u043d\u0430 \u0440\u0430\u0431\u043e\u0442\u0443 \u0434\u043b\u044f \u0438\u043d\u043e\u0441\u0442\u0440\u0430\u043d\u043d\u044b\u0445 \u0440\u0430\u0431\u043e\u0442\u043d\u0438\u043a\u043e\u0432;<\/li>\n\n\n\n<li>\u041f\u043e\u0434\u0433\u043e\u0442\u043e\u0432\u043a\u0430 \u0434\u043e\u043a\u0443\u043c\u0435\u043d\u0442\u043e\u0432 \u0434\u043b\u044f \u043f\u0435\u0440\u0435\u0433\u043e\u0432\u043e\u0440\u043e\u0432 \u0441 \u0440\u0430\u0431\u043e\u0442\u043e\u0434\u0430\u0442\u0435\u043b\u0435\u043c;<\/li>\n\n\n\n<li>\u0421\u043e\u0441\u0442\u0430\u0432\u043b\u0435\u043d\u0438\u0435 \u043f\u0440\u043e\u0435\u043a\u0442\u043e\u0432 \u0441\u0434\u0435\u043b\u043e\u043a;<\/li>\n\n\n\n<li>\u041f\u043e\u043c\u043e\u0449\u044c \u043f\u0440\u0438 \u043f\u0440\u043e\u0432\u0435\u0434\u0435\u043d\u0438\u0438 \u0442\u0440\u0443\u0434\u043e\u0432\u044b\u0445 \u0438\u043d\u0441\u043f\u0435\u043a\u0446\u0438\u0439.<\/li>\n<\/ul>\n<\/div>\n\n\n\n<div class=\"wp-block-uagb-container uag-hide-mob uagb-block-39ae5c9f\"><\/div>\n\n\n\n<div class=\"wp-block-uagb-buttons uagb-buttons__outer-wrap uagb-btn__medium-btn uagb-btn-tablet__default-btn uagb-btn-mobile__default-btn uagb-block-ab1f9ec0\"><div class=\"uagb-buttons__wrap uagb-buttons-layout-wrap\">\n<div data-aos= \"zoom-in\" data-aos-duration=\"400\" data-aos-delay=\"0\" data-aos-easing=\"ease\" data-aos-once=\"true\" class=\"wp-block-uagb-buttons-child uagb-buttons__outer-wrap uagb-block-103a6ebf wp-block-button\"><div class=\"uagb-button__wrapper\"><a class=\"uagb-buttons-repeater wp-block-button__link\" aria-label=\"\" href=\"https:\/\/ksk-dev.eu\/ru\/%d1%81%d0%b2%d1%8f%d0%b6%d0%b8%d1%82%d0%b5%d1%81%d1%8c-%d1%81\/\" rel=\"follow noopener\" target=\"_self\" role=\"button\"><div class=\"uagb-button__link\">\u0417\u0430\u043f\u0438\u0441\u0430\u0442\u044c\u0441\u044f \u043d\u0430 \u043f\u0440\u0438\u0435\u043c<\/div><\/a><\/div><\/div>\n<\/div><\/div>\n<\/div>\n<\/div><\/div>","protected":false},"excerpt":{"rendered":"<p>Travail Les relations de travail sont souvent le terrain de conflits. Dans la plupart des cas, ils sont caus\u00e9s par des d\u00e9saccords entre employeurs et employ\u00e9s, qui peuvent conduire \u00e0 des sanctions injustifi\u00e9es ou \u00e0 des licenciements Les relations de travail sont souvent le terrain de conflits. Dans la plupart des cas, ils sont caus\u00e9s [&hellip;]<\/p>","protected":false},"author":1,"featured_media":0,"parent":8,"menu_order":0,"comment_status":"closed","ping_status":"closed","template":"","meta":{"_uag_custom_page_level_css":"","site-sidebar-layout":"no-sidebar","site-content-layout":"plain-container","ast-site-content-layout":"normal-width-container","site-content-style":"unboxed","site-sidebar-style":"unboxed","ast-global-header-display":"","ast-banner-title-visibility":"","ast-main-header-display":"","ast-hfb-above-header-display":"","ast-hfb-below-header-display":"","ast-hfb-mobile-header-display":"","site-post-title":"disabled","ast-breadcrumbs-content":"","ast-featured-img":"disabled","footer-sml-layout":"","ast-disable-related-posts":"","theme-transparent-header-meta":"enabled","adv-header-id-meta":"","stick-header-meta":"","header-above-stick-meta":"","header-main-stick-meta":"","header-below-stick-meta":"","astra-migrate-meta-layouts":"set","ast-page-background-enabled":"default","ast-page-background-meta":{"desktop":{"background-color":"var(--ast-global-color-4)","background-image":"","background-repeat":"repeat","background-position":"center center","background-size":"auto","background-attachment":"scroll","background-type":"","background-media":"","overlay-type":"","overlay-color":"","overlay-opacity":"","overlay-gradient":""},"tablet":{"background-color":"","background-image":"","background-repeat":"repeat","background-position":"center center","background-size":"auto","background-attachment":"scroll","background-type":"","background-media":"","overlay-type":"","overlay-color":"","overlay-opacity":"","overlay-gradient":""},"mobile":{"background-color":"","background-image":"","background-repeat":"repeat","background-position":"center center","background-size":"auto","background-attachment":"scroll","background-type":"","background-media":"","overlay-type":"","overlay-color":"","overlay-opacity":"","overlay-gradient":""}},"ast-content-background-meta":{"desktop":{"background-color":"var(--ast-global-color-5)","background-image":"","background-repeat":"repeat","background-position":"center center","background-size":"auto","background-attachment":"scroll","background-type":"","background-media":"","overlay-type":"","overlay-color":"","overlay-opacity":"","overlay-gradient":""},"tablet":{"background-color":"var(--ast-global-color-5)","background-image":"","background-repeat":"repeat","background-position":"center center","background-size":"auto","background-attachment":"scroll","background-type":"","background-media":"","overlay-type":"","overlay-color":"","overlay-opacity":"","overlay-gradient":""},"mobile":{"background-color":"var(--ast-global-color-5)","background-image":"","background-repeat":"repeat","background-position":"center center","background-size":"auto","background-attachment":"scroll","background-type":"","background-media":"","overlay-type":"","overlay-color":"","overlay-opacity":"","overlay-gradient":""}},"footnotes":""},"class_list":["post-2479","page","type-page","status-publish","hentry"],"featured_image_src":null,"uagb_featured_image_src":{"full":false,"thumbnail":false,"medium":false,"medium_large":false,"large":false,"1536x1536":false,"2048x2048":false,"trp-custom-language-flag":false},"uagb_author_info":{"display_name":"ksenia.kozjanova@hotmail.com","author_link":"https:\/\/ksk-dev.eu\/ru\/author\/ksenia-kozjanovahotmail-com\/"},"uagb_comment_info":0,"uagb_excerpt":"Travail Les relations de travail sont souvent le terrain de conflits. Dans la plupart des cas, ils sont caus\u00e9s par des d\u00e9saccords entre employeurs et employ\u00e9s, qui peuvent conduire \u00e0 des sanctions injustifi\u00e9es ou \u00e0 des licenciements Les relations de travail sont souvent le terrain de conflits. Dans la plupart des cas, ils sont caus\u00e9s&hellip;","_links":{"self":[{"href":"https:\/\/ksk-dev.eu\/ru\/wp-json\/wp\/v2\/pages\/2479","targetHints":{"allow":["GET"]}}],"collection":[{"href":"https:\/\/ksk-dev.eu\/ru\/wp-json\/wp\/v2\/pages"}],"about":[{"href":"https:\/\/ksk-dev.eu\/ru\/wp-json\/wp\/v2\/types\/page"}],"author":[{"embeddable":true,"href":"https:\/\/ksk-dev.eu\/ru\/wp-json\/wp\/v2\/users\/1"}],"replies":[{"embeddable":true,"href":"https:\/\/ksk-dev.eu\/ru\/wp-json\/wp\/v2\/comments?post=2479"}],"version-history":[{"count":35,"href":"https:\/\/ksk-dev.eu\/ru\/wp-json\/wp\/v2\/pages\/2479\/revisions"}],"predecessor-version":[{"id":12605,"href":"https:\/\/ksk-dev.eu\/ru\/wp-json\/wp\/v2\/pages\/2479\/revisions\/12605"}],"up":[{"embeddable":true,"href":"https:\/\/ksk-dev.eu\/ru\/wp-json\/wp\/v2\/pages\/8"}],"wp:attachment":[{"href":"https:\/\/ksk-dev.eu\/ru\/wp-json\/wp\/v2\/media?parent=2479"}],"curies":[{"name":"wp","href":"https:\/\/api.w.org\/{rel}","templated":true}]}}