{"id":3729,"date":"2025-03-24T13:36:33","date_gmt":"2025-03-24T13:36:33","guid":{"rendered":"https:\/\/ksk-dev.eu\/?page_id=3729"},"modified":"2025-05-30T19:34:35","modified_gmt":"2025-05-30T17:34:35","slug":"%d0%bd%d0%b0%d1%88%d0%b8-%d1%82%d0%b0%d1%80%d0%b8%d1%84%d1%8b","status":"publish","type":"page","link":"https:\/\/ksk-dev.eu\/ru\/%d0%bd%d0%b0%d1%88%d0%b8-%d1%82%d0%b0%d1%80%d0%b8%d1%84%d1%8b\/","title":{"rendered":"\u041d\u0430\u0448\u0438 \u0442\u0430\u0440\u0438\u0444\u044b"},"content":{"rendered":"<div class=\"wp-block-uagb-container uagb-layout-flex uagb-block-b7d9dbc5 alignfull uagb-is-root-container\">\n<h2 class=\"wp-block-heading has-text-align-center has-ast-global-color-7-color has-text-color has-link-color wp-elements-8b7132be293ce28cada955551ad3ea2c\">\u041d\u0430\u0448\u0438 \u0442\u0430\u0440\u0438\u0444\u044b<\/h2>\n<\/div>\n\n\n\n<div class=\"wp-block-uagb-container uagb-block-64a911d4 alignfull uagb-is-root-container\">\n<div class=\"wp-block-uagb-container uagb-block-99f6b564 alignfull uagb-is-root-container\"><div class=\"uagb-container-inner-blocks-wrap\">\n<div class=\"wp-block-uagb-container uagb-block-45c0189b alignfull uagb-is-root-container\"><div class=\"uagb-container-inner-blocks-wrap\">\n<div data-aos= \"zoom-in\" data-aos-duration=\"400\" data-aos-delay=\"0\" data-aos-easing=\"ease\" data-aos-once=\"true\" class=\"wp-block-uagb-container uagb-block-e6fbe163\">\n<div class=\"wp-block-uagb-container uagb-block-e649000e\"><\/div>\n\n\n\n<h4 class=\"wp-block-heading has-text-align-center has-ast-global-color-2-color has-text-color has-link-color wp-elements-a039335ee9a5254a27a42771dae41e91\">\u041f\u043e\u0434\u0434\u0435\u0440\u0436\u043a\u0430 \u0431\u0440\u043e\u043a\u0435\u0440\u043e\u0432 \u0438 \u0441\u0442\u0440\u0430\u0445\u043e\u0432\u044b\u0445 \u043a\u043e\u043c\u043f\u0430\u043d\u0438\u0439<\/h4>\n<a class=\"spectra-container-link-overlay\" rel=\"noopener\" href=\"https:\/\/ksk-dev.eu\/ru\/%d0%bd%d0%b0%d1%88%d0%b8-%d1%82%d0%b0%d1%80%d0%b8%d1%84%d1%8b\/%d0%bf%d0%be%d0%b4%d0%b4%d0%b5%d1%80%d0%b6%d0%ba%d0%b0-%d0%b1%d1%80%d0%be%d0%ba%d0%b5%d1%80%d0%be%d0%b2-%d0%b8-%d1%81%d1%82%d1%80%d0%b0%d1%85%d0%be%d0%b2%d1%8b%d1%85-%d0%ba%d0%be%d0%bc%d0%bf%d0%b0\/\"> <\/a><\/div>\n\n\n\n<div data-aos= \"zoom-in\" data-aos-duration=\"400\" data-aos-delay=\"0\" data-aos-easing=\"ease\" data-aos-once=\"true\" class=\"wp-block-uagb-container uagb-block-9f4e12b0\">\n<div class=\"wp-block-uagb-container uagb-block-c676cbe0\"><\/div>\n\n\n\n<h4 class=\"wp-block-heading has-text-align-center has-ast-global-color-2-color has-text-color has-link-color wp-elements-3e8da1a386d50589d0cbdb8d6a20c3f1\">\u041f\u043e\u0434\u0434\u0435\u0440\u0436\u043a\u0430 \u0442\u0440\u0430\u043d\u0441\u043f\u043e\u0440\u0442\u043d\u044b\u0445 \u043a\u043e\u043c\u043f\u0430\u043d\u0438\u0439<\/h4>\n<a class=\"spectra-container-link-overlay\" rel=\"noopener\" href=\"https:\/\/ksk-dev.eu\/ru\/%d0%bd%d0%b0%d1%88%d0%b8-%d1%82%d0%b0%d1%80%d0%b8%d1%84%d1%8b\/%d0%bf%d0%be%d0%b4%d0%b4%d0%b5%d1%80%d0%b6%d0%ba%d0%b0-%d1%82%d1%80%d0%b0%d0%bd%d1%81%d0%bf%d0%be%d1%80%d1%82%d0%bd%d1%8b%d1%85-%d0%ba%d0%be%d0%bc%d0%bf%d0%b0%d0%bd%d0%b8%d0%b9\/\"> <\/a><\/div>\n\n\n\n<div data-aos= \"zoom-in\" data-aos-duration=\"400\" data-aos-delay=\"0\" data-aos-easing=\"ease\" data-aos-once=\"true\" class=\"wp-block-uagb-container uagb-block-d235b029\">\n<div class=\"wp-block-uagb-container uagb-block-1e977b8a\"><\/div>\n\n\n\n<h4 class=\"wp-block-heading has-text-align-center has-ast-global-color-2-color has-text-color has-link-color wp-elements-7b9569d0844ce380ca404f0974d1383f\">\u042d\u043b\u0435\u043a\u0442\u0440\u043e\u043d\u043d\u044b\u0439 \u0431\u0438\u0437\u043d\u0435\u0441<\/h4>\n<a class=\"spectra-container-link-overlay\" rel=\"noopener\" href=\"https:\/\/ksk-dev.eu\/ru\/%d1%8d%d0%ba%d1%81%d0%bf%d0%b5%d1%80%d1%82%d0%b8%d0%b7%d0%b0\/e-%d0%b1%d0%b8%d0%b7%d0%bd%d0%b5%d1%81\/\"> <\/a><\/div>\n\n\n\n<div data-aos= \"zoom-in\" data-aos-duration=\"400\" data-aos-delay=\"0\" data-aos-easing=\"ease\" data-aos-once=\"true\" class=\"wp-block-uagb-container uagb-block-70ef2fb4\">\n<div class=\"wp-block-uagb-container uagb-block-d08ee18a\"><\/div>\n\n\n\n<h4 class=\"wp-block-heading has-text-align-center has-ast-global-color-2-color has-text-color has-link-color wp-elements-663d68c0500aebb70f1bdcb3bf400315\">\u0412\u043d\u0443\u0442\u0440\u0435\u043d\u043d\u0438\u0439 \u044e\u0440\u0438\u0441\u0442<\/h4>\n<a class=\"spectra-container-link-overlay\" rel=\"noopener\" href=\"https:\/\/ksk-dev.eu\/ru\/%d1%8d%d0%ba%d1%81%d0%bf%d0%b5%d1%80%d1%82%d0%b8%d0%b7%d0%b0\/%d1%88%d1%82%d0%b0%d1%82%d0%bd%d1%8b%d0%b9-%d1%8e%d1%80%d0%b8%d1%81%d1%82\/\"> <\/a><\/div>\n\n\n\n<div data-aos= \"zoom-in\" data-aos-duration=\"400\" data-aos-delay=\"0\" data-aos-easing=\"ease\" data-aos-once=\"true\" class=\"wp-block-uagb-container uagb-block-5e248d7a\">\n<div class=\"wp-block-uagb-container uagb-block-1cb1af07\"><\/div>\n\n\n\n<h4 class=\"wp-block-heading has-text-align-center has-ast-global-color-2-color has-text-color has-link-color wp-elements-4b4a82144d5dd3bd024b900965122321\">\u0418\u043d\u0442\u0435\u043b\u043b\u0435\u043a\u0442\u0443\u0430\u043b\u044c\u043d\u0430\u044f \u0441\u043e\u0431\u0441\u0442\u0432\u0435\u043d\u043d\u043e\u0441\u0442\u044c<\/h4>\n<a class=\"spectra-container-link-overlay\" rel=\"noopener\" href=\"https:\/\/ksk-dev.eu\/ru\/%d1%8d%d0%ba%d1%81%d0%bf%d0%b5%d1%80%d1%82%d0%b8%d0%b7%d0%b0\/%d0%b8%d0%bd%d1%82%d0%b5%d0%bb%d0%bb%d0%b5%d0%ba%d1%82%d1%83%d0%b0%d0%bb%d1%8c%d0%bd%d0%b0%d1%8f-%d1%81%d0%be%d0%b1%d1%81%d1%82%d0%b2%d0%b5%d0%bd%d0%bd%d0%be%d1%81%d1%82%d1%8c\/\"> <\/a><\/div>\n\n\n\n<div data-aos= \"zoom-in\" data-aos-duration=\"400\" data-aos-delay=\"0\" data-aos-easing=\"ease\" data-aos-once=\"true\" class=\"wp-block-uagb-container uagb-block-c70f5bbe\">\n<div class=\"wp-block-uagb-container uagb-block-79d708f1\"><\/div>\n\n\n\n<h4 class=\"wp-block-heading has-text-align-center has-ast-global-color-2-color has-text-color has-link-color wp-elements-e5dc4f01c2478749a346452eef713024\">RGPD<\/h4>\n<a class=\"spectra-container-link-overlay\" rel=\"noopener\" href=\"https:\/\/ksk-dev.eu\/ru\/%d1%8d%d0%ba%d1%81%d0%bf%d0%b5%d1%80%d1%82%d0%b8%d0%b7%d0%b0\/rgpd\/\"> <\/a><\/div>\n<\/div><\/div>\n<\/div><\/div>\n<\/div>","protected":false},"excerpt":{"rendered":"<p>Nos tarifs Accompagnement courtiers et compagnies d&rsquo;assurance Accompagnement soci\u00e9t\u00e9s de transport E-business Juriste d&rsquo;entreprise Propri\u00e9t\u00e9 intellectuelle RGPD<\/p>","protected":false},"author":1,"featured_media":0,"parent":0,"menu_order":0,"comment_status":"closed","ping_status":"closed","template":"","meta":{"_uag_custom_page_level_css":".colon1{\n\topacity:0;\n\ttransition: opacity 2s ease-in-out;\n\t}\n\n.colon1.visible{\n\tanimation:fadeIn ease-in-out forwards;\n}\n\n@keyframes fadeIn{\n\tfrom {opacity:0;}\n\tto {opacity:1;}\n}","site-sidebar-layout":"no-sidebar","site-content-layout":"plain-container","ast-site-content-layout":"normal-width-container","site-content-style":"unboxed","site-sidebar-style":"unboxed","ast-global-header-display":"","ast-banner-title-visibility":"","ast-main-header-display":"","ast-hfb-above-header-display":"","ast-hfb-below-header-display":"","ast-hfb-mobile-header-display":"","site-post-title":"disabled","ast-breadcrumbs-content":"","ast-featured-img":"disabled","footer-sml-layout":"","ast-disable-related-posts":"","theme-transparent-header-meta":"enabled","adv-header-id-meta":"","stick-header-meta":"","header-above-stick-meta":"","header-main-stick-meta":"","header-below-stick-meta":"","astra-migrate-meta-layouts":"set","ast-page-background-enabled":"default","ast-page-background-meta":{"desktop":{"background-color":"var(--ast-global-color-4)","background-image":"","background-repeat":"repeat","background-position":"center center","background-size":"auto","background-attachment":"scroll","background-type":"","background-media":"","overlay-type":"","overlay-color":"","overlay-opacity":"","overlay-gradient":""},"tablet":{"background-color":"","background-image":"","background-repeat":"repeat","background-position":"center center","background-size":"auto","background-attachment":"scroll","background-type":"","background-media":"","overlay-type":"","overlay-color":"","overlay-opacity":"","overlay-gradient":""},"mobile":{"background-color":"","background-image":"","background-repeat":"repeat","background-position":"center center","background-size":"auto","background-attachment":"scroll","background-type":"","background-media":"","overlay-type":"","overlay-color":"","overlay-opacity":"","overlay-gradient":""}},"ast-content-background-meta":{"desktop":{"background-color":"var(--ast-global-color-5)","background-image":"","background-repeat":"repeat","background-position":"center center","background-size":"auto","background-attachment":"scroll","background-type":"","background-media":"","overlay-type":"","overlay-color":"","overlay-opacity":"","overlay-gradient":""},"tablet":{"background-color":"var(--ast-global-color-5)","background-image":"","background-repeat":"repeat","background-position":"center center","background-size":"auto","background-attachment":"scroll","background-type":"","background-media":"","overlay-type":"","overlay-color":"","overlay-opacity":"","overlay-gradient":""},"mobile":{"background-color":"var(--ast-global-color-5)","background-image":"","background-repeat":"repeat","background-position":"center center","background-size":"auto","background-attachment":"scroll","background-type":"","background-media":"","overlay-type":"","overlay-color":"","overlay-opacity":"","overlay-gradient":""}},"footnotes":""},"class_list":["post-3729","page","type-page","status-publish","hentry"],"featured_image_src":null,"uagb_featured_image_src":{"full":false,"thumbnail":false,"medium":false,"medium_large":false,"large":false,"1536x1536":false,"2048x2048":false,"trp-custom-language-flag":false},"uagb_author_info":{"display_name":"ksenia.kozjanova@hotmail.com","author_link":"https:\/\/ksk-dev.eu\/ru\/author\/ksenia-kozjanovahotmail-com\/"},"uagb_comment_info":0,"uagb_excerpt":"Nos tarifs Accompagnement courtiers et compagnies d&rsquo;assurance Accompagnement soci\u00e9t\u00e9s de transport E-business Juriste d&rsquo;entreprise Propri\u00e9t\u00e9 intellectuelle RGPD","_links":{"self":[{"href":"https:\/\/ksk-dev.eu\/ru\/wp-json\/wp\/v2\/pages\/3729","targetHints":{"allow":["GET"]}}],"collection":[{"href":"https:\/\/ksk-dev.eu\/ru\/wp-json\/wp\/v2\/pages"}],"about":[{"href":"https:\/\/ksk-dev.eu\/ru\/wp-json\/wp\/v2\/types\/page"}],"author":[{"embeddable":true,"href":"https:\/\/ksk-dev.eu\/ru\/wp-json\/wp\/v2\/users\/1"}],"replies":[{"embeddable":true,"href":"https:\/\/ksk-dev.eu\/ru\/wp-json\/wp\/v2\/comments?post=3729"}],"version-history":[{"count":1191,"href":"https:\/\/ksk-dev.eu\/ru\/wp-json\/wp\/v2\/pages\/3729\/revisions"}],"predecessor-version":[{"id":12580,"href":"https:\/\/ksk-dev.eu\/ru\/wp-json\/wp\/v2\/pages\/3729\/revisions\/12580"}],"wp:attachment":[{"href":"https:\/\/ksk-dev.eu\/ru\/wp-json\/wp\/v2\/media?parent=3729"}],"curies":[{"name":"wp","href":"https:\/\/api.w.org\/{rel}","templated":true}]}}