{"id":7611,"date":"2025-04-15T08:27:14","date_gmt":"2025-04-15T08:27:14","guid":{"rendered":"https:\/\/ksk-dev.eu\/?page_id=7611"},"modified":"2025-05-13T12:52:14","modified_gmt":"2025-05-13T10:52:14","slug":"cv-%d0%bc%d0%b0%d1%80%d0%b8%d1%8f-%d1%80%d1%83%d1%81%d0%b8","status":"publish","type":"page","link":"https:\/\/ksk-dev.eu\/ru\/cv-%d0%bc%d0%b0%d1%80%d0%b8%d1%8f-%d1%80%d1%83%d1%81%d0%b8\/","title":{"rendered":"\u0410\u0432\u0442\u043e\u0431\u0438\u043e\u0433\u0440\u0430\u0444\u0438\u044f - \u041c\u0430\u0440\u0438\u044f \u0420\u0443\u0437\u0438"},"content":{"rendered":"<div class=\"wp-block-uagb-container cv_intro_container uagb-layout-flex uagb-block-b7d9dbc5 alignfull uagb-is-root-container\">\n<div class=\"wp-block-uagb-container uagb-block-0e35b454\">\n<div class=\"wp-block-uagb-container uagb-block-3b09dc3d\">\n<div class=\"wp-block-uagb-container uagb-block-d6fcc8cf\"><\/div>\n\n\n\n<div class=\"wp-block-uagb-container uagb-block-e454b704\">\n<h2 class=\"wp-block-heading has-ast-global-color-7-color has-text-color has-link-color wp-elements-5ef9d96cef20b96603f716bad7b20d36\">\u041c\u0430\u0440\u0438\u044f \u0420\u0443\u0437\u0438<\/h2>\n\n\n\n<p class=\"has-ast-global-color-7-color has-text-color has-link-color wp-elements-186c88713db3154dc6b6e7de638a1cd6\">\u0427\u043b\u0435\u043d \u0431\u0440\u044e\u0441\u0441\u0435\u043b\u044c\u0441\u043a\u043e\u0439 \u043a\u043e\u043b\u043b\u0435\u0433\u0438\u0438 \u0430\u0434\u0432\u043e\u043a\u0430\u0442\u043e\u0432<\/p>\n\n\n\n<p class=\"has-ast-global-color-7-color has-text-color has-link-color wp-elements-2f16e2f9b5ad3fd795176de3d1004948\">\u0423\u0433\u043e\u043b\u043e\u0432\u043d\u043e\u0435 \u043f\u0440\u0430\u0432\u043e<\/p>\n\n\n\n<p class=\"has-ast-global-color-7-color has-text-color has-link-color wp-elements-b7f76c4fc708c59ada8cecd66719aa52\">FR - PT - EL<\/p>\n\n\n\n<div class=\"wp-block-uagb-separator uagb-block-6f4784fb\"><div class=\"uagb-separator-spacing-wrapper\"><div class=\"wp-block-uagb-separator__inner\" style=\"--my-background-image:\"><\/div><\/div><\/div>\n\n\n\n<p class=\"has-ast-global-color-5-color has-text-color has-link-color wp-elements-0652219f6a74cfd755d2b20e978182b7\" style=\"margin-top:0px;margin-bottom:0px\"><strong>Email: info@pravolex.be<\/strong><\/p>\n\n\n\n<p class=\"has-ast-global-color-5-color has-text-color has-link-color wp-elements-b3dd1052557a8fbbbaedfa3d932e4487\" style=\"margin-top:0px;margin-bottom:0px\"><strong>\u041c\u043e\u0431\u0438\u043b\u044c\u043d\u044b\u0439 \u0442\u0435\u043b\u0435\u0444\u043e\u043d: +32 493 41 98 68<\/strong><\/p>\n<\/div>\n<\/div>\n<\/div>\n\n\n\n<div class=\"wp-block-uagb-container uagb-block-1bd207f7\">\n<div class=\"wp-block-uagb-container uagb-block-a54e7b54 alignfull uagb-is-root-container\"><div class=\"uagb-container-inner-blocks-wrap\">\n<h4 class=\"wp-block-heading has-ast-global-color-2-color has-text-color has-link-color wp-elements-08e9740a8e0ab6deb12b6519572775e6\">\u041a\u0430\u0440\u044c\u0435\u0440\u0430<\/h4>\n\n\n\n<p class=\"has-text-align-left has-ast-global-color-3-color has-text-color has-link-color wp-elements-d766e4e2c371bd0c233d400400f8315a\">\u041c\u0430\u0440\u0438\u044f \u0420\u0443\u0437\u0438 - \u0432\u044b\u043f\u0443\u0441\u043a\u043d\u0438\u0446\u0430 \u0444\u0430\u043a\u0443\u043b\u044c\u0442\u0435\u0442\u0430 \u044d\u043a\u043e\u043d\u043e\u043c\u0438\u0447\u0435\u0441\u043a\u043e\u0433\u043e \u0438 \u0441\u043e\u0446\u0438\u0430\u043b\u044c\u043d\u043e\u0433\u043e \u043f\u0440\u0430\u0432\u0430 \u0411\u0440\u044e\u0441\u0441\u0435\u043b\u044c\u0441\u043a\u043e\u0433\u043e \u0421\u0432\u043e\u0431\u043e\u0434\u043d\u043e\u0433\u043e \u0423\u043d\u0438\u0432\u0435\u0440\u0441\u0438\u0442\u0435\u0442\u0430 (Universit\u00e9 Libre de Bruxelles).&nbsp;<\/p>\n\n\n\n<p class=\"has-link-color wp-elements-9f9892248cf175a2d07655383111d2fe\">\u041e\u043d\u0430 \u043e\u0431\u043e\u0433\u0430\u0442\u0438\u043b\u0430 \u0441\u0432\u043e\u044e \u043a\u0430\u0440\u044c\u0435\u0440\u0443, \u0440\u0430\u0431\u043e\u0442\u0430\u044f \u044e\u0440\u0438\u0441\u0442\u043e\u043c \u0432 \u044e\u0440\u0438\u0434\u0438\u0447\u0435\u0441\u043a\u043e\u0439 \u0444\u0438\u0440\u043c\u0435 \u043e\u0431\u0449\u0435\u0439 \u043f\u0440\u0430\u043a\u0442\u0438\u043a\u0438 \u0432 \u0414\u0435\u043c\u043e\u043a\u0440\u0430\u0442\u0438\u0447\u0435\u0441\u043a\u043e\u0439 \u0420\u0435\u0441\u043f\u0443\u0431\u043b\u0438\u043a\u0435 \u041a\u043e\u043d\u0433\u043e, - \u043e\u043f\u044b\u0442, \u043a\u043e\u0442\u043e\u0440\u044b\u0439 \u043f\u043e\u0437\u0432\u043e\u043b\u0438\u043b \u0435\u0439 \u0440\u0430\u0441\u0448\u0438\u0440\u0438\u0442\u044c \u0441\u0432\u043e\u0439 \u043a\u0440\u0443\u0433\u043e\u0437\u043e\u0440 \u0438 \u0440\u0430\u0437\u0432\u0438\u0442\u044c \u043e\u0442\u043b\u0438\u0447\u043d\u0443\u044e \u0441\u043f\u043e\u0441\u043e\u0431\u043d\u043e\u0441\u0442\u044c \u043a \u0430\u0434\u0430\u043f\u0442\u0430\u0446\u0438\u0438.<\/p>\n\n\n\n<p class=\"has-link-color wp-elements-3eed7d15a8515b3f6b854d4a31ef0c47\">\u0412\u0435\u0440\u043d\u0443\u0432\u0448\u0438\u0441\u044c \u0432 \u0411\u0435\u043b\u044c\u0433\u0438\u044e, \u041c\u0430\u0440\u0438\u044f \u0441\u0442\u0430\u043b\u0430 \u0447\u043b\u0435\u043d\u043e\u043c \u0444\u0440\u0430\u043d\u043a\u043e\u044f\u0437\u044b\u0447\u043d\u043e\u0439 \u043a\u043e\u043b\u043b\u0435\u0433\u0438\u0438 \u0430\u0434\u0432\u043e\u043a\u0430\u0442\u043e\u0432 \u0432 \u0411\u0440\u044e\u0441\u0441\u0435\u043b\u0435 \u0432 2023 \u0433\u043e\u0434\u0443. \u041f\u043e\u0441\u043b\u0435 \u043f\u0440\u0430\u043a\u0442\u0438\u043a\u0438 \u0432 \u043e\u0431\u043b\u0430\u0441\u0442\u0438 \u0433\u0440\u0430\u0436\u0434\u0430\u043d\u0441\u043a\u043e\u0433\u043e \u043f\u0440\u0430\u0432\u0430 \u043e\u043d\u0430 \u0440\u0435\u0448\u0438\u043b\u0430 \u0441\u043f\u0435\u0446\u0438\u0430\u043b\u0438\u0437\u0438\u0440\u043e\u0432\u0430\u0442\u044c\u0441\u044f \u043d\u0430 \u043e\u0431\u0449\u0435\u043c \u0443\u0433\u043e\u043b\u043e\u0432\u043d\u043e\u043c \u043f\u0440\u0430\u0432\u0435 \u0438 \u0443\u0433\u043e\u043b\u043e\u0432\u043d\u043e\u043c \u043f\u0440\u0430\u0432\u0435 \u0432 \u0441\u0444\u0435\u0440\u0435 \u0431\u0438\u0437\u043d\u0435\u0441\u0430 - \u043e\u0431\u043b\u0430\u0441\u0442\u044f\u0445, \u0432 \u043a\u043e\u0442\u043e\u0440\u044b\u0445 \u043e\u043d\u0430 \u0445\u043e\u0440\u043e\u0448\u043e \u0440\u0430\u0437\u0431\u0438\u0440\u0430\u0435\u0442\u0441\u044f.&nbsp;<\/p>\n\n\n\n<p class=\"has-link-color wp-elements-d427dbb7c46fd535fd42ddf9de1b503b\">\u0415\u0433\u043e \u043d\u0435\u0442\u0438\u043f\u0438\u0447\u043d\u0430\u044f \u0431\u0438\u043e\u0433\u0440\u0430\u0444\u0438\u044f \u043f\u043e\u0437\u0432\u043e\u043b\u044f\u0435\u0442 \u0435\u043c\u0443 \u043f\u0440\u0438\u043c\u0435\u043d\u044f\u0442\u044c \u0433\u043b\u043e\u0431\u0430\u043b\u044c\u043d\u044b\u0439 \u0438 \u0442\u043e\u043d\u043a\u0438\u0439 \u043f\u043e\u0434\u0445\u043e\u0434 \u043a \u043f\u043e\u0440\u0443\u0447\u0435\u043d\u043d\u044b\u043c \u0435\u043c\u0443 \u0434\u0435\u043b\u0430\u043c.<\/p>\n\n\n\n<p class=\"has-link-color wp-elements-e2470a2425af4c6e9ea7a3ecb72281ca\">\u0412 \u043d\u0435\u043c \u0440\u0430\u0441\u0441\u043c\u0430\u0442\u0440\u0438\u0432\u0430\u044e\u0442\u0441\u044f \u0443\u0431\u0438\u0439\u0441\u0442\u0432\u0430, \u043d\u0430\u043f\u0430\u0434\u0435\u043d\u0438\u044f \u0438 \u043f\u043e\u0431\u043e\u0438, \u043a\u0440\u0430\u0436\u0438 \u0438 \u0432\u044b\u043c\u043e\u0433\u0430\u0442\u0435\u043b\u044c\u0441\u0442\u0432\u0430, \u043e\u0431\u0440\u0430\u0449\u0435\u043d\u0438\u0435 \u0441 \u043a\u0440\u0430\u0434\u0435\u043d\u044b\u043c\u0438 \u0432\u0435\u0449\u0430\u043c\u0438, \u043f\u0440\u0435\u0441\u0442\u0443\u043f\u043b\u0435\u043d\u0438\u044f, \u0441\u0432\u044f\u0437\u0430\u043d\u043d\u044b\u0435 \u0441 \u043d\u0430\u0440\u043a\u043e\u0442\u0438\u043a\u0430\u043c\u0438, \u043f\u0440\u0435\u0441\u0442\u0443\u043f\u043d\u044b\u0439 \u0441\u0433\u043e\u0432\u043e\u0440, \u043e\u0440\u0433\u0430\u043d\u0438\u0437\u0430\u0446\u0438\u044f \u043f\u0440\u0435\u0441\u0442\u0443\u043f\u043d\u043e\u0433\u043e \u0441\u043e\u043e\u0431\u0449\u0435\u0441\u0442\u0432\u0430 \u0438 \u0442\u043e\u0440\u0433\u043e\u0432\u043b\u044f \u043b\u044e\u0434\u044c\u043c\u0438.<\/p>\n\n\n\n<p class=\"has-link-color wp-elements-6ddbc36318d833914a191d8d806300e0\">\u041c\u0430\u0440\u0438\u044f \u043f\u043e\u043b\u043d\u043e\u0441\u0442\u044c\u044e \u043f\u043e\u0441\u0432\u044f\u0449\u0430\u0435\u0442 \u0441\u0435\u0431\u044f \u0437\u0430\u0449\u0438\u0442\u0435 \u0441\u0432\u043e\u0438\u0445 \u043a\u043b\u0438\u0435\u043d\u0442\u043e\u0432 \u0432\u043e \u0432\u0441\u0435\u0445 \u0430\u0441\u043f\u0435\u043a\u0442\u0430\u0445 \u0443\u0433\u043e\u043b\u043e\u0432\u043d\u043e\u0433\u043e \u043f\u0440\u0430\u0432\u0430, \u043f\u0440\u0435\u0434\u0441\u0442\u0430\u0432\u043b\u044f\u044f \u0438\u043d\u0442\u0435\u0440\u0435\u0441\u044b \u043e\u0431\u0432\u0438\u043d\u044f\u0435\u043c\u044b\u0445 \u0438 \u0436\u0435\u0440\u0442\u0432 \u0432 \u0441\u043e\u043e\u0442\u0432\u0435\u0442\u0441\u0442\u0432\u0443\u044e\u0449\u0438\u0445 \u0441\u0443\u0434\u0430\u0445. \u041e\u043d\u0430 \u0442\u0430\u043a\u0436\u0435 \u0441\u043e\u043f\u0440\u043e\u0432\u043e\u0436\u0434\u0430\u0435\u0442 \u043f\u043e\u0434\u043e\u0437\u0440\u0435\u0432\u0430\u0435\u043c\u044b\u0445, \u0436\u0435\u0440\u0442\u0432 \u0438 \u0441\u0432\u0438\u0434\u0435\u0442\u0435\u043b\u0435\u0439 \u0432\u043e \u0432\u0440\u0435\u043c\u044f \u0441\u043b\u0443\u0448\u0430\u043d\u0438\u0439 \u0432 \u0421\u0430\u043b\u0434\u0443\u0437\u0435, \u043e\u0431\u0435\u0441\u043f\u0435\u0447\u0438\u0432\u0430\u044f \u0441\u043e\u0431\u043b\u044e\u0434\u0435\u043d\u0438\u0435 \u0438\u0445 \u043e\u0441\u043d\u043e\u0432\u043d\u044b\u0445 \u043f\u0440\u0430\u0432.<\/p>\n\n\n\n<p class=\"has-link-color wp-elements-0bdf085521ab1fb88abf992e87d000a7\">\u0415\u0436\u0435\u0434\u043d\u0435\u0432\u043d\u043e \u043f\u0440\u0430\u043a\u0442\u0438\u043a\u0443\u044f \u043f\u0440\u0430\u0432\u043e \u0434\u043e\u0440\u043e\u0436\u043d\u043e\u0433\u043e \u0434\u0432\u0438\u0436\u0435\u043d\u0438\u044f, \u043e\u043d\u0430 \u0437\u0430\u0449\u0438\u0449\u0430\u0435\u0442 \u0441\u0432\u043e\u0438\u0445 \u043a\u043b\u0438\u0435\u043d\u0442\u043e\u0432 \u0432 \u043f\u043e\u043b\u0438\u0446\u0435\u0439\u0441\u043a\u0438\u0445 \u0441\u0443\u0434\u0430\u0445, \u043f\u0440\u0435\u0434\u043b\u0430\u0433\u0430\u044f \u043f\u0435\u0440\u0435\u0434\u043e\u0432\u043e\u0439 \u043e\u043f\u044b\u0442 \u0432 \u044d\u0442\u043e\u0439 \u0441\u043f\u0435\u0446\u0438\u0444\u0438\u0447\u0435\u0441\u043a\u043e\u0439 \u043e\u0431\u043b\u0430\u0441\u0442\u0438.<\/p>\n\n\n\n<p class=\"has-text-align-left has-ast-global-color-3-color has-text-color has-link-color wp-elements-3ddbde25e1f66358a645e980e104f248\">\u0412\u043b\u0430\u0434\u0435\u044f \u0444\u0440\u0430\u043d\u0446\u0443\u0437\u0441\u043a\u0438\u043c \u0438 \u0433\u0440\u0435\u0447\u0435\u0441\u043a\u0438\u043c \u044f\u0437\u044b\u043a\u0430\u043c\u0438, \u043e\u043d\u0430 \u0441\u043f\u043e\u0441\u043e\u0431\u043d\u0430 \u0443\u0434\u043e\u0432\u043b\u0435\u0442\u0432\u043e\u0440\u0438\u0442\u044c \u043f\u043e\u0442\u0440\u0435\u0431\u043d\u043e\u0441\u0442\u0438 \u0441\u0430\u043c\u044b\u0445 \u0440\u0430\u0437\u043d\u044b\u0445 \u043a\u043b\u0438\u0435\u043d\u0442\u043e\u0432.&nbsp;<\/p>\n<\/div><\/div>\n<\/div>\n\n\n\n<div class=\"wp-block-uagb-container uagb-block-b7b2e796 alignfull uagb-is-root-container\"><div class=\"uagb-container-inner-blocks-wrap\">\n<div class=\"wp-block-uagb-container uagb-block-d01025f8\">\n<h4 class=\"wp-block-heading\">\u0414\u0440\u0443\u0433\u0438\u0435 \u043d\u0430\u0448\u0438 \u0441\u043f\u0435\u0446\u0438\u0430\u043b\u0438\u0441\u0442\u044b<\/h4>\n\n\n\n<div class=\"wp-block-uagb-container uagb-block-cf345c93 alignfull uagb-is-root-container\">\n<div class=\"wp-block-uagb-container uagb-block-1987c3a2\">\n<div class=\"wp-block-uagb-container uagb-block-4ff49676\">\n<div class=\"wp-block-uagb-container member_photo uagb-block-7140196a\"><\/div>\n\n\n\n<h5 class=\"wp-block-heading has-text-align-center has-ast-global-color-0-color has-text-color has-link-color wp-elements-3cf16ba8829753db52e8b90cde6d3abb\" style=\"font-size:1.1rem\">\u0410\u043d\u043d\u0430 \u0421\u0443\u0441\u0441\u0430\u0440\u043e\u0432\u0430<\/h5>\n\n\n\n<p class=\"has-text-align-center has-ast-global-color-1-color has-text-color has-link-color wp-elements-db337ff11b26bc79700619750750944e\" style=\"margin-top:0px;margin-bottom:0px;font-size:1rem;font-style:normal;font-weight:400\"><a href=\"https:\/\/ksk-dev.eu\/ru\/cv-%d0%b0%d0%bd%d0%bd%d0%b0-%d1%81%d1%83%d1%81%d1%81%d0%b0%d1%80%d0%be%d0%b2%d0%b0\/\" data-type=\"page\" data-id=\"7412\">\u0441\u043c. \u043f\u0440\u043e\u0444\u0438\u043b\u044c<\/a> \u25b8<\/p>\n<\/div>\n\n\n\n<div class=\"wp-block-uagb-container uagb-block-78d36bf7\">\n<div class=\"wp-block-uagb-container membercard_photo uagb-block-921de996\"><a class=\"spectra-container-link-overlay\" rel=\"noopener\" href=\"https:\/\/ksk-dev.eu\/ru\/cv-anna-kolesnikova-2\/\"> <\/a><\/div>\n\n\n\n<h5 class=\"wp-block-heading has-text-align-center has-ast-global-color-0-color has-text-color has-link-color wp-elements-85e963a9ec910ab33e2a2f82bed256fd\" style=\"font-size:1.1rem\">\u0410\u043d\u043d\u0430 \u041a\u043e\u043b\u0435\u0441\u043d\u0438\u043a\u043e\u0432\u0430<\/h5>\n\n\n\n<p class=\"has-text-align-center has-ast-global-color-1-color has-text-color has-link-color wp-elements-434aa0724946c8ef4aeaa162c0261c55\" style=\"margin-top:0px;margin-bottom:0px;font-size:1rem;font-style:normal;font-weight:400\"><a href=\"https:\/\/ksk-dev.eu\/ru\/cv-%d0%b0%d0%bd%d0%bd%d0%b0-%d0%ba%d0%be%d0%bb%d0%b5%d1%81%d0%bd%d0%b8%d0%ba%d0%be%d0%b2%d0%b0\/\" data-type=\"page\" data-id=\"7613\">\u0441\u043c. \u043f\u0440\u043e\u0444\u0438\u043b\u044c<\/a> \u25b8<\/p>\n<\/div>\n\n\n\n<div class=\"wp-block-uagb-container uagb-block-6d00c2de\">\n<div class=\"wp-block-uagb-container membercard_photo uagb-block-408da649\"><a class=\"spectra-container-link-overlay\" rel=\"noopener\" href=\"https:\/\/ksk-dev.eu\/ru\/cv-%d0%b0%d0%bd%d0%bd%d0%b0-%d0%ba%d0%be%d0%bb%d0%b5%d1%81%d0%bd%d0%b8%d0%ba%d0%be%d0%b2%d0%b0\/\"> <\/a><\/div>\n\n\n\n<h5 class=\"wp-block-heading has-text-align-center has-ast-global-color-0-color has-text-color has-link-color wp-elements-10aab2cef458ef1f8c3170c85296cda5\" style=\"font-size:1.1rem\">\u041a\u044d\u0442\u0440\u0438\u043d \u0414\u0438\u043c\u0430\u043a\u0443\u0438\u0437\u0430<\/h5>\n\n\n\n<p class=\"has-text-align-center has-ast-global-color-1-color has-text-color has-link-color wp-elements-e8391a0b45bdaddcff36fd01231c33c8\" style=\"margin-top:0px;margin-bottom:0px;font-size:1rem;font-style:normal;font-weight:400\"><a href=\"https:\/\/ksk-dev.eu\/ru\/cv-%d0%b0%d0%bd%d0%bd%d0%b0-%d0%ba%d0%be%d0%bb%d0%b5%d1%81%d0%bd%d0%b8%d0%ba%d0%be%d0%b2%d0%b0\/\" data-type=\"page\" data-id=\"7609\"><\/a><a href=\"https:\/\/ksk-dev.eu\/ru\/cv-catherine-dimakuiza\/\" data-type=\"page\" data-id=\"7609\">\u0441\u043c. \u043f\u0440\u043e\u0444\u0438\u043b\u044c<\/a> \u25b8<\/p>\n<\/div>\n<\/div>\n<\/div>\n<\/div>\n<\/div><\/div>\n<\/div>","protected":false},"excerpt":{"rendered":"<p>Maria Rousi Avocate au Barreau de Bruxelles Droit P\u00e9nal FR &#8211; PT &#8211; EL Email: info@pravolex.be Mobile: +32 493 41 98 68 A Propos \u200bMaria Rousi est dipl\u00f4m\u00e9e de la Facult\u00e9 de Droit \u00e0 finalit\u00e9 \u00e9conomique et sociale de l&rsquo;Universit\u00e9 Libre de Bruxelles.&nbsp; Elle a enrichi son parcours en travaillant comme juriste au sein d&rsquo;un [&hellip;]<\/p>","protected":false},"author":1,"featured_media":0,"parent":0,"menu_order":0,"comment_status":"closed","ping_status":"closed","template":"","meta":{"_uag_custom_page_level_css":"","site-sidebar-layout":"no-sidebar","site-content-layout":"plain-container","ast-site-content-layout":"normal-width-container","site-content-style":"unboxed","site-sidebar-style":"unboxed","ast-global-header-display":"","ast-banner-title-visibility":"","ast-main-header-display":"","ast-hfb-above-header-display":"","ast-hfb-below-header-display":"","ast-hfb-mobile-header-display":"","site-post-title":"disabled","ast-breadcrumbs-content":"","ast-featured-img":"disabled","footer-sml-layout":"","ast-disable-related-posts":"","theme-transparent-header-meta":"enabled","adv-header-id-meta":"","stick-header-meta":"","header-above-stick-meta":"","header-main-stick-meta":"","header-below-stick-meta":"","astra-migrate-meta-layouts":"set","ast-page-background-enabled":"default","ast-page-background-meta":{"desktop":{"background-color":"var(--ast-global-color-4)","background-image":"","background-repeat":"repeat","background-position":"center center","background-size":"auto","background-attachment":"scroll","background-type":"","background-media":"","overlay-type":"","overlay-color":"","overlay-opacity":"","overlay-gradient":""},"tablet":{"background-color":"","background-image":"","background-repeat":"repeat","background-position":"center center","background-size":"auto","background-attachment":"scroll","background-type":"","background-media":"","overlay-type":"","overlay-color":"","overlay-opacity":"","overlay-gradient":""},"mobile":{"background-color":"","background-image":"","background-repeat":"repeat","background-position":"center center","background-size":"auto","background-attachment":"scroll","background-type":"","background-media":"","overlay-type":"","overlay-color":"","overlay-opacity":"","overlay-gradient":""}},"ast-content-background-meta":{"desktop":{"background-color":"var(--ast-global-color-5)","background-image":"","background-repeat":"repeat","background-position":"center center","background-size":"auto","background-attachment":"scroll","background-type":"","background-media":"","overlay-type":"","overlay-color":"","overlay-opacity":"","overlay-gradient":""},"tablet":{"background-color":"var(--ast-global-color-5)","background-image":"","background-repeat":"repeat","background-position":"center center","background-size":"auto","background-attachment":"scroll","background-type":"","background-media":"","overlay-type":"","overlay-color":"","overlay-opacity":"","overlay-gradient":""},"mobile":{"background-color":"var(--ast-global-color-5)","background-image":"","background-repeat":"repeat","background-position":"center center","background-size":"auto","background-attachment":"scroll","background-type":"","background-media":"","overlay-type":"","overlay-color":"","overlay-opacity":"","overlay-gradient":""}},"footnotes":""},"class_list":["post-7611","page","type-page","status-publish","hentry"],"featured_image_src":null,"uagb_featured_image_src":{"full":false,"thumbnail":false,"medium":false,"medium_large":false,"large":false,"1536x1536":false,"2048x2048":false,"trp-custom-language-flag":false},"uagb_author_info":{"display_name":"ksenia.kozjanova@hotmail.com","author_link":"https:\/\/ksk-dev.eu\/ru\/author\/ksenia-kozjanovahotmail-com\/"},"uagb_comment_info":0,"uagb_excerpt":"Maria Rousi Avocate au Barreau de Bruxelles Droit P\u00e9nal FR &#8211; PT &#8211; EL Email: info@pravolex.be Mobile: +32 493 41 98 68 A Propos \u200bMaria Rousi est dipl\u00f4m\u00e9e de la Facult\u00e9 de Droit \u00e0 finalit\u00e9 \u00e9conomique et sociale de l&rsquo;Universit\u00e9 Libre de Bruxelles.&nbsp; Elle a enrichi son parcours en travaillant comme juriste au sein d&rsquo;un&hellip;","_links":{"self":[{"href":"https:\/\/ksk-dev.eu\/ru\/wp-json\/wp\/v2\/pages\/7611","targetHints":{"allow":["GET"]}}],"collection":[{"href":"https:\/\/ksk-dev.eu\/ru\/wp-json\/wp\/v2\/pages"}],"about":[{"href":"https:\/\/ksk-dev.eu\/ru\/wp-json\/wp\/v2\/types\/page"}],"author":[{"embeddable":true,"href":"https:\/\/ksk-dev.eu\/ru\/wp-json\/wp\/v2\/users\/1"}],"replies":[{"embeddable":true,"href":"https:\/\/ksk-dev.eu\/ru\/wp-json\/wp\/v2\/comments?post=7611"}],"version-history":[{"count":28,"href":"https:\/\/ksk-dev.eu\/ru\/wp-json\/wp\/v2\/pages\/7611\/revisions"}],"predecessor-version":[{"id":11839,"href":"https:\/\/ksk-dev.eu\/ru\/wp-json\/wp\/v2\/pages\/7611\/revisions\/11839"}],"wp:attachment":[{"href":"https:\/\/ksk-dev.eu\/ru\/wp-json\/wp\/v2\/media?parent=7611"}],"curies":[{"name":"wp","href":"https:\/\/api.w.org\/{rel}","templated":true}]}}